{"id":606030,"date":"2025-08-10T17:17:46","date_gmt":"2025-08-10T15:17:46","guid":{"rendered":"https:\/\/lucacastelli.com\/prodotto\/milwaukee-m18fpp6g3-502b-kit-6-sechskantschraubendreher-werkzeuge\/"},"modified":"2025-08-10T17:17:46","modified_gmt":"2025-08-10T15:17:46","slug":"milwaukee-m18fpp6g3-502b-kit-6-sechskantschraubendreher-werkzeuge","status":"publish","type":"product","link":"https:\/\/lucacastelli.com\/de\/produkt\/milwaukee-m18fpp6g3-502b-kit-6-sechskantschraubendreher-werkzeuge\/","title":{"rendered":"MILWAUKEE M18FPP6G3-502B \/KIT 6 SECHSKANTSCHRAUBENDREHER WERKZEUGE"},"content":{"rendered":"<p>M18FPP6G3-502B \/KIT 6 HEX AVV TOOLS<br \/>\nM18FPD3-0X Akku-Bohrhammer;13 mm Ganzmetallbohrfutter mit Hartmetallz\u00e4hnen f\u00fcr maximale Haltbarkeit und Bohrerhalt;Unerreichte Leistung und maximale Laufzeit mit M18 5,0 Ah Akkus;Ganzmetall-G\u00fcrtelclip;LED-Leuchten an der Vorderseite zur Ausleuchtung des Arbeitsbereichs;Nur 175 mm lang. Erm\u00f6glicht den Zugang selbst zu den engsten Stellen;POWERSTATE\u2122 b\u00fcrstenloser Motor liefert maximales Drehmoment, um die Arbeit zu erledigen;Dank der AUTOSTOP\u2122 Funktion sch\u00fctzt die Bohrmaschine den Bediener vor einer \u00dcberdrehung des Gliedes. Der M18 FPD3 h\u00e4lt n\u00e4mlich automatisch an, sch\u00fctzt den Benutzer und signalisiert die Aktivierung der AUTOSTOP\u2122-Funktion durch das Aufleuchten einer Kontrollleuchte an der Unterseite der Bohrmaschine;Die mechanische Kupplung erm\u00f6glicht die Verwendung einer breiten Palette von Schraubengr\u00f6\u00dfen und -typen;Der ZollPercussion-Modus sollte zum Bohren in Mauern, Ziegeln und Beton aktiviert werden;158 Nm Drehmoment;Funktioniert mit allen M18\u2122 Milwaukee\u00ae-Akkus;M18FID3-0X Akku-Schlagschrauber;226 Nm Drehmoment;Einh\u00e4ndiges Einsetzen des Bits;Ganzmetall-G\u00fcrtelhaken;Der Leistungsst\u00e4rkste;Kontrollierte Beschleunigungsfunktion (Ultimate Trigger Control);Kompromisslose Geschwindigkeit, Kraft und Kontrolle auf der Baustelle;Drei LED-Leuchten an der Vorderseite leuchten den Arbeitsbereich perfekt aus;4-Gang ZollDrive ControlZoll;3900 U\/min;1.0 kg Gewicht;Kompatibel mit allen M18-Akkus und -Ladeger\u00e4ten;M18FCS552-0X Akku-Kreiss\u00e4ge;Die M18 FUEL-Kreiss\u00e4ge erzeugt die gleiche Leistung wie eine kabelgebundene Maschine mit den gleichen Funktionen. Schneidet bis zu 200 St\u00fccke 90 x 45 mm Kiefernholz mit einer 3.0 Ah HIGH OUTPUT\u2122-Akkupack;Magnesiumst\u00e4nder reduziert das Gewicht und maximiert die Festigkeit;Metallhalterung;Verwendet 165-mm-S\u00e4gebl\u00e4tter mit einer Schnitttiefe von 57 mm, mit denen du drei 3&#215;18-mm-Sperrholzst\u00fccke \u00fcbereinander schneiden kannst;Wird mit DEK26-Adapter geliefert, damit er mit Staubsaugern aus dem Milwaukee\u00ae-Sortiment verbunden werden kann;Integrierte LED zur Beleuchtung der Arbeitsfl\u00e4che;Ein Luftstrahl h\u00e4lt die Schnittfl\u00e4che sauber;Schneidet in Winkeln von bis zu 50 Grad;FUEL-Technologie definiert schnurlose Elektrowerkzeuge neu. Der b\u00fcrstenlose Motor, die REDLINK PLUS\u2122-Elektronik und der REDLITHIUM\u2122-Akku bieten \u00fcberragende Leistung und Langlebigkeit;Funktioniert mit allen M18 Milwaukee\u00ae-Akkus;M18FSZ-0X Akku-Gerads\u00e4ge;B\u00fcrstenloser POWERSTATE\u2122-Motor f\u00fcr 5-mal l\u00e4ngere Lebensdauer und bis zu 30 % schnellere Schnitte;Patentierte Schutzkupplung &#8211; erh\u00f6ht die Lebensdauer des Getriebes, indem sie ein pl\u00f6tzliches Blockieren des S\u00e4geblatts auff\u00e4ngt;FIXTEC\u2122 S\u00e4geblattklemme erm\u00f6glicht einen schnellen und einfachen S\u00e4geblattwechsel;Metall-Akkuanschlussschutz f\u00fcr erh\u00f6hte Haltbarkeit und Lebensdauer;LED-Licht zur Ausleuchtung des Arbeitsbereichs;Schwenkbarer Schuh f\u00fcr optimalen Einsatz beim Schneiden;Akkuladestandsanzeige;Haltbarer Haken zur Aufbewahrung oder zum Aufh\u00e4ngen des Werkzeugs aus Platz- oder Sicherheitsgr\u00fcnden;FUEL-Technologie definiert Akku-Elektrowerkzeuge neu.    Der b\u00fcrstenlose Motor, die REDLINK PLUS\u2122-Elektronik und der REDLITHIUM\u2122-Akku bieten \u00fcberragende Leistung und Langlebigkeit;Funktioniert mit allen M18-Akkus;M18FSAG125X-0X Akku-Winkelschleifer mit Bremse;Liefert 1.200 W;Reduzierte Kopfgr\u00f6\u00dfe und optimiertes Akkugeh\u00e4use: maximale Man\u00f6vrierf\u00e4higkeit;AVS-Anti-Vibrations-Seitengriff;FIXTEC\u2122-System f\u00fcr werkzeuglosen Scheibenwechsel;Ergonomischer Handgriff;Abnehmbare Staubschutzhaube, um den Motor vor abrasivem Staub zu sch\u00fctzen;Schnellwechselhaube: maximale Schneidkapazit\u00e4t und schnelle Einstellung;Schutz vor unbeabsichtigtem Wiederanlauf;FUEL-Technologie definiert Akku-Elektrowerkzeuge neu. B\u00fcrstenloser Motor, REDLINK PLUS\u2122-Elektronik und REDLITHIUM\u2122-Akku bieten \u00fcberragende Leistung und Langlebigkeit;Funktioniert mit allen M18-Akkus;M18TLED-0 Akku-Taschenlampe;120 Lumen LED-Licht &#8211; 2X heller als Gl\u00fchlampen;2X l\u00e4ngere Laufzeit dank elektronischer LEDs;Aluminiumkopf f\u00fcr h\u00f6here Schlagfestigkeit;135\u00b0 drehbarer Kopf;Integrierter Haken;18V-Akku betriebene Plattform: Funktioniert mit allen Milwaukee M18 Akkus <\/p>\n<p>4933498658<br \/>\n4058546525279<\/p>\n","protected":false},"excerpt":{"rendered":"<p>M18FPP6G3-502B \/SATZ 6 SCHRAUBENDREHER WERKZEUGE HEX<\/p>\n","protected":false},"featured_media":600739,"template":"","meta":{"_seopress_robots_primary_cat":"","_seopress_titles_title":"","_seopress_titles_desc":"","_seopress_robots_index":""},"product_brand":[3407],"product_cat":[5531,29],"product_tag":[3270],"class_list":{"0":"post-606030","1":"product","2":"type-product","3":"status-publish","4":"has-post-thumbnail","6":"product_brand-milwaukee","7":"product_cat-vari-macchinari-milwaukee","8":"product_cat-macchinari","9":"product_tag-import-milwau","10":"sws-conto-ricavi-merci-rivendita-macchinari-de","11":"sws-gruppo-iva-iva81-de","13":"first","14":"onbackorder","15":"sale","16":"shipping-taxable","17":"purchasable","18":"product-type-simple"},"_links":{"self":[{"href":"https:\/\/lucacastelli.com\/de\/wp-json\/wp\/v2\/product\/606030","targetHints":{"allow":["GET"]}}],"collection":[{"href":"https:\/\/lucacastelli.com\/de\/wp-json\/wp\/v2\/product"}],"about":[{"href":"https:\/\/lucacastelli.com\/de\/wp-json\/wp\/v2\/types\/product"}],"wp:featuredmedia":[{"embeddable":true,"href":"https:\/\/lucacastelli.com\/de\/wp-json\/wp\/v2\/media\/600739"}],"wp:attachment":[{"href":"https:\/\/lucacastelli.com\/de\/wp-json\/wp\/v2\/media?parent=606030"}],"wp:term":[{"taxonomy":"product_brand","embeddable":true,"href":"https:\/\/lucacastelli.com\/de\/wp-json\/wp\/v2\/product_brand?post=606030"},{"taxonomy":"product_cat","embeddable":true,"href":"https:\/\/lucacastelli.com\/de\/wp-json\/wp\/v2\/product_cat?post=606030"},{"taxonomy":"product_tag","embeddable":true,"href":"https:\/\/lucacastelli.com\/de\/wp-json\/wp\/v2\/product_tag?post=606030"}],"curies":[{"name":"wp","href":"https:\/\/api.w.org\/{rel}","templated":true}]}}