{"id":606029,"date":"2025-08-10T17:17:44","date_gmt":"2025-08-10T15:17:44","guid":{"rendered":"https:\/\/lucacastelli.com\/prodotto\/milwaukee-m12fid2mc-202x\/"},"modified":"2025-08-10T17:17:44","modified_gmt":"2025-08-10T15:17:44","slug":"milwaukee-m12fid2mc-202x","status":"publish","type":"product","link":"https:\/\/lucacastelli.com\/de\/produkt\/milwaukee-m12fid2mc-202x\/","title":{"rendered":"MILWAUKEE M12FID2MC-202X"},"content":{"rendered":"<p>M12FID2MC-202X<br \/>\nM12FID2 Kompakter Akku-Schlagschrauber;Kompakte Gr\u00f6\u00dfe von nur 127 mm macht ihn ideal f\u00fcr Arbeiten in engen R\u00e4umen;170 Nm Drehmoment;Hohe Drehzahl: 3600 U\/min und 4000 H\u00fcbe\/min;Die drei LEDs auf der Vorderseite beleuchten den Arbeitsbereich;Mit der DRIVE CONTROL Funktion k\u00f6nnen drei verschiedene Geschwindigkeits- und Drehmomenteinstellungen sowie der Selbstbohrmodus gew\u00e4hlt werden;1\/4dogan Innensechskant f\u00fcr schnellen Bitwechsel;Die DNA unserer FUEL Plattform definiert die Akkutechnologie neu. Der b\u00fcrstenlose POWERSTATE\u2122-Motor, die REDLITHIUM\u2122-Akkus und die intelligente REDLINK PLUS\u2122-Elektronik sorgen f\u00fcr un\u00fcbertroffene Leistung, Reichweite und Langlebigkeit;Kompatibel mit allen Milwaukee M12\u2122-Akkus <\/p>\n<p>4933499462<br \/>\n4058546566265<\/p>\n","protected":false},"excerpt":{"rendered":"<p>M12FID2MC-202X<\/p>\n","protected":false},"featured_media":600775,"template":"","meta":{"_seopress_robots_primary_cat":"","_seopress_titles_title":"","_seopress_titles_desc":"","_seopress_robots_index":""},"product_brand":[3407],"product_cat":[5531,29],"product_tag":[3270],"class_list":{"0":"post-606029","1":"product","2":"type-product","3":"status-publish","4":"has-post-thumbnail","6":"product_brand-milwaukee","7":"product_cat-vari-macchinari-milwaukee","8":"product_cat-macchinari","9":"product_tag-import-milwau","10":"sws-conto-ricavi-merci-rivendita-macchinari-de","11":"sws-gruppo-iva-iva81-de","13":"first","14":"onbackorder","15":"sale","16":"shipping-taxable","17":"purchasable","18":"product-type-simple"},"_links":{"self":[{"href":"https:\/\/lucacastelli.com\/de\/wp-json\/wp\/v2\/product\/606029","targetHints":{"allow":["GET"]}}],"collection":[{"href":"https:\/\/lucacastelli.com\/de\/wp-json\/wp\/v2\/product"}],"about":[{"href":"https:\/\/lucacastelli.com\/de\/wp-json\/wp\/v2\/types\/product"}],"wp:featuredmedia":[{"embeddable":true,"href":"https:\/\/lucacastelli.com\/de\/wp-json\/wp\/v2\/media\/600775"}],"wp:attachment":[{"href":"https:\/\/lucacastelli.com\/de\/wp-json\/wp\/v2\/media?parent=606029"}],"wp:term":[{"taxonomy":"product_brand","embeddable":true,"href":"https:\/\/lucacastelli.com\/de\/wp-json\/wp\/v2\/product_brand?post=606029"},{"taxonomy":"product_cat","embeddable":true,"href":"https:\/\/lucacastelli.com\/de\/wp-json\/wp\/v2\/product_cat?post=606029"},{"taxonomy":"product_tag","embeddable":true,"href":"https:\/\/lucacastelli.com\/de\/wp-json\/wp\/v2\/product_tag?post=606029"}],"curies":[{"name":"wp","href":"https:\/\/api.w.org\/{rel}","templated":true}]}}