{"id":606022,"date":"2025-08-10T17:17:43","date_gmt":"2025-08-10T15:17:43","guid":{"rendered":"https:\/\/lucacastelli.com\/prodotto\/milwaukee-m18-oneflt-ht-adat-system-zubehoer\/"},"modified":"2025-08-10T17:17:43","modified_gmt":"2025-08-10T15:17:43","slug":"milwaukee-m18-oneflt-ht-adat-system-zubehoer","status":"publish","type":"product","link":"https:\/\/lucacastelli.com\/de\/produkt\/milwaukee-m18-oneflt-ht-adat-system-zubehoer\/","title":{"rendered":"MILWAUKEE M18 ONEFLT-HT ADAT \/SYSTEM ZUBEH\u00d6R"},"content":{"rendered":"<p>M18 ONEFLT-HT ADAT \/SYSTEM ZUBEH\u00d6R<br \/>\nAu\u00dfengeh\u00e4use f\u00fcr M18 FUEL ONE-KEY\u2122 Verriegelungsringnagler; erforderlich f\u00fcr die Verwendung des Werkzeugs mit Hucktainer-Verschl\u00fcssen<\/p>\n<p>4932492476<br \/>\n4058546418434<\/p>\n","protected":false},"excerpt":{"rendered":"<p>M18 ONEFLT-HT ADAT \/SYSTEM ZUBEH\u00d6R<\/p>\n","protected":false},"featured_media":556752,"template":"","meta":{"_seopress_robots_primary_cat":"","_seopress_titles_title":"","_seopress_titles_desc":"","_seopress_robots_index":""},"product_brand":[3407],"product_cat":[5531,29],"product_tag":[3270],"class_list":{"0":"post-606022","1":"product","2":"type-product","3":"status-publish","4":"has-post-thumbnail","6":"product_brand-milwaukee","7":"product_cat-vari-macchinari-milwaukee","8":"product_cat-macchinari","9":"product_tag-import-milwau","10":"sws-conto-ricavi-merci-rivendita-macchinari-de","11":"sws-gruppo-iva-iva81-de","13":"first","14":"onbackorder","15":"sale","16":"shipping-taxable","17":"purchasable","18":"product-type-simple"},"_links":{"self":[{"href":"https:\/\/lucacastelli.com\/de\/wp-json\/wp\/v2\/product\/606022","targetHints":{"allow":["GET"]}}],"collection":[{"href":"https:\/\/lucacastelli.com\/de\/wp-json\/wp\/v2\/product"}],"about":[{"href":"https:\/\/lucacastelli.com\/de\/wp-json\/wp\/v2\/types\/product"}],"wp:featuredmedia":[{"embeddable":true,"href":"https:\/\/lucacastelli.com\/de\/wp-json\/wp\/v2\/media\/556752"}],"wp:attachment":[{"href":"https:\/\/lucacastelli.com\/de\/wp-json\/wp\/v2\/media?parent=606022"}],"wp:term":[{"taxonomy":"product_brand","embeddable":true,"href":"https:\/\/lucacastelli.com\/de\/wp-json\/wp\/v2\/product_brand?post=606022"},{"taxonomy":"product_cat","embeddable":true,"href":"https:\/\/lucacastelli.com\/de\/wp-json\/wp\/v2\/product_cat?post=606022"},{"taxonomy":"product_tag","embeddable":true,"href":"https:\/\/lucacastelli.com\/de\/wp-json\/wp\/v2\/product_tag?post=606022"}],"curies":[{"name":"wp","href":"https:\/\/api.w.org\/{rel}","templated":true}]}}