{"id":606017,"date":"2025-08-10T17:17:41","date_gmt":"2025-08-10T15:17:41","guid":{"rendered":"https:\/\/lucacastelli.com\/prodotto\/milwaukee-m18-blcpp5a-502b-wood-kit-5-tools\/"},"modified":"2025-08-10T17:17:41","modified_gmt":"2025-08-10T15:17:41","slug":"milwaukee-m18-blcpp5a-502b-wood-kit-5-tools","status":"publish","type":"product","link":"https:\/\/lucacastelli.com\/de\/produkt\/milwaukee-m18-blcpp5a-502b-wood-kit-5-tools\/","title":{"rendered":"MILWAUKEE M18 BLCPP5A-502B \/WOOD KIT 5 TOOLS"},"content":{"rendered":"<p>M18 BLCPP5A-502B \/HOLZSATZ 5 WERKZEUGE<br \/>\nM18BLDDRC-0X B\u00fcrstenloser Bohrschrauber; misst nur 145 mm, perfekt f\u00fcr den Zugang zu den engsten Stellen; 13 mm Metallbohrfutter garantiert einen perfekten Bitsitz; mit einem Drehmoment von 60.5 Nm hat er das beste Verh\u00e4ltnis von Leistung zu Gr\u00f6\u00dfe;Der Riemenhaken ist aus Metall und vollst\u00e4ndig umkehrbar;Akkuladezustandsanzeige und LED-Licht zur Ausleuchtung des Einsatzbereichs;B\u00fcrstenloser Motor, REDLINK PLUS\u2122-Elektronik und REDLITHIUM\u2122-Akkupack bieten \u00fcberragende Leistung und Haltbarkeit;Funktioniert mit allen Milwaukee M18 Akkus;Optimierte Drehzahl zum Bohren (0-550 \/ 0-1700 U\/min);;M18BLIDRC-0 B\u00fcrstenloser Schlagschrauber;Mit einer L\u00e4nge von nur 112 mm erm\u00f6glicht er den Zugang zu den engsten Stellen;Der leistungsstarke b\u00fcrstenlose Motor liefert 190 Nm Drehmoment bei 3600 U\/min und 4900 H\u00fcben pro Minute;Das Einsetzen des Einsatzes kann mit einer Hand erfolgen, was die Arbeit schneller und bequemer macht;Getriebe und Geh\u00e4use sind komplett aus Metall gefertigt, was Leistung und Langlebigkeit garantiert;Akkuladezustandsanzeige und LED-Licht zur Ausleuchtung des Einsatzbereichs;Ausgestattet mit einem umkehrbaren G\u00fcrtelhaken aus Metall;B\u00fcrstenloser Motor, REDLINK PLUS\u2122-Elektronik und REDLITHIUM\u2122-Akku sorgen f\u00fcr \u00fcberragende Leistung und Langlebigkeit;Funktioniert mit allen M18 Milwaukee\u00ae-Akkus;;M18FCS552-0X Akku-Kreiss\u00e4ge;Die M18 FUEL-Kreiss\u00e4ge erzeugt die gleiche Leistung wie eine kabelgebundene Maschine bei gleicher Ausstattung. Schneidet bis zu 200 St\u00fccke 90 x 45 mm Kiefernholz mit einer 3.0 Ah HIGH OUTPUT\u2122-Akkupack;Magnesiumst\u00e4nder reduziert das Gewicht und maximiert die Festigkeit;Metallhalterung;Verwendet 165-mm-S\u00e4gebl\u00e4tter mit einer Schnitttiefe von 57 mm, mit denen du drei 3&#215;18-mm-Sperrholzst\u00fccke \u00fcbereinander schneiden kannst;Wird mit DEK26-Adapter geliefert, damit er mit Staubsaugern aus dem Milwaukee\u00ae-Sortiment verbunden werden kann;Integrierte LED zur Beleuchtung der Arbeitsfl\u00e4che;Ein Luftstrahl h\u00e4lt die Schnittfl\u00e4che sauber;Schneidet in Winkeln von bis zu 50 Grad;FUEL-Technologie definiert schnurlose Elektrowerkzeuge neu. B\u00fcrstenloser Motor, REDLINK PLUS\u2122-Elektronik und REDLITHIUM\u2122-Akku bieten \u00fcberragende Leistung und Langlebigkeit;Funktioniert mit allen M18 Milwaukee\u00ae-Akkus;M18FMT-0X Akku-Multifunktionswerkzeug;B\u00fcrstenloser POWERSTATE\u2122-Motor, 2,1\u00b0 Winkelschwenkung (rechts\/links) und 10.000-20.000 Umdrehungen\/Min. f\u00fcr eine der h\u00f6chsten Schnittgeschwindigkeiten unter den Werkzeugen auf dem Markt;Ideale und vielseitige L\u00f6sung f\u00fcr Abtrags- und Schneidanwendungen;10 Geschwindigkeitsstufen zur einfachen Anpassung an die Art der AnwendungFIXTEC\u2122 werkzeugloses Zubeh\u00f6rwechselsystem mit Universaladapter f\u00fcr die Kompatibilit\u00e4t mit den meisten auf dem Markt erh\u00e4ltlichen Zubeh\u00f6rteilen;180\u00b0-LED-Licht zur Ausleuchtung des Arbeitsbereichs;Lieferung mit 1 Universal-OPEN-LOK-Holzblatt, 1 St\u00fctzteller, 5 Schleifbl\u00e4ttern (1&#215;60, 1&#215;80, 2&#215;120, 1&#215;240);FUEL-Technologie definiert schnurlose Elektrowerkzeuge neu.   B\u00fcrstenloser Motor, REDLINK PLUS\u2122-Elektronik und REDLITHIUM\u2122-Akku sorgen f\u00fcr \u00fcberragende Leistung und Langlebigkeit;Funktioniert mit allen Milwaukee M18\u2122-Akkus;M18FJS-0X Akku-Stichs\u00e4ge;Milwaukee\u00ae POWERSTATE\u2122 b\u00fcrstenloser Motor sorgt f\u00fcr schnelle Schnitte, l\u00e4ngere Lebensdauer und eine Schnittreichweite von bis zu 32 m auf 19 mm dickem Sperrholz (mit einem 5.0 Ah);Die intelligente REDLINK PLUS\u2122-Elektronik bietet einen fortschrittlichen digitalen \u00dcberlastungsschutz f\u00fcr Werkzeug und Akku und verbessert die Leistung des Werkzeugs unter Last erheblich;Der REDLITHIUM\u2122-Akku bietet eine \u00fcberlegene Akku-Konstruktion, Elektronik und gleichbleibende Leistung f\u00fcr mehr Reichweite und mehr Arbeit \u00fcber die gesamte Lebensdauer des Akkus;Das von Milwaukee\u00ae patentierte FIXTEC-System erm\u00f6glicht einen einfachen Klingenwechsel;0 &#8211; 45\u00b0 Schnittwinkelverstellung;5 verschiedene Pendelbewegungseinstellungen;Adapter (im Lieferumfang enthalten) f\u00fcr den Anschluss an einen externen Staubsauger;LED-Licht zur Beleuchtung des Arbeitsbereichs;Weicher, abnehmbarer Schuhboden, um Abdr\u00fccke und Kratzer beim Schneiden in weichen Materialien zu vermeiden;Funktioniert mit allen Milwaukee M18-Akkus  <\/p>\n<p>4933492838<br \/>\n4058546477097<\/p>\n","protected":false},"excerpt":{"rendered":"<p>M18 BLCPP5A-502B \/HOLZSATZ 5 WERKZEUGE<\/p>\n","protected":false},"featured_media":584487,"template":"","meta":{"_seopress_robots_primary_cat":"","_seopress_titles_title":"","_seopress_titles_desc":"","_seopress_robots_index":""},"product_brand":[3407],"product_cat":[5531,29],"product_tag":[3270],"class_list":{"0":"post-606017","1":"product","2":"type-product","3":"status-publish","4":"has-post-thumbnail","6":"product_brand-milwaukee","7":"product_cat-vari-macchinari-milwaukee","8":"product_cat-macchinari","9":"product_tag-import-milwau","10":"sws-conto-ricavi-merci-rivendita-macchinari-de","11":"sws-gruppo-iva-iva81-de","13":"first","14":"onbackorder","15":"sale","16":"shipping-taxable","17":"purchasable","18":"product-type-simple"},"_links":{"self":[{"href":"https:\/\/lucacastelli.com\/de\/wp-json\/wp\/v2\/product\/606017","targetHints":{"allow":["GET"]}}],"collection":[{"href":"https:\/\/lucacastelli.com\/de\/wp-json\/wp\/v2\/product"}],"about":[{"href":"https:\/\/lucacastelli.com\/de\/wp-json\/wp\/v2\/types\/product"}],"wp:featuredmedia":[{"embeddable":true,"href":"https:\/\/lucacastelli.com\/de\/wp-json\/wp\/v2\/media\/584487"}],"wp:attachment":[{"href":"https:\/\/lucacastelli.com\/de\/wp-json\/wp\/v2\/media?parent=606017"}],"wp:term":[{"taxonomy":"product_brand","embeddable":true,"href":"https:\/\/lucacastelli.com\/de\/wp-json\/wp\/v2\/product_brand?post=606017"},{"taxonomy":"product_cat","embeddable":true,"href":"https:\/\/lucacastelli.com\/de\/wp-json\/wp\/v2\/product_cat?post=606017"},{"taxonomy":"product_tag","embeddable":true,"href":"https:\/\/lucacastelli.com\/de\/wp-json\/wp\/v2\/product_tag?post=606017"}],"curies":[{"name":"wp","href":"https:\/\/api.w.org\/{rel}","templated":true}]}}