{"id":606014,"date":"2025-08-10T17:17:39","date_gmt":"2025-08-10T15:17:39","guid":{"rendered":"https:\/\/lucacastelli.com\/prodotto\/milwaukee-m18blhxmc-502x-psa\/"},"modified":"2025-08-10T17:17:39","modified_gmt":"2025-08-10T15:17:39","slug":"milwaukee-m18blhxmc-502x-psa","status":"publish","type":"product","link":"https:\/\/lucacastelli.com\/de\/produkt\/milwaukee-m18blhxmc-502x-psa\/","title":{"rendered":"MILWAUKEE M18BLHXMC-502X + PSA"},"content":{"rendered":"<p>M18BLHXMC-502X + PSA<br \/>\nM18BLHX Schnurloser Kombihammer;Leistungsstarkes Schlagwerk und b\u00fcrstenloser Motor mit 2,3 J Energie;Kompaktes und ergonomisches Design f\u00fcr maximalen Komfort bei der Verwendung;FIXTEC\u2122 System f\u00fcr schl\u00fcssellosen Futterwechsel (SDS-Plus und 13 mm Metallfutter);Metallgetriebe f\u00fcr maximale Festigkeit;4 Betriebsarten Drehschlag, Mei\u00dfeln, Rotation und neutrale Position f\u00fcr die Mei\u00dfelausrichtung;Anti-Vibrations-Seitengriff;Kompatibel mit dem M18 CDEX-Sauger;B\u00fcrstenloser Motor, REDLINK PLUS\u2122-Elektronik und REDLITHIUM\u2122-Akkupack bieten \u00fcberlegene Leistung und Langlebigkeit;Funktioniert mit allen Milwaukee M18 Akkus;Kratzfeste und beschlagfreie Schutzbrille;Leicht, f\u00fcr mehr Komfort bei der Verwendung;Kratzfeste Gl\u00e4ser;Beschlagfreie Gl\u00e4ser;Bequeme und flexible Seitenb\u00fcgel f\u00fcr mehr Komfort;Europ\u00e4ische Zertifizierung: EN166 und EN170 \/ EN172;Ohrensch\u00fctzer;3 Verwendungsarten: \u00dcber dem Kopf, unter dem Kinn und hinter dem Nacken;Gro\u00dfe Vielseitigkeit und einfache Anpassung f\u00fcr maximalen Komfort;Keine Notwendigkeit, die Ohrst\u00f6psel zu entfernen, um die Position des Kopfb\u00fcgels zu \u00e4ndern, so dass du ununterbrochenen Schutz hast;Einfaches Auswechseln der austauschbaren Schaumstoff- und TPR-Eins\u00e4tze im Lieferumfang enthalten;Langlebiger und bequemer Kopfb\u00fcgel f\u00fcr l\u00e4ngeren Gebrauch;Europ\u00e4isches Zertifikat f\u00fcr Geh\u00f6rschutz: EN 352-2 (TPR-Geh\u00f6rschutzst\u00f6psel SNR = 32 dB, Schaumstoff-Geh\u00f6rschutzst\u00f6psel SNR = 33 dB);CAT III PSA;DemoX Abbrucharbeitshandschuhe Gr\u00f6\u00dfe 10 (XL);Vielseitige und bequeme Handschuhe;ARMORTEX\u2122 verst\u00e4rkte Handfl\u00e4che und Fingerspitzen: erh\u00f6hte Strapazierf\u00e4higkeit und Handschutz;SMARTSWIPE\u2122: erm\u00f6glicht die Nutzung von Touchscreen-Ger\u00e4ten, ohne die Handschuhe ausziehen zu m\u00fcssen;Kn\u00f6chelschutz: TPR-Polsterung bietet Schutz an den Kn\u00f6cheln;Atmungsaktives Tri-Cot-Futter: bietet maximalen Komfort und Atmungsaktivit\u00e4t;Frotteedaumen: wischt Schwei\u00df von der Stirn;Klettverschluss f\u00fcr einen sicheren Sitz;Europ\u00e4ische Zertifizierung f\u00fcr mechanischen Schutz: EN ISO 21420, EN388:2016 (2121A)<\/p>\n<p>4933499459<br \/>\n4058546566234<\/p>\n","protected":false},"excerpt":{"rendered":"<p>M18BLHXMC-502X + PSA<\/p>\n","protected":false},"featured_media":600771,"template":"","meta":{"_seopress_robots_primary_cat":"","_seopress_titles_title":"","_seopress_titles_desc":"","_seopress_robots_index":""},"product_brand":[3656],"product_cat":[5534,169],"product_tag":[3272],"class_list":{"0":"post-606014","1":"product","2":"type-product","3":"status-publish","4":"has-post-thumbnail","6":"product_brand-milwaukee-de","7":"product_cat-verschiedene-maschinen-von-milwaukee","8":"product_cat-maschinen","9":"product_tag-import-milwau-de","10":"sws-conto-ricavi-merci-rivendita-macchinari-de","11":"sws-gruppo-iva-iva81-de","13":"first","14":"onbackorder","15":"sale","16":"shipping-taxable","17":"purchasable","18":"product-type-simple"},"_links":{"self":[{"href":"https:\/\/lucacastelli.com\/de\/wp-json\/wp\/v2\/product\/606014","targetHints":{"allow":["GET"]}}],"collection":[{"href":"https:\/\/lucacastelli.com\/de\/wp-json\/wp\/v2\/product"}],"about":[{"href":"https:\/\/lucacastelli.com\/de\/wp-json\/wp\/v2\/types\/product"}],"wp:featuredmedia":[{"embeddable":true,"href":"https:\/\/lucacastelli.com\/de\/wp-json\/wp\/v2\/media\/600771"}],"wp:attachment":[{"href":"https:\/\/lucacastelli.com\/de\/wp-json\/wp\/v2\/media?parent=606014"}],"wp:term":[{"taxonomy":"product_brand","embeddable":true,"href":"https:\/\/lucacastelli.com\/de\/wp-json\/wp\/v2\/product_brand?post=606014"},{"taxonomy":"product_cat","embeddable":true,"href":"https:\/\/lucacastelli.com\/de\/wp-json\/wp\/v2\/product_cat?post=606014"},{"taxonomy":"product_tag","embeddable":true,"href":"https:\/\/lucacastelli.com\/de\/wp-json\/wp\/v2\/product_tag?post=606014"}],"curies":[{"name":"wp","href":"https:\/\/api.w.org\/{rel}","templated":true}]}}