{"id":606010,"date":"2025-08-10T17:17:40","date_gmt":"2025-08-10T15:17:40","guid":{"rendered":"https:\/\/lucacastelli.com\/prodotto\/milwaukee-m18-blpp2ab-502x-kit\/"},"modified":"2025-08-10T17:17:40","modified_gmt":"2025-08-10T15:17:40","slug":"milwaukee-m18-blpp2ab-502x-kit","status":"publish","type":"product","link":"https:\/\/lucacastelli.com\/de\/produkt\/milwaukee-m18-blpp2ab-502x-kit\/","title":{"rendered":"Milwaukee M18 BLPP2AB-502X \/Kit"},"content":{"rendered":"<p>M18 BLPP2AB-502X \/Kit<br \/>\nM18 BLIDR-0X \/ AVV PULSE HEX :Mit einer L\u00e4nge von nur 112 mm erm\u00f6glicht er den Zugang auch auf engstem Raum;Der leistungsstarke b\u00fcrstenlose Motor liefert 190 Nm Drehmoment bei 3600 Umdrehungen pro Minute und 4900 H\u00fcben pro Minute;3 vom Benutzer ausw\u00e4hlbare DRIVE CONTROL-Modi f\u00fcr unterschiedliche Geschwindigkeiten und Drehmomente;Das Einsetzen des Einsatzes kann mit einer Hand erfolgen, was die Arbeit schneller und praktischer macht;Getriebe und Geh\u00e4use sind komplett aus Metall gefertigt, was Leistung und Langlebigkeit garantiert;Akkuladeanzeige und LED-Licht zur Ausleuchtung des Einsatzbereichs;Ausgestattet mit einem umkehrbaren Metallg\u00fcrtelhaken;B\u00fcrstenloser Motor, REDLINK PLUS\u2122-Elektronik und REDLITHIUM\u2122-Akkupack bieten \u00fcberlegene Leistung und Langlebigkeit;Funktioniert mit allen M18 Milwaukee\u00ae-Akkus;4933464514:Leistungsstarker neuer b\u00fcrstenloser Motor bietet bis zu 40 % mehr maximales Drehmoment als das Vorg\u00e4ngermodell &#8211; bis zu 82 Nm;misst nur 180 mm Gesamtl\u00e4nge;neues 13-mm-Metallspannfutter f\u00fcr besseren Halt der Bithalter und bessere Griffigkeit;REDLINK\u2122-Elektronik f\u00fcr erh\u00f6hten \u00dcberlastungsschutz und l\u00e4ngere Akkulaufzeit;REDLITHIUM\u2122-Akku bietet eine \u00fcberlegene Akkukonstruktion, Elektronik und gleichbleibende Leistung f\u00fcr mehr Laufzeit und mehr Arbeit \u00fcber die gesamte Lebensdauer des Akkus;Optimierte Drehzahl f\u00fcr Bohr- und Schraubanwendungen (0-550 \/ 0-1800 U\/min);Akkuladestatus und LED-Licht zur Ausleuchtung des Arbeitsbereichs;Ganzmetall-G\u00fcrtelhaken;Funktioniert mit allen Milwaukee M18 ;M18 B5 \/BATTERY 18V-Akkus:Bis zu 2.5 Mal l\u00e4nger, bis zu 20% mehr Leistung und 2 Mal l\u00e4ngere Lebensdauer (im Vergleich zu anderen Lithium-Ionen-Akkus und\/oder fr\u00fcherer Milwaukee-Technologie). Die Ergebnisse h\u00e4ngen von der Spannung, dem Werkzeug und der Anwendung ab);Milwaukee REDLINK\u2122 Elektronik &#8211; sch\u00fctzt den Akku in rauen Situationen und maximiert die Leistung der Zellen;St\u00e4ndige \u00dcberwachung jeder einzelnen Zelle, um den Lade- und Entladezyklus des Akkus zu gew\u00e4hrleisten;Perfekt verriegelte Zellen, um die Robustheit des Akkus zu erh\u00f6hen und interne Anti-Schock-Separatoren, um Sch\u00e4den durch Vibrationen oder St\u00fcrze zu verhindern;Schutzelement, das jegliches Eindringen von Wasser von der Elektronik zur Au\u00dfenseite des Akkus ableitet; Betrieb bei Temperaturen bis -20\u00b0; LED-Akkuladestandsanzeige, damit du jederzeit \u00fcber die verbleibende Ladung Bescheid wei\u00dft; Gummibeschichtung; Erh\u00f6hte interne Temperaturstreuung; M18 B5 \/BATTERY 18V :Bis zu 2.5 mal l\u00e4nger, bis zu 20% mehr Leistung und 2 mal l\u00e4ngere Lebensdauer (im Vergleich zu anderen Batterien Lithium-Ionen-Akkus und\/oder fr\u00fchere Milwaukee-Technologie. Die Ergebnisse h\u00e4ngen von der Spannung, dem Werkzeug und der Anwendung ab);Milwaukee REDLINK\u2122 Elektronik &#8211; sch\u00fctzt den Akku in rauen Situationen und maximiert die Leistung der Zellen;St\u00e4ndige \u00dcberwachung jeder einzelnen Zelle, um den Lade- und Entladezyklus des Akkus zu gew\u00e4hrleisten;Perfekt verriegelte Zellen, um die Robustheit des Akkus zu erh\u00f6hen und interne Anti-Schock-Separatoren, um Sch\u00e4den durch Vibrationen oder St\u00fcrze zu verhindern;Schutzelement, das jegliches Eindringen von Wasser von der Elektronik zur Au\u00dfenseite des Akkus ableitet; Betrieb bei Temperaturen bis -20\u00b0; LED-Akkuladestatusanzeige, damit du jederzeit \u00fcber die verbleibende Ladung Bescheid wei\u00dft; Gummibeschichtung; erh\u00f6hte interne Temperaturstreuung; M12-18 FC \/BATTERY CHARGER :L\u00e4dt alle M18-, M14\u2122- und M12\u2122-REDLITHIUM-Akkus auf;Sequentielles Laden &#8211; der zuerst eingelegte Akku wird aufgeladen &#8211; weniger Zeitaufwand beim Laden;Ladezeit f\u00fcr M12\u2122-REDLITHIUM\u2122-Akkus 2.0 Ah und 2,5 Ah 26 min, 3,0 Ah 50 min, 4,0 Ah und 5 Ah 52 min, 6,0 Ah 95 min;Die Ladezeit f\u00fcr M18 REDLITHIUM\u2122 2,0 Ah \/ 4,0 Ah \/ 5,0 Ah Akkus betr\u00e4gt ca. 26 min \/ 52 min \/ 59 min;Kompatibel mit allen Milwaukee M12\u2122 und M18 Akkus<\/p>\n<p>4933492846<br \/>\n4058546477172<\/p>\n","protected":false},"excerpt":{"rendered":"<p>M18 BLPP2AB-502X \/Kit<\/p>\n","protected":false},"featured_media":584597,"template":"","meta":{"_seopress_robots_primary_cat":"","_seopress_titles_title":"","_seopress_titles_desc":"","_seopress_robots_index":""},"product_brand":[3407],"product_cat":[5531,29],"product_tag":[3270],"class_list":{"0":"post-606010","1":"product","2":"type-product","3":"status-publish","4":"has-post-thumbnail","6":"product_brand-milwaukee","7":"product_cat-vari-macchinari-milwaukee","8":"product_cat-macchinari","9":"product_tag-import-milwau","10":"sws-conto-ricavi-merci-rivendita-macchinari-de","11":"sws-gruppo-iva-iva81-de","13":"first","14":"onbackorder","15":"sale","16":"shipping-taxable","17":"purchasable","18":"product-type-simple"},"_links":{"self":[{"href":"https:\/\/lucacastelli.com\/de\/wp-json\/wp\/v2\/product\/606010","targetHints":{"allow":["GET"]}}],"collection":[{"href":"https:\/\/lucacastelli.com\/de\/wp-json\/wp\/v2\/product"}],"about":[{"href":"https:\/\/lucacastelli.com\/de\/wp-json\/wp\/v2\/types\/product"}],"wp:featuredmedia":[{"embeddable":true,"href":"https:\/\/lucacastelli.com\/de\/wp-json\/wp\/v2\/media\/584597"}],"wp:attachment":[{"href":"https:\/\/lucacastelli.com\/de\/wp-json\/wp\/v2\/media?parent=606010"}],"wp:term":[{"taxonomy":"product_brand","embeddable":true,"href":"https:\/\/lucacastelli.com\/de\/wp-json\/wp\/v2\/product_brand?post=606010"},{"taxonomy":"product_cat","embeddable":true,"href":"https:\/\/lucacastelli.com\/de\/wp-json\/wp\/v2\/product_cat?post=606010"},{"taxonomy":"product_tag","embeddable":true,"href":"https:\/\/lucacastelli.com\/de\/wp-json\/wp\/v2\/product_tag?post=606010"}],"curies":[{"name":"wp","href":"https:\/\/api.w.org\/{rel}","templated":true}]}}