{"id":606008,"date":"2025-08-10T17:17:38","date_gmt":"2025-08-10T15:17:38","guid":{"rendered":"https:\/\/lucacastelli.com\/prodotto\/milwaukee-m18blpp2g-502x-buerstenloser-kraftpaket\/"},"modified":"2025-08-10T17:17:38","modified_gmt":"2025-08-10T15:17:38","slug":"milwaukee-m18blpp2g-502x-buerstenloser-kraftpaket","status":"publish","type":"product","link":"https:\/\/lucacastelli.com\/de\/produkt\/milwaukee-m18blpp2g-502x-buerstenloser-kraftpaket\/","title":{"rendered":"MILWAUKEE M18BLPP2G-502X B\u00dcRSTENLOSER KRAFTPAKET"},"content":{"rendered":"<p>M18BLPP2G-502X B\u00dcRSTENLOSER KRAFTPAKET<br \/>\nM18BLHX Akku-Bohrhammer:;Leistungsstarkes Schlagwerk und b\u00fcrstenloser Motor mit 2,3 J Leistung;Kompaktes und ergonomisches Design f\u00fcr maximalen Benutzerkomfort;FIXTEC\u2122-System f\u00fcr schl\u00fcssellosen Futterwechsel (SDS-Plus und 13-mm-Metallfutter);4 Betriebsarten: Schlag, Mei\u00dfeln, Rotation und neutrale Position f\u00fcr Mei\u00dfelausrichtung;M18 BLSAG125XPD Akku-Winkelschleifer:;Mit seinen 11.000 Umdrehungen pro Minute ist er f\u00fcr das Trennen optimiert; der kraftvolle b\u00fcrstenlose Motor liefert die gleiche Leistung wie ein 800-W-Schleifer; die Sicherheitskupplung verhindert R\u00fcckschl\u00e4ge und Verletzungen des Bedieners; das FIXTEC\u2122-System erm\u00f6glicht einen werkzeuglosen Scheibenwechsel; das nicht blockierende Paddel und die Funktion zur Verhinderung eines unbeabsichtigten Starts; der b\u00fcrstenlose Motor, die REDLINK PLUS\u2122-Elektronik und der REDLITHIUM\u2122-Akku bieten \u00fcberlegene Leistung und Langlebigkeit; funktioniert mit allen Milwaukee M18-Akkus<\/p>\n<p>4933498575<br \/>\n4058546524449<\/p>\n","protected":false},"excerpt":{"rendered":"<p>M18BLPP2G-502X B\u00dcRSTENLOSER KRAFTPAKET<\/p>\n","protected":false},"featured_media":600743,"template":"","meta":{"_seopress_robots_primary_cat":"","_seopress_titles_title":"","_seopress_titles_desc":"","_seopress_robots_index":""},"product_brand":[3656],"product_cat":[169,5534],"product_tag":[3272],"class_list":{"0":"post-606008","1":"product","2":"type-product","3":"status-publish","4":"has-post-thumbnail","6":"product_brand-milwaukee-de","7":"product_cat-maschinen","8":"product_cat-verschiedene-maschinen-von-milwaukee","9":"product_tag-import-milwau-de","10":"sws-conto-ricavi-merci-rivendita-macchinari-de","11":"sws-gruppo-iva-iva81-de","13":"first","14":"onbackorder","15":"sale","16":"shipping-taxable","17":"purchasable","18":"product-type-simple"},"_links":{"self":[{"href":"https:\/\/lucacastelli.com\/de\/wp-json\/wp\/v2\/product\/606008","targetHints":{"allow":["GET"]}}],"collection":[{"href":"https:\/\/lucacastelli.com\/de\/wp-json\/wp\/v2\/product"}],"about":[{"href":"https:\/\/lucacastelli.com\/de\/wp-json\/wp\/v2\/types\/product"}],"wp:featuredmedia":[{"embeddable":true,"href":"https:\/\/lucacastelli.com\/de\/wp-json\/wp\/v2\/media\/600743"}],"wp:attachment":[{"href":"https:\/\/lucacastelli.com\/de\/wp-json\/wp\/v2\/media?parent=606008"}],"wp:term":[{"taxonomy":"product_brand","embeddable":true,"href":"https:\/\/lucacastelli.com\/de\/wp-json\/wp\/v2\/product_brand?post=606008"},{"taxonomy":"product_cat","embeddable":true,"href":"https:\/\/lucacastelli.com\/de\/wp-json\/wp\/v2\/product_cat?post=606008"},{"taxonomy":"product_tag","embeddable":true,"href":"https:\/\/lucacastelli.com\/de\/wp-json\/wp\/v2\/product_tag?post=606008"}],"curies":[{"name":"wp","href":"https:\/\/api.w.org\/{rel}","templated":true}]}}