{"id":606007,"date":"2025-08-10T17:17:35","date_gmt":"2025-08-10T15:17:35","guid":{"rendered":"https:\/\/lucacastelli.com\/prodotto\/milwaukee-m18fid3mc-502x-psa\/"},"modified":"2025-08-10T17:17:35","modified_gmt":"2025-08-10T15:17:35","slug":"milwaukee-m18fid3mc-502x-psa","status":"publish","type":"product","link":"https:\/\/lucacastelli.com\/de\/produkt\/milwaukee-m18fid3mc-502x-psa\/","title":{"rendered":"MILWAUKEE M18FID3MC-502X + PSA"},"content":{"rendered":"<p>M18FID3MC-502X + PSA<br \/>\nM18FID3 Schnurloser 1\/4 Zoll Schlagschrauber;226 Nm Drehmoment;Einh\u00e4ndiges Einsetzen des Bits;Ganzmetall-G\u00fcrtelhaken;Der Leistungsst\u00e4rkste;Kontrollierte Beschleunigungsfunktion (Ultimate Trigger Control);Kompromisslose Geschwindigkeit, Kraft und Kontrolle auf der Baustelle;Drei LED-Leuchten an der Vorderseite leuchten den Arbeitsbereich perfekt aus;4-Gang ZollDrive ControlZoll;3900 U\/min;1.0 kg Gewicht;Kompatibel mit allen M18 Akkus und Ladeger\u00e4ten;M18ALIS Akkubetriebene Baustellenlampe;1.000 Lumen TRUEVIEW\u2122 High-Definition-Beleuchtung: sorgt f\u00fcr maximale Farbgenauigkeit, optimierte Lichtverteilung und originalgetreue Darstellung von Farben und Details;12 Stunden Laufzeit bei voller Leistung mit M18 B5-Akku (22 Stunden bei 500 Lumen);Funktioniert als Powerbank f\u00fcr elektronische Ger\u00e4te dank dualem USB-C- und USB-A-Ausgang;Integrierter Haken;Kann horizontal und vertikal ausgerichtet werden;Die kompakteste Beleuchtungsl\u00f6sung der M18\u2122-Plattform: Kleiner als ein 5 Ah-Akku;Funktioniert mit allen Milwaukee M18-Akkus;Kratzfeste und beschlagfreie klare Schutzbrille;Leicht, f\u00fcr mehr Komfort bei der Verwendung;Kratzfeste Gl\u00e4ser;Beschlagfreie Gl\u00e4ser;Bequeme und flexible Seitenarme f\u00fcr mehr Komfort;Europ\u00e4ische Zertifizierung: EN166 und EN170 \/ EN172;Schnittfeste Handschuhe Klasse 3\/C Gr\u00f6\u00dfe 9 (L);Bietet erh\u00f6hten Schutz vor Schnitten und Abrieb beim Einf\u00e4deln von Rohren und Abisolieren von Kabeln usw.Hervorragende Griffigkeit, die Nitrilnetzbeschichtung bietet eine bessere Leistung als andere Materialien;Hervorragende Durchstichfestigkeit bei scharfen Materialien;SMARTSWIPE\u2122 Handfl\u00e4che und Fingerspitzen: erm\u00f6glicht die Nutzung von Touchscreen-Ger\u00e4ten, ohne die Handschuhe ausziehen zu m\u00fcssen;Europ\u00e4ische Zertifizierung f\u00fcr mechanischen Schutz: EN ISO 21420, EN388:2016 (4343C)<\/p>\n<p>4933499450<br \/>\n4058546566142<\/p>\n","protected":false},"excerpt":{"rendered":"<p>M18FID3MC-502X + PSA<\/p>\n","protected":false},"featured_media":600763,"template":"","meta":{"_seopress_robots_primary_cat":"","_seopress_titles_title":"","_seopress_titles_desc":"","_seopress_robots_index":""},"product_brand":[3656],"product_cat":[5534,169],"product_tag":[3272],"class_list":{"0":"post-606007","1":"product","2":"type-product","3":"status-publish","4":"has-post-thumbnail","6":"product_brand-milwaukee-de","7":"product_cat-verschiedene-maschinen-von-milwaukee","8":"product_cat-maschinen","9":"product_tag-import-milwau-de","10":"sws-conto-ricavi-merci-rivendita-macchinari-de","11":"sws-gruppo-iva-iva81-de","13":"first","14":"onbackorder","15":"sale","16":"shipping-taxable","17":"purchasable","18":"product-type-simple"},"_links":{"self":[{"href":"https:\/\/lucacastelli.com\/de\/wp-json\/wp\/v2\/product\/606007","targetHints":{"allow":["GET"]}}],"collection":[{"href":"https:\/\/lucacastelli.com\/de\/wp-json\/wp\/v2\/product"}],"about":[{"href":"https:\/\/lucacastelli.com\/de\/wp-json\/wp\/v2\/types\/product"}],"wp:featuredmedia":[{"embeddable":true,"href":"https:\/\/lucacastelli.com\/de\/wp-json\/wp\/v2\/media\/600763"}],"wp:attachment":[{"href":"https:\/\/lucacastelli.com\/de\/wp-json\/wp\/v2\/media?parent=606007"}],"wp:term":[{"taxonomy":"product_brand","embeddable":true,"href":"https:\/\/lucacastelli.com\/de\/wp-json\/wp\/v2\/product_brand?post=606007"},{"taxonomy":"product_cat","embeddable":true,"href":"https:\/\/lucacastelli.com\/de\/wp-json\/wp\/v2\/product_cat?post=606007"},{"taxonomy":"product_tag","embeddable":true,"href":"https:\/\/lucacastelli.com\/de\/wp-json\/wp\/v2\/product_tag?post=606007"}],"curies":[{"name":"wp","href":"https:\/\/api.w.org\/{rel}","templated":true}]}}