{"id":606002,"date":"2025-08-10T17:17:37","date_gmt":"2025-08-10T15:17:37","guid":{"rendered":"https:\/\/lucacastelli.com\/prodotto\/milwaukee-m18fhiw2f12mc-502x-psa\/"},"modified":"2025-08-10T17:17:37","modified_gmt":"2025-08-10T15:17:37","slug":"milwaukee-m18fhiw2f12mc-502x-psa","status":"publish","type":"product","link":"https:\/\/lucacastelli.com\/de\/produkt\/milwaukee-m18fhiw2f12mc-502x-psa\/","title":{"rendered":"MILWAUKEE M18FHIW2F12MC-502X + PSA"},"content":{"rendered":"<p>M18FHIW2F12MC-502X + PSA<br \/>\nM18FHIW2F12 1\/2-Zoll-Akkuschlagschrauber;Gro\u00dfe Leistung: Der M18 FUEL High-Torque-Schlagschrauber liefert ein Anzugsdrehmoment von 1491 Nm und ein Ausdrehmoment von 2034 Nm in einem wirklich kompakten Werkzeug, nur 193 mm;2000 U\/min im Leerlauf, eine 35% h\u00f6here Drehzahl im Vergleich zur vorherigen Generation;System, das den Akku vor starken Vibrationen sch\u00fctzt;Sehr robustes Geh\u00e4use, um eine hohe Schlagfestigkeit zu gew\u00e4hrleisten;3 LEDs an der Vorderseite sorgen f\u00fcr eine hervorragende Ausleuchtung des Arbeitsbereichs;4 DRIVE CONTROL-Modi erm\u00f6glichen die schnelle Auswahl verschiedener Drehzahlen und Drehmomente;Der vierte &#8220;Bolzenentfernungs&#8221;-Modus liefert beim Abschrauben ein maximales Drehmoment und sinkt dann auf 750 U\/min ab, um zu verhindern, dass die Kontrolle \u00fcber den Bolzen verloren geht;FUEL-Technologie definiert schnurlose Elektrowerkzeuge neu. Der b\u00fcrstenlose Motor, die REDLINK PLUS\u2122-Elektronik und der REDLITHIUM\u2122-Akku bieten \u00fcberragende Leistung und Langlebigkeit;Funktioniert mit allen M18 Milwaukee\u00ae-Akkus;M18ALIS Cordless Worksite Lamp;1.000 Lumen TRUEVIEW\u2122 High Definition Lighting: sorgt f\u00fcr maximale Farbgenauigkeit, optimierte Lichtverteilung und originalgetreue Darstellung von Farben und Details;12 Stunden Laufzeit bei voller Leistung mit M18 B5-Akku (22 Stunden bei 500 Lumen);Funktioniert als Powerbank f\u00fcr elektronische Ger\u00e4te mit dualem USB-C- und USB-A-Ausgang;Integrierter Haken;Kann horizontal und vertikal ausgerichtet werden;Die kompakteste Beleuchtungsl\u00f6sung auf der M18\u2122-Plattform: Kleiner als ein 5 Ah-Akku;Funktioniert mit allen Milwaukee M18-Akkus;Kratzfeste und beschlagfreie klare Schutzbrille;Leicht, f\u00fcr mehr Komfort bei der Verwendung;Kratzfeste Gl\u00e4ser;Beschlagfreie Gl\u00e4ser;Bequeme und flexible Seitenarme f\u00fcr mehr Komfort;Europ\u00e4ische Zertifizierung: EN166 und EN170 \/ EN172;Geh\u00f6rsch\u00fctzer ;3 Verwendungsarten: \u00fcber dem Kopf, unter dem Kinn und hinter dem Nacken;Gro\u00dfe Vielseitigkeit und einfache Anpassung f\u00fcr maximalen Komfort;Um die Position des Kopfb\u00fcgels zu \u00e4ndern, m\u00fcssen die Geh\u00f6rschutzst\u00f6psel nicht entfernt werden, so dass du durchgehend gesch\u00fctzt bist;Einfacher Austausch, der austauschbaren Schaumstoff- und TPR-Eins\u00e4tze im Lieferumfang enthalten;Strapazierf\u00e4higer und bequemer Kopfb\u00fcgel f\u00fcr l\u00e4ngeren Gebrauch;Europ\u00e4isches Zertifikat f\u00fcr Geh\u00f6rschutz: EN 352-2 (TPR-Geh\u00f6rschutzst\u00f6psel SNR = 32 dB, Schaumstoff-Geh\u00f6rschutzst\u00f6psel SNR = 33 dB);CAT III PSA;Schnittfeste Handschuhe der Klasse 3\/C, Gr\u00f6\u00dfe 9 (L);Erh\u00f6hter Schutz vor Schnitten und Abrieb beim Einf\u00e4deln von Rohren und Abisolieren von Kabeln usw..;Hervorragende Griffigkeit, die Nitrilnetzbeschichtung bietet eine bessere Leistung als andere Materialien;Hervorragender Durchstichschutz durch scharfe Materialien;SMARTSWIPE\u2122 Handfl\u00e4che und Fingerspitzen: erm\u00f6glicht die Nutzung von Touchscreen-Ger\u00e4ten, ohne die Handschuhe ausziehen zu m\u00fcssen;Europ\u00e4ische Zertifizierung f\u00fcr mechanischen Schutz: EN ISO 21420, EN388:2016 (4343C);Gut sichtbare gelbe Weste Gr\u00f6\u00dfe L\/XL;1 transparenter Ausweishalter f\u00fcr eine einfache Identifizierung am Arbeitsplatz;Zunge zur praktischen Aufbewahrung: Taschenlampen, Stifte etc..;1 Innentasche zur Aufbewahrung von Dokumenten, Stiften usw.;Aufh\u00e4ngeschlaufe zum einfachen Aufh\u00e4ngen der Weste nach dem Gebrauch;Starker Rei\u00dfverschluss zum \u00d6ffnen\/Schlie\u00dfen;Maschinenwaschbar;Europ\u00e4ische Zertifizierung als Warnschutzkleidung der Klasse 2 nach EN ISO 20471:2013\/A1:2016<\/p>\n<p>4933499452<br \/>\n4058546566166<\/p>\n","protected":false},"excerpt":{"rendered":"<p>M18FHIW2F12MC-502X + PSA<\/p>\n","protected":false},"featured_media":600767,"template":"","meta":{"_seopress_robots_primary_cat":"","_seopress_titles_title":"","_seopress_titles_desc":"","_seopress_robots_index":""},"product_brand":[3656],"product_cat":[169,5534],"product_tag":[3272],"class_list":{"0":"post-606002","1":"product","2":"type-product","3":"status-publish","4":"has-post-thumbnail","6":"product_brand-milwaukee-de","7":"product_cat-maschinen","8":"product_cat-verschiedene-maschinen-von-milwaukee","9":"product_tag-import-milwau-de","10":"sws-conto-ricavi-merci-rivendita-macchinari-de","11":"sws-gruppo-iva-iva81-de","13":"first","14":"onbackorder","15":"sale","16":"shipping-taxable","17":"purchasable","18":"product-type-simple"},"_links":{"self":[{"href":"https:\/\/lucacastelli.com\/de\/wp-json\/wp\/v2\/product\/606002","targetHints":{"allow":["GET"]}}],"collection":[{"href":"https:\/\/lucacastelli.com\/de\/wp-json\/wp\/v2\/product"}],"about":[{"href":"https:\/\/lucacastelli.com\/de\/wp-json\/wp\/v2\/types\/product"}],"wp:featuredmedia":[{"embeddable":true,"href":"https:\/\/lucacastelli.com\/de\/wp-json\/wp\/v2\/media\/600767"}],"wp:attachment":[{"href":"https:\/\/lucacastelli.com\/de\/wp-json\/wp\/v2\/media?parent=606002"}],"wp:term":[{"taxonomy":"product_brand","embeddable":true,"href":"https:\/\/lucacastelli.com\/de\/wp-json\/wp\/v2\/product_brand?post=606002"},{"taxonomy":"product_cat","embeddable":true,"href":"https:\/\/lucacastelli.com\/de\/wp-json\/wp\/v2\/product_cat?post=606002"},{"taxonomy":"product_tag","embeddable":true,"href":"https:\/\/lucacastelli.com\/de\/wp-json\/wp\/v2\/product_tag?post=606002"}],"curies":[{"name":"wp","href":"https:\/\/api.w.org\/{rel}","templated":true}]}}