{"id":605979,"date":"2025-08-10T17:13:13","date_gmt":"2025-08-10T15:13:13","guid":{"rendered":"https:\/\/lucacastelli.com\/prodotto\/milwaukee-matrizen-fuer-gewindeschneidmaschinen-6\/"},"modified":"2025-08-10T17:13:13","modified_gmt":"2025-08-10T15:13:13","slug":"milwaukee-matrizen-fuer-gewindeschneidmaschinen-6","status":"publish","type":"product","link":"https:\/\/lucacastelli.com\/de\/produkt\/milwaukee-matrizen-fuer-gewindeschneidmaschinen-6\/","title":{"rendered":"Milwaukee Matrizen f\u00fcr Gewindeschneidmaschinen"},"content":{"rendered":"<p>2&#8243; BSPT STD\/ACC SIST SIST SIST FILETTATR<br \/>\nHochleistungsk\u00e4mme, die mit Milwaukee\u00ae Gewindeschneidmaschinen verwendet werden, garantieren perfekte Gewinde, die lange halten;BSPT (British Standard Pipe Taper);IStandard-Metalllegierung, f\u00fcr die Verwendung an verzinkten Rohren ;Ein Satz enth\u00e4lt 4 K\u00e4mme, die mit einer Muffe verwendet werden m\u00fcssen<\/p>\n<p>4932480232<br \/>\n4058546405175<\/p>\n","protected":false},"excerpt":{"rendered":"<p>REEDS 2&#8243; BSPT STD\/ACC SIST THREADED<\/p>\n","protected":false},"featured_media":547402,"template":"","meta":{"_seopress_robots_primary_cat":"","_seopress_titles_title":"","_seopress_titles_desc":"","_seopress_robots_index":""},"product_brand":[3656],"product_cat":[169,5534],"product_tag":[3272],"class_list":{"0":"post-605979","1":"product","2":"type-product","3":"status-publish","4":"has-post-thumbnail","6":"product_brand-milwaukee-de","7":"product_cat-maschinen","8":"product_cat-verschiedene-maschinen-von-milwaukee","9":"product_tag-import-milwau-de","10":"sws-conto-ricavi-merci-rivendita-macchinari-de","11":"sws-gruppo-iva-iva81-de","13":"first","14":"onbackorder","15":"sale","16":"shipping-taxable","17":"purchasable","18":"product-type-simple"},"_links":{"self":[{"href":"https:\/\/lucacastelli.com\/de\/wp-json\/wp\/v2\/product\/605979","targetHints":{"allow":["GET"]}}],"collection":[{"href":"https:\/\/lucacastelli.com\/de\/wp-json\/wp\/v2\/product"}],"about":[{"href":"https:\/\/lucacastelli.com\/de\/wp-json\/wp\/v2\/types\/product"}],"wp:featuredmedia":[{"embeddable":true,"href":"https:\/\/lucacastelli.com\/de\/wp-json\/wp\/v2\/media\/547402"}],"wp:attachment":[{"href":"https:\/\/lucacastelli.com\/de\/wp-json\/wp\/v2\/media?parent=605979"}],"wp:term":[{"taxonomy":"product_brand","embeddable":true,"href":"https:\/\/lucacastelli.com\/de\/wp-json\/wp\/v2\/product_brand?post=605979"},{"taxonomy":"product_cat","embeddable":true,"href":"https:\/\/lucacastelli.com\/de\/wp-json\/wp\/v2\/product_cat?post=605979"},{"taxonomy":"product_tag","embeddable":true,"href":"https:\/\/lucacastelli.com\/de\/wp-json\/wp\/v2\/product_tag?post=605979"}],"curies":[{"name":"wp","href":"https:\/\/api.w.org\/{rel}","templated":true}]}}