{"id":605970,"date":"2025-08-10T17:13:10","date_gmt":"2025-08-10T15:13:10","guid":{"rendered":"https:\/\/lucacastelli.com\/prodotto\/milwaukee-matrizen-fuer-gewindeschneidmaschinen-4\/"},"modified":"2025-08-10T17:13:10","modified_gmt":"2025-08-10T15:13:10","slug":"milwaukee-matrizen-fuer-gewindeschneidmaschinen-4","status":"publish","type":"product","link":"https:\/\/lucacastelli.com\/de\/produkt\/milwaukee-matrizen-fuer-gewindeschneidmaschinen-4\/","title":{"rendered":"Milwaukee Matrizen f\u00fcr Gewindeschneidmaschinen"},"content":{"rendered":"<p>FPTD 1&#8243; BSPT STD\/THREADING PADS<br \/>\nHochleistungsk\u00e4mme, die mit Milwaukee\u00ae Gewindeschneidmaschinen verwendet werden, garantieren perfekte Gewinde, die lange halten;BSPT (British Standard Pipe Taper);Metalllegierung IStandard, f\u00fcr die Verwendung auf verzinkten Rohren ;Ein Satz enth\u00e4lt 4 K\u00e4mme, die mit einer Steckdose verwendet werden m\u00fcssen<\/p>\n<p>4932480229<br \/>\n4058546405144<\/p>\n","protected":false},"excerpt":{"rendered":"<p>FPTD 1&#8243; BSPT STD\/GEWINDESCHNEIDER<\/p>\n","protected":false},"featured_media":547387,"template":"","meta":{"_seopress_robots_primary_cat":"","_seopress_titles_title":"","_seopress_titles_desc":"","_seopress_robots_index":""},"product_brand":[3407],"product_cat":[5531,29],"product_tag":[3270],"class_list":{"0":"post-605970","1":"product","2":"type-product","3":"status-publish","4":"has-post-thumbnail","6":"product_brand-milwaukee","7":"product_cat-vari-macchinari-milwaukee","8":"product_cat-macchinari","9":"product_tag-import-milwau","10":"sws-conto-ricavi-merci-rivendita-macchinari-de","11":"sws-gruppo-iva-iva81-de","13":"first","14":"onbackorder","15":"sale","16":"shipping-taxable","17":"purchasable","18":"product-type-simple"},"_links":{"self":[{"href":"https:\/\/lucacastelli.com\/de\/wp-json\/wp\/v2\/product\/605970","targetHints":{"allow":["GET"]}}],"collection":[{"href":"https:\/\/lucacastelli.com\/de\/wp-json\/wp\/v2\/product"}],"about":[{"href":"https:\/\/lucacastelli.com\/de\/wp-json\/wp\/v2\/types\/product"}],"wp:featuredmedia":[{"embeddable":true,"href":"https:\/\/lucacastelli.com\/de\/wp-json\/wp\/v2\/media\/547387"}],"wp:attachment":[{"href":"https:\/\/lucacastelli.com\/de\/wp-json\/wp\/v2\/media?parent=605970"}],"wp:term":[{"taxonomy":"product_brand","embeddable":true,"href":"https:\/\/lucacastelli.com\/de\/wp-json\/wp\/v2\/product_brand?post=605970"},{"taxonomy":"product_cat","embeddable":true,"href":"https:\/\/lucacastelli.com\/de\/wp-json\/wp\/v2\/product_cat?post=605970"},{"taxonomy":"product_tag","embeddable":true,"href":"https:\/\/lucacastelli.com\/de\/wp-json\/wp\/v2\/product_tag?post=605970"}],"curies":[{"name":"wp","href":"https:\/\/api.w.org\/{rel}","templated":true}]}}