{"id":605955,"date":"2025-08-10T17:12:53","date_gmt":"2025-08-10T15:12:53","guid":{"rendered":"https:\/\/lucacastelli.com\/prodotto\/milwaukee-schleifbaender-330-x-10-und-457-x-13-mm-5\/"},"modified":"2025-08-10T17:12:53","modified_gmt":"2025-08-10T15:12:53","slug":"milwaukee-schleifbaender-330-x-10-und-457-x-13-mm-5","status":"publish","type":"product","link":"https:\/\/lucacastelli.com\/de\/produkt\/milwaukee-schleifbaender-330-x-10-und-457-x-13-mm-5\/","title":{"rendered":"Milwaukee Schleifb\u00e4nder 330 x 10 und 457 x 13 mm"},"content":{"rendered":"<p>ABR TAPE 10x330MM G120 &#8211; 10pcs<br \/>\nHochwertiges Keramikkorn f\u00fcr maximalen Abtrag und lange Lebensdauer;zum Schleifen von Metallen an Schwei\u00dfn\u00e4hten, Konturen, Kanten und Profilen;kann auf allen Metallen (Stahl, Buntmetall, Aluminium, Titan und Edelstahl) verwendet werden;Keramik;erzeugt weniger Hitze und verhindert so die Verf\u00e4rbung von Edelstahlmetallen<\/p>\n<p>4932492876<br \/>\n4058546477479<\/p>\n","protected":false},"excerpt":{"rendered":"<p>ABR TAPE 10x330MM G120 &#8211; 10pcs.<\/p>\n","protected":false},"featured_media":558757,"template":"","meta":{"_seopress_robots_primary_cat":"","_seopress_titles_title":"","_seopress_titles_desc":"","_seopress_robots_index":""},"product_brand":[3407],"product_cat":[5531,29],"product_tag":[3270],"class_list":{"0":"post-605955","1":"product","2":"type-product","3":"status-publish","4":"has-post-thumbnail","6":"product_brand-milwaukee","7":"product_cat-vari-macchinari-milwaukee","8":"product_cat-macchinari","9":"product_tag-import-milwau","10":"sws-conto-ricavi-merci-rivendita-macchinari-de","11":"sws-gruppo-iva-iva81-de","13":"first","14":"onbackorder","15":"sale","16":"shipping-taxable","17":"purchasable","18":"product-type-simple"},"_links":{"self":[{"href":"https:\/\/lucacastelli.com\/de\/wp-json\/wp\/v2\/product\/605955","targetHints":{"allow":["GET"]}}],"collection":[{"href":"https:\/\/lucacastelli.com\/de\/wp-json\/wp\/v2\/product"}],"about":[{"href":"https:\/\/lucacastelli.com\/de\/wp-json\/wp\/v2\/types\/product"}],"wp:featuredmedia":[{"embeddable":true,"href":"https:\/\/lucacastelli.com\/de\/wp-json\/wp\/v2\/media\/558757"}],"wp:attachment":[{"href":"https:\/\/lucacastelli.com\/de\/wp-json\/wp\/v2\/media?parent=605955"}],"wp:term":[{"taxonomy":"product_brand","embeddable":true,"href":"https:\/\/lucacastelli.com\/de\/wp-json\/wp\/v2\/product_brand?post=605955"},{"taxonomy":"product_cat","embeddable":true,"href":"https:\/\/lucacastelli.com\/de\/wp-json\/wp\/v2\/product_cat?post=605955"},{"taxonomy":"product_tag","embeddable":true,"href":"https:\/\/lucacastelli.com\/de\/wp-json\/wp\/v2\/product_tag?post=605955"}],"curies":[{"name":"wp","href":"https:\/\/api.w.org\/{rel}","templated":true}]}}