{"id":605946,"date":"2025-08-10T17:12:50","date_gmt":"2025-08-10T15:12:50","guid":{"rendered":"https:\/\/lucacastelli.com\/prodotto\/milwaukee-gewebe-schleifbaender-330-x-10-und-457-x-13-mm-3\/"},"modified":"2025-08-10T17:12:50","modified_gmt":"2025-08-10T15:12:50","slug":"milwaukee-gewebe-schleifbaender-330-x-10-und-457-x-13-mm-3","status":"publish","type":"product","link":"https:\/\/lucacastelli.com\/de\/produkt\/milwaukee-gewebe-schleifbaender-330-x-10-und-457-x-13-mm-3\/","title":{"rendered":"Milwaukee Gewebe-Schleifb\u00e4nder 330 x 10 und 457 x 13 mm"},"content":{"rendered":"<p>ABR TAPE 13x457MM FINE &#8211; 5pcs<br \/>\nB\u00e4nder aus Nylonvlies mit Schleifk\u00f6rnern zur Oberfl\u00e4chenbehandlung ohne Besch\u00e4digung oder Entfernung des Grundmaterials, zum Schleifen, Entgraten, Mattieren und Finishen auf allen Metallen (auch Edelstahl)<\/p>\n<p>4932492886<br \/>\n4058546477578<\/p>\n","protected":false},"excerpt":{"rendered":"<p>ABR TAPE 13x457MM FINE &#8211; 5pcs.<\/p>\n","protected":false},"featured_media":558807,"template":"","meta":{"_seopress_robots_primary_cat":"","_seopress_titles_title":"","_seopress_titles_desc":"","_seopress_robots_index":""},"product_brand":[3407],"product_cat":[5531,29],"product_tag":[3270],"class_list":{"0":"post-605946","1":"product","2":"type-product","3":"status-publish","4":"has-post-thumbnail","6":"product_brand-milwaukee","7":"product_cat-vari-macchinari-milwaukee","8":"product_cat-macchinari","9":"product_tag-import-milwau","10":"sws-conto-ricavi-merci-rivendita-macchinari-de","11":"sws-gruppo-iva-iva81-de","13":"first","14":"onbackorder","15":"sale","16":"shipping-taxable","17":"purchasable","18":"product-type-simple"},"_links":{"self":[{"href":"https:\/\/lucacastelli.com\/de\/wp-json\/wp\/v2\/product\/605946","targetHints":{"allow":["GET"]}}],"collection":[{"href":"https:\/\/lucacastelli.com\/de\/wp-json\/wp\/v2\/product"}],"about":[{"href":"https:\/\/lucacastelli.com\/de\/wp-json\/wp\/v2\/types\/product"}],"wp:featuredmedia":[{"embeddable":true,"href":"https:\/\/lucacastelli.com\/de\/wp-json\/wp\/v2\/media\/558807"}],"wp:attachment":[{"href":"https:\/\/lucacastelli.com\/de\/wp-json\/wp\/v2\/media?parent=605946"}],"wp:term":[{"taxonomy":"product_brand","embeddable":true,"href":"https:\/\/lucacastelli.com\/de\/wp-json\/wp\/v2\/product_brand?post=605946"},{"taxonomy":"product_cat","embeddable":true,"href":"https:\/\/lucacastelli.com\/de\/wp-json\/wp\/v2\/product_cat?post=605946"},{"taxonomy":"product_tag","embeddable":true,"href":"https:\/\/lucacastelli.com\/de\/wp-json\/wp\/v2\/product_tag?post=605946"}],"curies":[{"name":"wp","href":"https:\/\/api.w.org\/{rel}","templated":true}]}}