{"id":605933,"date":"2025-08-10T17:12:46","date_gmt":"2025-08-10T15:12:46","guid":{"rendered":"https:\/\/lucacastelli.com\/prodotto\/milwaukee-reibungsreduzierendes-ersatzband-fuer-gr-800-gr-1400-und-gr-2700-parallelschienen\/"},"modified":"2025-08-10T17:12:46","modified_gmt":"2025-08-10T15:12:46","slug":"milwaukee-reibungsreduzierendes-ersatzband-fuer-gr-800-gr-1400-und-gr-2700-parallelschienen","status":"publish","type":"product","link":"https:\/\/lucacastelli.com\/de\/produkt\/milwaukee-reibungsreduzierendes-ersatzband-fuer-gr-800-gr-1400-und-gr-2700-parallelschienen\/","title":{"rendered":"Milwaukee Reibungsreduzierendes Ersatzband f\u00fcr GR 800, GR 1400 und GR 2700 Parallelschienen"},"content":{"rendered":"<p>PSA-5\/ CIRCULAR SAW GUIDE SUPPORT<br \/>\nErsatz-Antirutschst\u00fctze f\u00fcr GR 800, GR 1400 und GR 2700 Parallelf\u00fchrungen<\/p>\n<p>4932479072<br \/>\n4058546368661<\/p>\n","protected":false},"excerpt":{"rendered":"<p>PSA-5\/ANTI-SLIP KREISS\u00c4GENF\u00dcHRUNG<\/p>\n","protected":false},"featured_media":543036,"template":"","meta":{"_seopress_robots_primary_cat":"","_seopress_titles_title":"","_seopress_titles_desc":"","_seopress_robots_index":""},"product_brand":[3407],"product_cat":[5531,29],"product_tag":[3270],"class_list":{"0":"post-605933","1":"product","2":"type-product","3":"status-publish","4":"has-post-thumbnail","6":"product_brand-milwaukee","7":"product_cat-vari-macchinari-milwaukee","8":"product_cat-macchinari","9":"product_tag-import-milwau","10":"sws-conto-ricavi-merci-rivendita-macchinari-de","11":"sws-gruppo-iva-iva81-de","13":"first","14":"onbackorder","15":"sale","16":"shipping-taxable","17":"purchasable","18":"product-type-simple"},"_links":{"self":[{"href":"https:\/\/lucacastelli.com\/de\/wp-json\/wp\/v2\/product\/605933","targetHints":{"allow":["GET"]}}],"collection":[{"href":"https:\/\/lucacastelli.com\/de\/wp-json\/wp\/v2\/product"}],"about":[{"href":"https:\/\/lucacastelli.com\/de\/wp-json\/wp\/v2\/types\/product"}],"wp:featuredmedia":[{"embeddable":true,"href":"https:\/\/lucacastelli.com\/de\/wp-json\/wp\/v2\/media\/543036"}],"wp:attachment":[{"href":"https:\/\/lucacastelli.com\/de\/wp-json\/wp\/v2\/media?parent=605933"}],"wp:term":[{"taxonomy":"product_brand","embeddable":true,"href":"https:\/\/lucacastelli.com\/de\/wp-json\/wp\/v2\/product_brand?post=605933"},{"taxonomy":"product_cat","embeddable":true,"href":"https:\/\/lucacastelli.com\/de\/wp-json\/wp\/v2\/product_cat?post=605933"},{"taxonomy":"product_tag","embeddable":true,"href":"https:\/\/lucacastelli.com\/de\/wp-json\/wp\/v2\/product_tag?post=605933"}],"curies":[{"name":"wp","href":"https:\/\/api.w.org\/{rel}","templated":true}]}}