{"id":605925,"date":"2025-08-10T17:12:42","date_gmt":"2025-08-10T15:12:42","guid":{"rendered":"https:\/\/lucacastelli.com\/prodotto\/milwaukee-stirnseiten-gross\/"},"modified":"2026-03-02T16:16:52","modified_gmt":"2026-03-02T15:16:52","slug":"milwaukee-stirnseiten-gross","status":"publish","type":"product","link":"https:\/\/lucacastelli.com\/de\/produkt\/milwaukee-stirnseiten-gross\/","title":{"rendered":"MILWAUKEE STIRNSEITEN &#8211; GROSS"},"content":{"rendered":"<p>ABZIEHSTEIN F\u00dcR BOHRKRONEN &#8211; GROSS<br \/>\nSpezielles Bindemittel auf Korund-Basis zum Sch\u00e4rfen von Trennscheiben und Diamantbohrern;Hohe Sch\u00e4rfgeschwindigkeit ohne Besch\u00e4digung der K\u00f6rnung;Geeignet f\u00fcr Diamantscheiben mit einem Durchmesser &gt; 230 mm;Zum Sch\u00e4rfen von Diamant-Trennscheiben und Diamantbohrkronen einfach 2-3 Schnitte in den Schleifstein ausf\u00fchren, dann wird die Trennscheibe freigelegt und gesch\u00e4rft;Ausschlie\u00dflich trocken sch\u00e4rfen;Abmessungen: 300 x 160 x 40 mm<\/p>\n<p>4932492362<br \/>\n4058546417291<\/p>\n","protected":false},"excerpt":{"rendered":"<p>STIRNTELLER &#8211; GROSS<\/p>\n","protected":false},"featured_media":556065,"template":"","meta":{"_seopress_robots_primary_cat":"","_seopress_titles_title":"","_seopress_titles_desc":"","_seopress_robots_index":""},"product_brand":[3407],"product_cat":[5531,29],"product_tag":[3270],"class_list":{"0":"post-605925","1":"product","2":"type-product","3":"status-publish","4":"has-post-thumbnail","6":"product_brand-milwaukee","7":"product_cat-vari-macchinari-milwaukee","8":"product_cat-macchinari","9":"product_tag-import-milwau","10":"sws-conto-ricavi-merci-rivendita-macchinari-de","11":"sws-gruppo-iva-iva81-de","13":"first","14":"onbackorder","15":"sale","16":"shipping-taxable","17":"purchasable","18":"product-type-simple"},"_links":{"self":[{"href":"https:\/\/lucacastelli.com\/de\/wp-json\/wp\/v2\/product\/605925","targetHints":{"allow":["GET"]}}],"collection":[{"href":"https:\/\/lucacastelli.com\/de\/wp-json\/wp\/v2\/product"}],"about":[{"href":"https:\/\/lucacastelli.com\/de\/wp-json\/wp\/v2\/types\/product"}],"wp:featuredmedia":[{"embeddable":true,"href":"https:\/\/lucacastelli.com\/de\/wp-json\/wp\/v2\/media\/556065"}],"wp:attachment":[{"href":"https:\/\/lucacastelli.com\/de\/wp-json\/wp\/v2\/media?parent=605925"}],"wp:term":[{"taxonomy":"product_brand","embeddable":true,"href":"https:\/\/lucacastelli.com\/de\/wp-json\/wp\/v2\/product_brand?post=605925"},{"taxonomy":"product_cat","embeddable":true,"href":"https:\/\/lucacastelli.com\/de\/wp-json\/wp\/v2\/product_cat?post=605925"},{"taxonomy":"product_tag","embeddable":true,"href":"https:\/\/lucacastelli.com\/de\/wp-json\/wp\/v2\/product_tag?post=605925"}],"curies":[{"name":"wp","href":"https:\/\/api.w.org\/{rel}","templated":true}]}}