{"id":605921,"date":"2025-08-10T17:12:43","date_gmt":"2025-08-10T15:12:43","guid":{"rendered":"https:\/\/lucacastelli.com\/prodotto\/milwaukee-bohrplatte-klein\/"},"modified":"2025-08-10T17:12:43","modified_gmt":"2025-08-10T15:12:43","slug":"milwaukee-bohrplatte-klein","status":"publish","type":"product","link":"https:\/\/lucacastelli.com\/de\/produkt\/milwaukee-bohrplatte-klein\/","title":{"rendered":"MILWAUKEE BOHRPLATTE &#8211; KLEIN"},"content":{"rendered":"<p>BOHRSCHLEIFPLATTE &#8211; KLEIN<br \/>\nSpezielle Bindung auf Aluminiumoxidbasis zum Sch\u00e4rfen von Diamanttrennscheiben und Diamantspitzen;Hohe Sch\u00e4rfgeschwindigkeit ohne Besch\u00e4digung des Korns;Geeignet f\u00fcr Diamanttrennscheiben mit einem Durchmesser von bis zu 230 mm;Zum Sch\u00e4rfen von Diamanttrennscheiben und Diamantbohrkronen einfach 2-3 Schnitte in die Schleifscheibe machen, dann wird die Trennscheibe befreit und gesch\u00e4rft;Nur trocken sch\u00e4rfen<\/p>\n<p>4932492361<br \/>\n4058546417284<\/p>\n","protected":false},"excerpt":{"rendered":"<p>VORDERKANTENPLATTE &#8211; KLEIN<\/p>\n","protected":false},"featured_media":556052,"template":"","meta":{"_seopress_robots_primary_cat":"","_seopress_titles_title":"","_seopress_titles_desc":"","_seopress_robots_index":""},"product_brand":[3407],"product_cat":[5531,29],"product_tag":[3270],"class_list":{"0":"post-605921","1":"product","2":"type-product","3":"status-publish","4":"has-post-thumbnail","6":"product_brand-milwaukee","7":"product_cat-vari-macchinari-milwaukee","8":"product_cat-macchinari","9":"product_tag-import-milwau","10":"sws-conto-ricavi-merci-rivendita-macchinari-de","11":"sws-gruppo-iva-iva81-de","13":"first","14":"onbackorder","15":"sale","16":"shipping-taxable","17":"purchasable","18":"product-type-simple"},"_links":{"self":[{"href":"https:\/\/lucacastelli.com\/de\/wp-json\/wp\/v2\/product\/605921","targetHints":{"allow":["GET"]}}],"collection":[{"href":"https:\/\/lucacastelli.com\/de\/wp-json\/wp\/v2\/product"}],"about":[{"href":"https:\/\/lucacastelli.com\/de\/wp-json\/wp\/v2\/types\/product"}],"wp:featuredmedia":[{"embeddable":true,"href":"https:\/\/lucacastelli.com\/de\/wp-json\/wp\/v2\/media\/556052"}],"wp:attachment":[{"href":"https:\/\/lucacastelli.com\/de\/wp-json\/wp\/v2\/media?parent=605921"}],"wp:term":[{"taxonomy":"product_brand","embeddable":true,"href":"https:\/\/lucacastelli.com\/de\/wp-json\/wp\/v2\/product_brand?post=605921"},{"taxonomy":"product_cat","embeddable":true,"href":"https:\/\/lucacastelli.com\/de\/wp-json\/wp\/v2\/product_cat?post=605921"},{"taxonomy":"product_tag","embeddable":true,"href":"https:\/\/lucacastelli.com\/de\/wp-json\/wp\/v2\/product_tag?post=605921"}],"curies":[{"name":"wp","href":"https:\/\/api.w.org\/{rel}","templated":true}]}}