{"id":605912,"date":"2025-08-10T17:12:39","date_gmt":"2025-08-10T15:12:39","guid":{"rendered":"https:\/\/lucacastelli.com\/prodotto\/milwaukee-stuetzteller-75-mm-fuer-m12-schleifer-fsdr75\/"},"modified":"2025-08-10T17:12:39","modified_gmt":"2025-08-10T15:12:39","slug":"milwaukee-stuetzteller-75-mm-fuer-m12-schleifer-fsdr75","status":"publish","type":"product","link":"https:\/\/lucacastelli.com\/de\/produkt\/milwaukee-stuetzteller-75-mm-fuer-m12-schleifer-fsdr75\/","title":{"rendered":"Milwaukee St\u00fctzteller 75 mm f\u00fcr M12-Schleifer FSDR75"},"content":{"rendered":"<p>Schleifteller 75 mm f\u00fcr M12 FSDR75<br \/>\n75mm Schleifunterlage f\u00fcr M12FSDR75<br \/>\nSchleifteller f\u00fcr Exzenterschleifer 75 mm<\/p>\n<p>4932499472<br \/>\n4058546566364<\/p>\n","protected":false},"excerpt":{"rendered":"<p>75-mm-Schleifunterlage f\u00fcr M12FSDR75<\/p>\n","protected":false},"featured_media":593617,"template":"","meta":{"_seopress_robots_primary_cat":"","_seopress_titles_title":"","_seopress_titles_desc":"","_seopress_robots_index":""},"product_brand":[3407],"product_cat":[5531,29],"product_tag":[3270],"class_list":{"0":"post-605912","1":"product","2":"type-product","3":"status-publish","4":"has-post-thumbnail","6":"product_brand-milwaukee","7":"product_cat-vari-macchinari-milwaukee","8":"product_cat-macchinari","9":"product_tag-import-milwau","10":"sws-conto-ricavi-merci-rivendita-macchinari-de","11":"sws-gruppo-iva-iva81-de","13":"first","14":"onbackorder","15":"sale","16":"shipping-taxable","17":"purchasable","18":"product-type-simple"},"_links":{"self":[{"href":"https:\/\/lucacastelli.com\/de\/wp-json\/wp\/v2\/product\/605912","targetHints":{"allow":["GET"]}}],"collection":[{"href":"https:\/\/lucacastelli.com\/de\/wp-json\/wp\/v2\/product"}],"about":[{"href":"https:\/\/lucacastelli.com\/de\/wp-json\/wp\/v2\/types\/product"}],"wp:featuredmedia":[{"embeddable":true,"href":"https:\/\/lucacastelli.com\/de\/wp-json\/wp\/v2\/media\/593617"}],"wp:attachment":[{"href":"https:\/\/lucacastelli.com\/de\/wp-json\/wp\/v2\/media?parent=605912"}],"wp:term":[{"taxonomy":"product_brand","embeddable":true,"href":"https:\/\/lucacastelli.com\/de\/wp-json\/wp\/v2\/product_brand?post=605912"},{"taxonomy":"product_cat","embeddable":true,"href":"https:\/\/lucacastelli.com\/de\/wp-json\/wp\/v2\/product_cat?post=605912"},{"taxonomy":"product_tag","embeddable":true,"href":"https:\/\/lucacastelli.com\/de\/wp-json\/wp\/v2\/product_tag?post=605912"}],"curies":[{"name":"wp","href":"https:\/\/api.w.org\/{rel}","templated":true}]}}