{"id":605908,"date":"2025-08-10T17:12:40","date_gmt":"2025-08-10T15:12:40","guid":{"rendered":"https:\/\/lucacastelli.com\/prodotto\/milwaukee-125-mm-stuetzteller-fuer-m18-schleifer-fros125\/"},"modified":"2025-08-10T17:12:40","modified_gmt":"2025-08-10T15:12:40","slug":"milwaukee-125-mm-stuetzteller-fuer-m18-schleifer-fros125","status":"publish","type":"product","link":"https:\/\/lucacastelli.com\/de\/produkt\/milwaukee-125-mm-stuetzteller-fuer-m18-schleifer-fros125\/","title":{"rendered":"Milwaukee 125 mm St\u00fctzteller f\u00fcr M18-Schleifer FROS125"},"content":{"rendered":"<p>125 mm St\u00fctzteller f\u00fcr M18 FROS125 Schleifer<br \/>\n125mm Schleifunterlage f\u00fcr M12FSDR75<br \/>\nSchleifteller f\u00fcr 125 mm Exzenterschleifer<\/p>\n<p>4932500123<br \/>\n4058546572877<\/p>\n","protected":false},"excerpt":{"rendered":"<p>125mm Schleifsockel f\u00fcr M12FSDR75<\/p>\n","protected":false},"featured_media":593622,"template":"","meta":{"_seopress_robots_primary_cat":"","_seopress_titles_title":"","_seopress_titles_desc":"","_seopress_robots_index":""},"product_brand":[3407],"product_cat":[5531,29],"product_tag":[3270],"class_list":{"0":"post-605908","1":"product","2":"type-product","3":"status-publish","4":"has-post-thumbnail","6":"product_brand-milwaukee","7":"product_cat-vari-macchinari-milwaukee","8":"product_cat-macchinari","9":"product_tag-import-milwau","10":"sws-conto-ricavi-merci-rivendita-macchinari-de","11":"sws-gruppo-iva-iva81-de","13":"first","14":"onbackorder","15":"sale","16":"shipping-taxable","17":"purchasable","18":"product-type-simple"},"_links":{"self":[{"href":"https:\/\/lucacastelli.com\/de\/wp-json\/wp\/v2\/product\/605908","targetHints":{"allow":["GET"]}}],"collection":[{"href":"https:\/\/lucacastelli.com\/de\/wp-json\/wp\/v2\/product"}],"about":[{"href":"https:\/\/lucacastelli.com\/de\/wp-json\/wp\/v2\/types\/product"}],"wp:featuredmedia":[{"embeddable":true,"href":"https:\/\/lucacastelli.com\/de\/wp-json\/wp\/v2\/media\/593622"}],"wp:attachment":[{"href":"https:\/\/lucacastelli.com\/de\/wp-json\/wp\/v2\/media?parent=605908"}],"wp:term":[{"taxonomy":"product_brand","embeddable":true,"href":"https:\/\/lucacastelli.com\/de\/wp-json\/wp\/v2\/product_brand?post=605908"},{"taxonomy":"product_cat","embeddable":true,"href":"https:\/\/lucacastelli.com\/de\/wp-json\/wp\/v2\/product_cat?post=605908"},{"taxonomy":"product_tag","embeddable":true,"href":"https:\/\/lucacastelli.com\/de\/wp-json\/wp\/v2\/product_tag?post=605908"}],"curies":[{"name":"wp","href":"https:\/\/api.w.org\/{rel}","templated":true}]}}