{"id":605903,"date":"2025-08-10T17:37:53","date_gmt":"2025-08-10T15:37:53","guid":{"rendered":"https:\/\/lucacastelli.com\/prodotto\/milwaukee-ersatzklingen-fuer-selbstvorschubbohrer-switchblade-6\/"},"modified":"2025-08-10T17:37:53","modified_gmt":"2025-08-10T15:37:53","slug":"milwaukee-ersatzklingen-fuer-selbstvorschubbohrer-switchblade-6","status":"publish","type":"product","link":"https:\/\/lucacastelli.com\/de\/produkt\/milwaukee-ersatzklingen-fuer-selbstvorschubbohrer-switchblade-6\/","title":{"rendered":"Milwaukee Ersatzklingen f\u00fcr Selbstvorschubbohrer SWITCHBLADE"},"content":{"rendered":"<p>Holzbohrer SWB Self-Edged Blade 38mm-1pc<br \/>\nSWITCHBLADE Ersatzklingen. Das SWITCHBLADE-Wechselklingensystem sorgt daf\u00fcr, dass deine Klinge immer scharf ist. Das steigert die Produktivit\u00e4t, weil es keine Ausfallzeiten durch Nachsch\u00e4rfen gibt, und erh\u00f6ht die Lebensdauer des Bohrers.  <\/p>\n<p>4932479547<br \/>\n4058546373412<\/p>\n","protected":false},"excerpt":{"rendered":"<p>Holzbohrer SWB Selfeed Klinge 38mm-1pc<\/p>\n","protected":false},"featured_media":544092,"template":"","meta":{"_seopress_robots_primary_cat":"","_seopress_titles_title":"","_seopress_titles_desc":"","_seopress_robots_index":""},"product_brand":[3407],"product_cat":[5531,29],"product_tag":[3270],"class_list":{"0":"post-605903","1":"product","2":"type-product","3":"status-publish","4":"has-post-thumbnail","6":"product_brand-milwaukee","7":"product_cat-vari-macchinari-milwaukee","8":"product_cat-macchinari","9":"product_tag-import-milwau","10":"sws-conto-ricavi-merci-rivendita-macchinari-de","11":"sws-gruppo-iva-iva81-de","13":"first","14":"onbackorder","15":"shipping-taxable","16":"purchasable","17":"product-type-simple"},"_links":{"self":[{"href":"https:\/\/lucacastelli.com\/de\/wp-json\/wp\/v2\/product\/605903","targetHints":{"allow":["GET"]}}],"collection":[{"href":"https:\/\/lucacastelli.com\/de\/wp-json\/wp\/v2\/product"}],"about":[{"href":"https:\/\/lucacastelli.com\/de\/wp-json\/wp\/v2\/types\/product"}],"wp:featuredmedia":[{"embeddable":true,"href":"https:\/\/lucacastelli.com\/de\/wp-json\/wp\/v2\/media\/544092"}],"wp:attachment":[{"href":"https:\/\/lucacastelli.com\/de\/wp-json\/wp\/v2\/media?parent=605903"}],"wp:term":[{"taxonomy":"product_brand","embeddable":true,"href":"https:\/\/lucacastelli.com\/de\/wp-json\/wp\/v2\/product_brand?post=605903"},{"taxonomy":"product_cat","embeddable":true,"href":"https:\/\/lucacastelli.com\/de\/wp-json\/wp\/v2\/product_cat?post=605903"},{"taxonomy":"product_tag","embeddable":true,"href":"https:\/\/lucacastelli.com\/de\/wp-json\/wp\/v2\/product_tag?post=605903"}],"curies":[{"name":"wp","href":"https:\/\/api.w.org\/{rel}","templated":true}]}}