{"id":605896,"date":"2025-08-10T17:33:43","date_gmt":"2025-08-10T15:33:43","guid":{"rendered":"https:\/\/lucacastelli.com\/prodotto\/milwaukee-ffp3-maske-nr-d-mit-ventil-10-stk\/"},"modified":"2025-08-10T17:33:43","modified_gmt":"2025-08-10T15:33:43","slug":"milwaukee-ffp3-maske-nr-d-mit-ventil-10-stk","status":"publish","type":"product","link":"https:\/\/lucacastelli.com\/de\/produkt\/milwaukee-ffp3-maske-nr-d-mit-ventil-10-stk\/","title":{"rendered":"Milwaukee FFP3 Maske NR D mit Ventil &#8211; 10 Stk."},"content":{"rendered":"<p>DISPOSABLE FFP3 MASK WITH VALVE 10pcs<br \/>\nFFP3-Klassifizierung &#8211; h\u00f6chste Schutzstufe, bietet bis zu 99% Schutz vor Staub (einschlie\u00dflich Asbeststaub);Einwegventil &#8211; verhindert Beschlagen und erleichtert das Atmen;Ausatemventil &#8211; komfortables Einatmen;Flexibler und verstellbarer Aluminium-Nasenclip;Verstellbarer Nasenb\u00fcgel f\u00fcr zus\u00e4tzlichen Komfort;Anti-Verstopfungs-Innenschicht, die Feuchtigkeit verhindert und die Maske k\u00fchl und trocken h\u00e4lt;Luftdichte Abdichtung, die vor versehentlichem Eindringen von Staub und Schmutz sch\u00fctzt;Kompatibel mit Milwaukee-Schutzbrillen;Europ\u00e4ische Zertifizierung als FFP3-Einweg-Filtermaske: EN 149: 2001\/A1:2009<\/p>\n<p>4932471906<br \/>\n4058546298050<\/p>\n","protected":false},"excerpt":{"rendered":"<p>DISPOSABLE FFP3 MASKE MIT VENTIL 10 Stk.<\/p>\n","protected":false},"featured_media":538501,"template":"","meta":{"_seopress_robots_primary_cat":"","_seopress_titles_title":"","_seopress_titles_desc":"","_seopress_robots_index":""},"product_brand":[3407],"product_cat":[33,537,815,816],"product_tag":[3270],"class_list":{"0":"post-605896","1":"product","2":"type-product","3":"status-publish","4":"has-post-thumbnail","6":"product_brand-milwaukee","7":"product_cat-attrezzature","8":"product_cat-attrezzatura-da-lavoro","9":"product_cat-caschi","10":"product_cat-visiere-e-occhiali-protettivi","11":"product_tag-import-milwau","12":"sws-conto-ricavi-merci-rivendita-macchinari-de","13":"sws-gruppo-iva-iva81-de","15":"first","16":"onbackorder","17":"shipping-taxable","18":"purchasable","19":"product-type-simple"},"_links":{"self":[{"href":"https:\/\/lucacastelli.com\/de\/wp-json\/wp\/v2\/product\/605896","targetHints":{"allow":["GET"]}}],"collection":[{"href":"https:\/\/lucacastelli.com\/de\/wp-json\/wp\/v2\/product"}],"about":[{"href":"https:\/\/lucacastelli.com\/de\/wp-json\/wp\/v2\/types\/product"}],"wp:featuredmedia":[{"embeddable":true,"href":"https:\/\/lucacastelli.com\/de\/wp-json\/wp\/v2\/media\/538501"}],"wp:attachment":[{"href":"https:\/\/lucacastelli.com\/de\/wp-json\/wp\/v2\/media?parent=605896"}],"wp:term":[{"taxonomy":"product_brand","embeddable":true,"href":"https:\/\/lucacastelli.com\/de\/wp-json\/wp\/v2\/product_brand?post=605896"},{"taxonomy":"product_cat","embeddable":true,"href":"https:\/\/lucacastelli.com\/de\/wp-json\/wp\/v2\/product_cat?post=605896"},{"taxonomy":"product_tag","embeddable":true,"href":"https:\/\/lucacastelli.com\/de\/wp-json\/wp\/v2\/product_tag?post=605896"}],"curies":[{"name":"wp","href":"https:\/\/api.w.org\/{rel}","templated":true}]}}