{"id":605893,"date":"2025-08-10T17:33:44","date_gmt":"2025-08-10T15:33:44","guid":{"rendered":"https:\/\/lucacastelli.com\/prodotto\/milwaukee-ffp2-maske-nr-d-20-stueck\/"},"modified":"2025-08-10T17:33:44","modified_gmt":"2025-08-10T15:33:44","slug":"milwaukee-ffp2-maske-nr-d-20-stueck","status":"publish","type":"product","link":"https:\/\/lucacastelli.com\/de\/produkt\/milwaukee-ffp2-maske-nr-d-20-stueck\/","title":{"rendered":"Milwaukee FFP2 Maske NR D &#8211; 20 St\u00fcck"},"content":{"rendered":"<p>FFP2 RESPIRATOR 20PC<br \/>\nFFP2-Einstufung: Der filternde Gesichtsschutz bietet bis zu 94% Schutz;Flexibler Nasenclip aus Aluminium &#8211; verstellbare Passform;Verstellbare Schn\u00fcrsenkel f\u00fcr maximalen Komfort und einfache Anpassung;Anti-Clogging-Innenschicht &#8211; bleiben Sie den ganzen Tag lang k\u00fchl;Kompatibel mit Milwaukee-Schutzbrillen;Europ\u00e4isches FFP2-Zertifikat f\u00fcr filternden Gesichtsschutz f\u00fcr den Einmalgebrauch gem\u00e4\u00df EN149: 2001 \/ A1: 2009<\/p>\n<p>4932479237<br \/>\n4058546370312<\/p>\n","protected":false},"excerpt":{"rendered":"<p>FFP2 ATEMSCHUTZMASKE 20 STK.<\/p>\n","protected":false},"featured_media":543436,"template":"","meta":{"_seopress_robots_primary_cat":"","_seopress_titles_title":"","_seopress_titles_desc":"","_seopress_robots_index":""},"product_brand":[3407],"product_cat":[33,537,815,816],"product_tag":[3270],"class_list":{"0":"post-605893","1":"product","2":"type-product","3":"status-publish","4":"has-post-thumbnail","6":"product_brand-milwaukee","7":"product_cat-attrezzature","8":"product_cat-attrezzatura-da-lavoro","9":"product_cat-caschi","10":"product_cat-visiere-e-occhiali-protettivi","11":"product_tag-import-milwau","12":"sws-conto-ricavi-merci-rivendita-macchinari-de","13":"sws-gruppo-iva-iva81-de","15":"first","16":"onbackorder","17":"shipping-taxable","18":"purchasable","19":"product-type-simple"},"_links":{"self":[{"href":"https:\/\/lucacastelli.com\/de\/wp-json\/wp\/v2\/product\/605893","targetHints":{"allow":["GET"]}}],"collection":[{"href":"https:\/\/lucacastelli.com\/de\/wp-json\/wp\/v2\/product"}],"about":[{"href":"https:\/\/lucacastelli.com\/de\/wp-json\/wp\/v2\/types\/product"}],"wp:featuredmedia":[{"embeddable":true,"href":"https:\/\/lucacastelli.com\/de\/wp-json\/wp\/v2\/media\/543436"}],"wp:attachment":[{"href":"https:\/\/lucacastelli.com\/de\/wp-json\/wp\/v2\/media?parent=605893"}],"wp:term":[{"taxonomy":"product_brand","embeddable":true,"href":"https:\/\/lucacastelli.com\/de\/wp-json\/wp\/v2\/product_brand?post=605893"},{"taxonomy":"product_cat","embeddable":true,"href":"https:\/\/lucacastelli.com\/de\/wp-json\/wp\/v2\/product_cat?post=605893"},{"taxonomy":"product_tag","embeddable":true,"href":"https:\/\/lucacastelli.com\/de\/wp-json\/wp\/v2\/product_tag?post=605893"}],"curies":[{"name":"wp","href":"https:\/\/api.w.org\/{rel}","templated":true}]}}