{"id":605891,"date":"2025-08-10T17:33:42","date_gmt":"2025-08-10T15:33:42","guid":{"rendered":"https:\/\/lucacastelli.com\/prodotto\/milwaukee-faltmaske-ffp2-nr-d-20-stueck\/"},"modified":"2025-08-10T17:33:42","modified_gmt":"2025-08-10T15:33:42","slug":"milwaukee-faltmaske-ffp2-nr-d-20-stueck","status":"publish","type":"product","link":"https:\/\/lucacastelli.com\/de\/produkt\/milwaukee-faltmaske-ffp2-nr-d-20-stueck\/","title":{"rendered":"Milwaukee Faltmaske FFP2 NR D &#8211; 20 St\u00fcck"},"content":{"rendered":"<p>FFP2 RESPIRATOR FOLDABLE 20PC<br \/>\nFFP2-Einstufung: Filtergesichtsschutz bietet bis zu 94% Schutz;Filtergesichtsschutz &#8211; einfach zu tragen;Flexibler Nasenclip aus Aluminium &#8211; verstellbarer Sitz;Verstellbare Schn\u00fcrsenkel f\u00fcr maximalen Komfort und einfache Anpassung;Kompatibel mit Milwaukee-Schutzbrillen;Europ\u00e4isches FFP2-Einweg-Filtergesichtsschutz-Zertifikat gem\u00e4\u00df EN149: 2001 \/ A1: 2009;Einzeln verpackt<\/p>\n<p>4932479238<br \/>\n4058546370329<\/p>\n","protected":false},"excerpt":{"rendered":"<p>FFP2 ATEMSCHUTZMASKE FALTBAR 20TLG.<\/p>\n","protected":false},"featured_media":543441,"template":"","meta":{"_seopress_robots_primary_cat":"","_seopress_titles_title":"","_seopress_titles_desc":"","_seopress_robots_index":""},"product_brand":[3407],"product_cat":[33,537,815,816],"product_tag":[3270],"class_list":{"0":"post-605891","1":"product","2":"type-product","3":"status-publish","4":"has-post-thumbnail","6":"product_brand-milwaukee","7":"product_cat-attrezzature","8":"product_cat-attrezzatura-da-lavoro","9":"product_cat-caschi","10":"product_cat-visiere-e-occhiali-protettivi","11":"product_tag-import-milwau","12":"sws-conto-ricavi-merci-rivendita-macchinari-de","13":"sws-gruppo-iva-iva81-de","15":"first","16":"onbackorder","17":"shipping-taxable","18":"purchasable","19":"product-type-simple"},"_links":{"self":[{"href":"https:\/\/lucacastelli.com\/de\/wp-json\/wp\/v2\/product\/605891","targetHints":{"allow":["GET"]}}],"collection":[{"href":"https:\/\/lucacastelli.com\/de\/wp-json\/wp\/v2\/product"}],"about":[{"href":"https:\/\/lucacastelli.com\/de\/wp-json\/wp\/v2\/types\/product"}],"wp:featuredmedia":[{"embeddable":true,"href":"https:\/\/lucacastelli.com\/de\/wp-json\/wp\/v2\/media\/543441"}],"wp:attachment":[{"href":"https:\/\/lucacastelli.com\/de\/wp-json\/wp\/v2\/media?parent=605891"}],"wp:term":[{"taxonomy":"product_brand","embeddable":true,"href":"https:\/\/lucacastelli.com\/de\/wp-json\/wp\/v2\/product_brand?post=605891"},{"taxonomy":"product_cat","embeddable":true,"href":"https:\/\/lucacastelli.com\/de\/wp-json\/wp\/v2\/product_cat?post=605891"},{"taxonomy":"product_tag","embeddable":true,"href":"https:\/\/lucacastelli.com\/de\/wp-json\/wp\/v2\/product_tag?post=605891"}],"curies":[{"name":"wp","href":"https:\/\/api.w.org\/{rel}","templated":true}]}}