{"id":605888,"date":"2025-08-10T17:33:35","date_gmt":"2025-08-10T15:33:35","guid":{"rendered":"https:\/\/lucacastelli.com\/prodotto\/milwaukee-scheinwerfer-450l\/"},"modified":"2025-08-10T17:33:35","modified_gmt":"2025-08-10T15:33:35","slug":"milwaukee-scheinwerfer-450l","status":"publish","type":"product","link":"https:\/\/lucacastelli.com\/de\/produkt\/milwaukee-scheinwerfer-450l\/","title":{"rendered":"Milwaukee Scheinwerfer 450L"},"content":{"rendered":"<p>HL-SF\/ILLUMINAZIONE<br \/>\nTRUEVIEW\u2122 High-Definition-Beleuchtung mit 450 Lumen, mit einer Reichweite von bis zu 100 m;Mehrere Betriebsmodi, Autonomie von bis zu 25 Stunden;Clip-Befestigung f\u00fcr Helm;Schutzklasse IP54, h\u00e4lt dem Eintauchen bis zu 2 m stand;Waschbares Mikrofaserband;Verstellbare Neigung in 7 Positionen, f\u00fcr maximale Vielseitigkeit<\/p>\n<p>4933471388<\/p>\n","protected":false},"excerpt":{"rendered":"<p>HL-SF\/LIGHTING<\/p>\n","protected":false},"featured_media":574537,"template":"","meta":{"_seopress_robots_primary_cat":"","_seopress_titles_title":"","_seopress_titles_desc":"","_seopress_robots_index":""},"product_brand":[3407],"product_cat":[33,537,815,816],"product_tag":[3270],"class_list":{"0":"post-605888","1":"product","2":"type-product","3":"status-publish","4":"has-post-thumbnail","6":"product_brand-milwaukee","7":"product_cat-attrezzature","8":"product_cat-attrezzatura-da-lavoro","9":"product_cat-caschi","10":"product_cat-visiere-e-occhiali-protettivi","11":"product_tag-import-milwau","12":"sws-conto-ricavi-merci-rivendita-macchinari-de","13":"sws-gruppo-iva-iva81-de","15":"first","16":"onbackorder","17":"shipping-taxable","18":"purchasable","19":"product-type-simple"},"_links":{"self":[{"href":"https:\/\/lucacastelli.com\/de\/wp-json\/wp\/v2\/product\/605888","targetHints":{"allow":["GET"]}}],"collection":[{"href":"https:\/\/lucacastelli.com\/de\/wp-json\/wp\/v2\/product"}],"about":[{"href":"https:\/\/lucacastelli.com\/de\/wp-json\/wp\/v2\/types\/product"}],"wp:featuredmedia":[{"embeddable":true,"href":"https:\/\/lucacastelli.com\/de\/wp-json\/wp\/v2\/media\/574537"}],"wp:attachment":[{"href":"https:\/\/lucacastelli.com\/de\/wp-json\/wp\/v2\/media?parent=605888"}],"wp:term":[{"taxonomy":"product_brand","embeddable":true,"href":"https:\/\/lucacastelli.com\/de\/wp-json\/wp\/v2\/product_brand?post=605888"},{"taxonomy":"product_cat","embeddable":true,"href":"https:\/\/lucacastelli.com\/de\/wp-json\/wp\/v2\/product_cat?post=605888"},{"taxonomy":"product_tag","embeddable":true,"href":"https:\/\/lucacastelli.com\/de\/wp-json\/wp\/v2\/product_tag?post=605888"}],"curies":[{"name":"wp","href":"https:\/\/api.w.org\/{rel}","templated":true}]}}