{"id":605885,"date":"2025-08-10T17:33:41","date_gmt":"2025-08-10T15:33:41","guid":{"rendered":"https:\/\/lucacastelli.com\/prodotto\/milwaukee-ffp2-nr-d-faltmaske-mit-ventil-15-st\/"},"modified":"2025-08-10T17:33:41","modified_gmt":"2025-08-10T15:33:41","slug":"milwaukee-ffp2-nr-d-faltmaske-mit-ventil-15-st","status":"publish","type":"product","link":"https:\/\/lucacastelli.com\/de\/produkt\/milwaukee-ffp2-nr-d-faltmaske-mit-ventil-15-st\/","title":{"rendered":"Milwaukee FFP2 NR D Faltmaske mit Ventil &#8211; 15 St."},"content":{"rendered":"<p>FFP2-Klassifizierung: Filtrierende Gesichtsmaske bietet bis zu 94% Schutz; Filtrierende Gesichtsmaske &#8211; leicht zu tragen; Einwegventile &#8211; verhindert Beschlagen und erleichtert das Atmen; Ausatmungsventil &#8211; erleichtert das Atmen; Flexibler Nasenb\u00fcgel aus Aluminium &#8211; verstellbarer Sitz; Verstellbare Schn\u00fcrsenkel f\u00fcr maximalen Komfort und einfache Anpassung; Verstopfungsfreie Innenschicht &#8211; bleibt den ganzen Tag \u00fcber k\u00fchl; Kompatibel mit Milwaukee-Schutzbrillen; Europ\u00e4isches FFP2-Zertifikat f\u00fcr filtrierende Gesichtsmasken zum einmaligen Gebrauch gem\u00e4\u00df EN149: 2001 \/ A1: 2009;Jede Maske ist einzeln verpackt<\/p>\n<p>4932478801<br \/>\n4058546360832<\/p>\n","protected":false},"excerpt":{"rendered":"<p>FFP2-Klassifizierung: Filtrierende Gesichtsmaske bietet bis zu 94% Schutz; Filtrierende Gesichtsmaske &#8211; leicht zu tragen; Einwegventile &#8211; verhindert Beschlagen und erleichtert<\/p>\n","protected":false},"featured_media":541900,"template":"","meta":{"_seopress_robots_primary_cat":"","_seopress_titles_title":"","_seopress_titles_desc":"","_seopress_robots_index":""},"product_brand":[3407],"product_cat":[33,537,815,816],"product_tag":[3270],"class_list":{"0":"post-605885","1":"product","2":"type-product","3":"status-publish","4":"has-post-thumbnail","6":"product_brand-milwaukee","7":"product_cat-attrezzature","8":"product_cat-attrezzatura-da-lavoro","9":"product_cat-caschi","10":"product_cat-visiere-e-occhiali-protettivi","11":"product_tag-import-milwau","12":"sws-conto-ricavi-merci-rivendita-macchinari-de","13":"sws-gruppo-iva-iva81-de","15":"first","16":"onbackorder","17":"shipping-taxable","18":"purchasable","19":"product-type-simple"},"_links":{"self":[{"href":"https:\/\/lucacastelli.com\/de\/wp-json\/wp\/v2\/product\/605885","targetHints":{"allow":["GET"]}}],"collection":[{"href":"https:\/\/lucacastelli.com\/de\/wp-json\/wp\/v2\/product"}],"about":[{"href":"https:\/\/lucacastelli.com\/de\/wp-json\/wp\/v2\/types\/product"}],"wp:featuredmedia":[{"embeddable":true,"href":"https:\/\/lucacastelli.com\/de\/wp-json\/wp\/v2\/media\/541900"}],"wp:attachment":[{"href":"https:\/\/lucacastelli.com\/de\/wp-json\/wp\/v2\/media?parent=605885"}],"wp:term":[{"taxonomy":"product_brand","embeddable":true,"href":"https:\/\/lucacastelli.com\/de\/wp-json\/wp\/v2\/product_brand?post=605885"},{"taxonomy":"product_cat","embeddable":true,"href":"https:\/\/lucacastelli.com\/de\/wp-json\/wp\/v2\/product_cat?post=605885"},{"taxonomy":"product_tag","embeddable":true,"href":"https:\/\/lucacastelli.com\/de\/wp-json\/wp\/v2\/product_tag?post=605885"}],"curies":[{"name":"wp","href":"https:\/\/api.w.org\/{rel}","templated":true}]}}