{"id":605877,"date":"2025-08-10T17:33:32","date_gmt":"2025-08-10T15:33:32","guid":{"rendered":"https:\/\/lucacastelli.com\/prodotto\/milwaukee-eigensicherer-scheinwerfer-atex-310l\/"},"modified":"2025-08-10T17:33:32","modified_gmt":"2025-08-10T15:33:32","slug":"milwaukee-eigensicherer-scheinwerfer-atex-310l","status":"publish","type":"product","link":"https:\/\/lucacastelli.com\/de\/produkt\/milwaukee-eigensicherer-scheinwerfer-atex-310l\/","title":{"rendered":"Milwaukee Eigensicherer Scheinwerfer ATEX 310L"},"content":{"rendered":"<p>ISHL-LED\/ILLUMINATION<br \/>\nATEX Zone 0 (Kategorie 1) zertifiziert;TRUEVIEW\u2122 High-Definition-Beleuchtung mit 310 Lumen, mit einer Reichweite von bis zu 100 m;Hochsichtbare Farbkombination f\u00fcr maximale Sicherheit;Mehrere Betriebsmodi, Autonomie bis zu 40 Stunden;Schutzklasse IP64;Entwickelt f\u00fcr den Einsatz in explosionsgef\u00e4hrdeten Bereichen;Helmgummiband (mit DUAL LOCK\u2122 Clip zur Befestigung) und Nylonband im Lieferumfang<\/p>\n<p>4933478112<br \/>\n4058546340452<\/p>\n","protected":false},"excerpt":{"rendered":"<p>ISHL-LED\/BELEUCHTUNG<\/p>\n","protected":false},"featured_media":600999,"template":"","meta":{"_seopress_robots_primary_cat":"","_seopress_titles_title":"","_seopress_titles_desc":"","_seopress_robots_index":""},"product_brand":[3656],"product_cat":[1396,150,1404,1411],"product_tag":[3272],"class_list":{"0":"post-605877","1":"product","2":"type-product","3":"status-publish","4":"has-post-thumbnail","6":"product_brand-milwaukee-de","7":"product_cat-arbeitsausrustung","8":"product_cat-ausrustung","9":"product_cat-helme","10":"product_cat-visiere-und-schutzbrillen","11":"product_tag-import-milwau-de","12":"sws-conto-ricavi-merci-rivendita-macchinari-de","13":"sws-gruppo-iva-iva81-de","15":"first","16":"onbackorder","17":"shipping-taxable","18":"purchasable","19":"product-type-simple"},"_links":{"self":[{"href":"https:\/\/lucacastelli.com\/de\/wp-json\/wp\/v2\/product\/605877","targetHints":{"allow":["GET"]}}],"collection":[{"href":"https:\/\/lucacastelli.com\/de\/wp-json\/wp\/v2\/product"}],"about":[{"href":"https:\/\/lucacastelli.com\/de\/wp-json\/wp\/v2\/types\/product"}],"wp:featuredmedia":[{"embeddable":true,"href":"https:\/\/lucacastelli.com\/de\/wp-json\/wp\/v2\/media\/600999"}],"wp:attachment":[{"href":"https:\/\/lucacastelli.com\/de\/wp-json\/wp\/v2\/media?parent=605877"}],"wp:term":[{"taxonomy":"product_brand","embeddable":true,"href":"https:\/\/lucacastelli.com\/de\/wp-json\/wp\/v2\/product_brand?post=605877"},{"taxonomy":"product_cat","embeddable":true,"href":"https:\/\/lucacastelli.com\/de\/wp-json\/wp\/v2\/product_cat?post=605877"},{"taxonomy":"product_tag","embeddable":true,"href":"https:\/\/lucacastelli.com\/de\/wp-json\/wp\/v2\/product_tag?post=605877"}],"curies":[{"name":"wp","href":"https:\/\/api.w.org\/{rel}","templated":true}]}}