{"id":605874,"date":"2025-08-10T17:30:42","date_gmt":"2025-08-10T15:30:42","guid":{"rendered":"https:\/\/lucacastelli.com\/prodotto\/milwaukee-m18-fuel-teleskop-stockschere-30-cm\/"},"modified":"2025-08-10T17:30:42","modified_gmt":"2025-08-10T15:30:42","slug":"milwaukee-m18-fuel-teleskop-stockschere-30-cm","status":"publish","type":"product","link":"https:\/\/lucacastelli.com\/de\/produkt\/milwaukee-m18-fuel-teleskop-stockschere-30-cm\/","title":{"rendered":"Milwaukee M18 FUEL Teleskop-Stockschere 30 cm"},"content":{"rendered":"<p>M18 FTPS30-0 \/ELEKTRISCHE S\u00c4GEN<br \/>\nHervorragende Schnittleistung durch die Kombination aus hoher Kettengeschwindigkeit (25.4 m\/s), hohem Drehmoment und 30 cm Schenkell\u00e4nge f\u00fcr schnelle Schnitte;\u00dcbertrifft selbst bei den anspruchsvollsten Anwendungen f\u00fchrende Benzinl\u00f6sungen;Teleskopstange mit quadratischem Profil und Schnellverstellmanschette erm\u00f6glichen eine optimale L\u00e4ngenanpassung bis zu 400 cm;Schnitte von bis zu 70 x 150 mm auf Hartholz mit 1 x 12 Ah M18 OUTPUT\u2122-Akku;Entwickelt f\u00fcr pr\u00e4zise Schnitte in Bereichen mit hohen B\u00e4umen, mit optimaler Balance und Design;Mit dem variablen Geschwindigkeitsschalter hat der Benutzer die volle Kontrolle \u00fcber die Leistungskurve und erreicht die volle Geschwindigkeit in weniger als einer Sekunde;Auslaufsicherer \u00d6ltank mit leicht zug\u00e4nglichem Reservoir und transparentem Sichtfenster;Seitlich zug\u00e4nglicher Kettenspanner zum einfachen Einstellen der Kette;Haken zum Herausziehen von \u00c4sten, ideal zum Aufbrechen und Entfernen von abgeschnittenen \u00c4sten;Kompatibel mit Schultergurt f\u00fcr mehr Benutzerkomfort;FUEL-Technologie definiert schnurlose Elektrowerkzeuge neu. Der b\u00fcrstenlose Motor, die REDLINK PLUS\u2122-Elektronik und der REDLITHIUM\u2122-Akku sorgen f\u00fcr \u00fcberragende Leistung und Langlebigkeit;Funktioniert mit allen M18 Milwaukee\u00ae-Akkus <\/p>\n<p>4933480868<br \/>\n4058546411534<\/p>\n","protected":false},"excerpt":{"rendered":"<p>M18 FTPS30-0 \/ELEKTRISCHE S\u00c4GEN<\/p>\n","protected":false},"featured_media":583078,"template":"","meta":{"_seopress_robots_primary_cat":"","_seopress_titles_title":"","_seopress_titles_desc":"","_seopress_robots_index":""},"product_brand":[3656],"product_cat":[1629,1695,169],"product_tag":[3272],"class_list":{"0":"post-605874","1":"product","2":"type-product","3":"status-publish","4":"has-post-thumbnail","6":"product_brand-milwaukee-de","7":"product_cat-akku-heckenscheren-und-astscheren","8":"product_cat-heckenscheren-und-astscheren","9":"product_cat-maschinen","10":"product_tag-import-milwau-de","11":"sws-conto-ricavi-merci-rivendita-macchinari-de","12":"sws-gruppo-iva-iva81-de","14":"first","15":"onbackorder","16":"sale","17":"shipping-taxable","18":"purchasable","19":"product-type-simple"},"_links":{"self":[{"href":"https:\/\/lucacastelli.com\/de\/wp-json\/wp\/v2\/product\/605874","targetHints":{"allow":["GET"]}}],"collection":[{"href":"https:\/\/lucacastelli.com\/de\/wp-json\/wp\/v2\/product"}],"about":[{"href":"https:\/\/lucacastelli.com\/de\/wp-json\/wp\/v2\/types\/product"}],"wp:featuredmedia":[{"embeddable":true,"href":"https:\/\/lucacastelli.com\/de\/wp-json\/wp\/v2\/media\/583078"}],"wp:attachment":[{"href":"https:\/\/lucacastelli.com\/de\/wp-json\/wp\/v2\/media?parent=605874"}],"wp:term":[{"taxonomy":"product_brand","embeddable":true,"href":"https:\/\/lucacastelli.com\/de\/wp-json\/wp\/v2\/product_brand?post=605874"},{"taxonomy":"product_cat","embeddable":true,"href":"https:\/\/lucacastelli.com\/de\/wp-json\/wp\/v2\/product_cat?post=605874"},{"taxonomy":"product_tag","embeddable":true,"href":"https:\/\/lucacastelli.com\/de\/wp-json\/wp\/v2\/product_tag?post=605874"}],"curies":[{"name":"wp","href":"https:\/\/api.w.org\/{rel}","templated":true}]}}