{"id":605868,"date":"2025-08-10T17:28:29","date_gmt":"2025-08-10T15:28:29","guid":{"rendered":"https:\/\/lucacastelli.com\/prodotto\/milwaukee-m12-chemie-pumpspruehgeraet-37-l\/"},"modified":"2025-08-10T17:28:29","modified_gmt":"2025-08-10T15:28:29","slug":"milwaukee-m12-chemie-pumpspruehgeraet-37-l","status":"publish","type":"product","link":"https:\/\/lucacastelli.com\/de\/produkt\/milwaukee-m12-chemie-pumpspruehgeraet-37-l\/","title":{"rendered":"Milwaukee M12\u2122 Chemie-Pumpspr\u00fchger\u00e4t 3,7 L"},"content":{"rendered":"<p>M12 BHCS3L-201 \/GARTENGER\u00c4TE<br \/>\nSofortiger, konstanter und einstellbarer Druck f\u00fcr maximale Kontrolle;3 verschiedene Druckmodi f\u00fcr unterschiedliche Anwendungen wie lokales, diffuses und Fernspr\u00fchen von 0,4 bis 1,1 l\/min;Spart Zeit und M\u00fche im Vergleich zur Verwendung eines Handspr\u00fchers;Erreicht bis zu 5,5 bar Maximaldruck und bis zu 5.2 Meter vertikale Spr\u00fchdistanz;Bis zu 300 Liter Spr\u00fchwasser mit nur einer M12\u2122 2,0 Ah-Batterie;Lanze vom Kanister abnehmbar, um die Spr\u00fchpumpe ein- oder beidh\u00e4ndig bedienen zu k\u00f6nnen;Schalterverriegelung, um ein unerw\u00fcnschtes Spr\u00fchen von Chemikalien auszuschlie\u00dfen;F\u00fcr den Einsatz mit Pestiziden, Herbiziden, Insektiziden, Fungiziden und D\u00fcngemitteln;Funktioniert mit allen Milwaukee-Batterien<\/p>\n<p>4933480782<br \/>\n4058546410674<\/p>\n","protected":false},"excerpt":{"rendered":"<p>M12 BHCS3L-201 \/GARTENGER\u00c4TE<\/p>\n","protected":false},"featured_media":582947,"template":"","meta":{"_seopress_robots_primary_cat":"","_seopress_titles_title":"","_seopress_titles_desc":"","_seopress_robots_index":""},"product_brand":[3656],"product_cat":[169,1566,1517],"product_tag":[3272],"class_list":{"0":"post-605868","1":"product","2":"type-product","3":"status-publish","4":"has-post-thumbnail","6":"product_brand-milwaukee-de","7":"product_cat-maschinen","8":"product_cat-nebelgeblase-und-spruhgerate","9":"product_cat-spruhgerate","10":"product_tag-import-milwau-de","11":"sws-conto-ricavi-merci-rivendita-macchinari-de","12":"sws-gruppo-iva-iva81-de","14":"first","15":"onbackorder","16":"sale","17":"shipping-taxable","18":"purchasable","19":"product-type-simple"},"_links":{"self":[{"href":"https:\/\/lucacastelli.com\/de\/wp-json\/wp\/v2\/product\/605868","targetHints":{"allow":["GET"]}}],"collection":[{"href":"https:\/\/lucacastelli.com\/de\/wp-json\/wp\/v2\/product"}],"about":[{"href":"https:\/\/lucacastelli.com\/de\/wp-json\/wp\/v2\/types\/product"}],"wp:featuredmedia":[{"embeddable":true,"href":"https:\/\/lucacastelli.com\/de\/wp-json\/wp\/v2\/media\/582947"}],"wp:attachment":[{"href":"https:\/\/lucacastelli.com\/de\/wp-json\/wp\/v2\/media?parent=605868"}],"wp:term":[{"taxonomy":"product_brand","embeddable":true,"href":"https:\/\/lucacastelli.com\/de\/wp-json\/wp\/v2\/product_brand?post=605868"},{"taxonomy":"product_cat","embeddable":true,"href":"https:\/\/lucacastelli.com\/de\/wp-json\/wp\/v2\/product_cat?post=605868"},{"taxonomy":"product_tag","embeddable":true,"href":"https:\/\/lucacastelli.com\/de\/wp-json\/wp\/v2\/product_tag?post=605868"}],"curies":[{"name":"wp","href":"https:\/\/api.w.org\/{rel}","templated":true}]}}