{"id":605838,"date":"2025-08-10T17:24:48","date_gmt":"2025-08-10T15:24:48","guid":{"rendered":"https:\/\/lucacastelli.com\/prodotto\/milwaukee-linearer-laser-gruen-m12-3-linien-360-mit-selbstausrichtung\/"},"modified":"2025-08-10T17:24:48","modified_gmt":"2025-08-10T15:24:48","slug":"milwaukee-linearer-laser-gruen-m12-3-linien-360-mit-selbstausrichtung","status":"publish","type":"product","link":"https:\/\/lucacastelli.com\/de\/produkt\/milwaukee-linearer-laser-gruen-m12-3-linien-360-mit-selbstausrichtung\/","title":{"rendered":"Milwaukee Linearer Laser Gr\u00fcn M12\u2122 3-Linien 360\u00b0 mit Selbstausrichtung"},"content":{"rendered":"<p>Gr\u00fcner M12\u2122 Linearer Laser 3-Linien 360\u00b0 mit automatischer Ausrichtung<br \/>\nM12A3PLO-0C LASER DETECTOR<br \/>\nEine horizontale und zwei vertikale Linien zum Ausrichten, Nivellieren, Quadrieren und \u00dcbertragen von Punkten f\u00fcr eine einfache Raumplanung mit einem Werkzeug;Selbstausrichtungsfunktion: Der Laserstrahl richtet sich automatisch auf die Mitte des Empf\u00e4ngers\/der Fernbedienung (im Lieferumfang enthalten) aus, f\u00fcr maximale Produktivit\u00e4t;38 m Reichweite in Kombination mit dem mitgelieferten Empf\u00e4nger\/der Fernbedienung, f\u00fcr Anwendungen auf gro\u00dfe Entfernungen;Gr\u00fcner Laser mit hoher Intensit\u00e4t, bis zu 70 % heller als der M12 3PL, optimiert f\u00fcr gro\u00dfe Entfernungen und helle Arbeitsumgebungen;Pendelsystem mit 3 Modi: Manuell f\u00fcr den Einsatz in jedem Winkel, Selbstnivellierung mit Ausrichtungsanzeige mit 4 Grad Abweichung und verriegeltes Pendel f\u00fcr zus\u00e4tzlichen Schutz beim Transport;Magnete, 1\/4 Zoll und 5\/8 Zoll Stativgewinde und integrierte Bohrungen: Einfache Befestigung an Stahl, Holz und Stativ;IP 54 Schutzklasse, um Wasser und Staub zu widerstehen, h\u00e4lt St\u00fcrze aus 1 m H\u00f6he aus;360-Grad-Laserrotation mit 10-Grad-Mikroausrichtungsrad f\u00fcr pr\u00e4zise und schnelle Einstellungen;ONE-KEY\u2122 Tracking &amp; Security System bietet kostenlose, cloudbasierte Bestandsverfolgung und -verwaltung, au\u00dferdem Funktionen f\u00fcr Fernsperrung und Anwendungsberichte;Funktioniert mit allen Milwaukee\u00ae M12\u2122 Batterien<\/p>\n<p>4933499001<br \/>\n4058546528706<\/p>\n","protected":false},"excerpt":{"rendered":"<p>M12A3PLO-0C LASERDETEKTOR<\/p>\n","protected":false},"featured_media":593471,"template":"","meta":{"_seopress_robots_primary_cat":"","_seopress_titles_title":"","_seopress_titles_desc":"","_seopress_robots_index":""},"product_brand":[3407],"product_cat":[29,514,551],"product_tag":[3270],"class_list":{"0":"post-605838","1":"product","2":"type-product","3":"status-publish","4":"has-post-thumbnail","6":"product_brand-milwaukee","7":"product_cat-macchinari","8":"product_cat-altri-dispositivi","9":"product_cat-apparecchi-di-misurazione","10":"product_tag-import-milwau","11":"sws-conto-ricavi-merci-rivendita-macchinari-de","12":"sws-gruppo-iva-iva81-de","14":"first","15":"onbackorder","16":"sale","17":"shipping-taxable","18":"purchasable","19":"product-type-simple"},"_links":{"self":[{"href":"https:\/\/lucacastelli.com\/de\/wp-json\/wp\/v2\/product\/605838","targetHints":{"allow":["GET"]}}],"collection":[{"href":"https:\/\/lucacastelli.com\/de\/wp-json\/wp\/v2\/product"}],"about":[{"href":"https:\/\/lucacastelli.com\/de\/wp-json\/wp\/v2\/types\/product"}],"wp:featuredmedia":[{"embeddable":true,"href":"https:\/\/lucacastelli.com\/de\/wp-json\/wp\/v2\/media\/593471"}],"wp:attachment":[{"href":"https:\/\/lucacastelli.com\/de\/wp-json\/wp\/v2\/media?parent=605838"}],"wp:term":[{"taxonomy":"product_brand","embeddable":true,"href":"https:\/\/lucacastelli.com\/de\/wp-json\/wp\/v2\/product_brand?post=605838"},{"taxonomy":"product_cat","embeddable":true,"href":"https:\/\/lucacastelli.com\/de\/wp-json\/wp\/v2\/product_cat?post=605838"},{"taxonomy":"product_tag","embeddable":true,"href":"https:\/\/lucacastelli.com\/de\/wp-json\/wp\/v2\/product_tag?post=605838"}],"curies":[{"name":"wp","href":"https:\/\/api.w.org\/{rel}","templated":true}]}}