{"id":605837,"date":"2025-08-10T17:24:40","date_gmt":"2025-08-10T15:24:40","guid":{"rendered":"https:\/\/lucacastelli.com\/prodotto\/milwaukee-wasserwaage-slim-serie-10\/"},"modified":"2025-08-10T17:24:40","modified_gmt":"2025-08-10T15:24:40","slug":"milwaukee-wasserwaage-slim-serie-10","status":"publish","type":"product","link":"https:\/\/lucacastelli.com\/de\/produkt\/milwaukee-wasserwaage-slim-serie-10\/","title":{"rendered":"Milwaukee Wasserwaage &#8211; SLIM Serie"},"content":{"rendered":"<p>MAGNETIC LEVEL 100 cm Slim Series -1pcs<br \/>\n2 Libellen aus Acryl, f\u00fcr maximale Sto\u00df- und UV-Best\u00e4ndigkeit;Gefr\u00e4ste Oberfl\u00e4che bis 120cm garantiert maximale Genauigkeit;Sto\u00dfsichere Gummikappen;Rutschfester Griff verhindert das Abrutschen der Wasserwaage w\u00e4hrend der Messung;Langlebiges Loch zur einfachen Aufbewahrung;Unabh\u00e4ngig zertifizierter Genauigkeitsgrad (VPA);Genauigkeit 0.029\u00b0( 0,0005Zoll\/in, 0,5mm\/M) in Standardposition<\/p>\n<p>4932464856<br \/>\n4058546228019<\/p>\n","protected":false},"excerpt":{"rendered":"<p>MAGNETIC LEVEL 100 cm Slim Series -1pcs<\/p>\n","protected":false},"featured_media":498733,"template":"","meta":{"_seopress_robots_primary_cat":"","_seopress_titles_title":"","_seopress_titles_desc":"","_seopress_robots_index":""},"product_brand":[3656],"product_cat":[169,1454,1470],"product_tag":[3272],"class_list":{"0":"post-605837","1":"product","2":"type-product","3":"status-publish","4":"has-post-thumbnail","6":"product_brand-milwaukee-de","7":"product_cat-maschinen","8":"product_cat-andere-gerate","9":"product_cat-messgerate","10":"product_tag-import-milwau-de","11":"sws-conto-ricavi-merci-rivendita-macchinari-de","12":"sws-gruppo-iva-iva81-de","14":"first","15":"onbackorder","16":"sale","17":"shipping-taxable","18":"purchasable","19":"product-type-simple"},"_links":{"self":[{"href":"https:\/\/lucacastelli.com\/de\/wp-json\/wp\/v2\/product\/605837","targetHints":{"allow":["GET"]}}],"collection":[{"href":"https:\/\/lucacastelli.com\/de\/wp-json\/wp\/v2\/product"}],"about":[{"href":"https:\/\/lucacastelli.com\/de\/wp-json\/wp\/v2\/types\/product"}],"wp:featuredmedia":[{"embeddable":true,"href":"https:\/\/lucacastelli.com\/de\/wp-json\/wp\/v2\/media\/498733"}],"wp:attachment":[{"href":"https:\/\/lucacastelli.com\/de\/wp-json\/wp\/v2\/media?parent=605837"}],"wp:term":[{"taxonomy":"product_brand","embeddable":true,"href":"https:\/\/lucacastelli.com\/de\/wp-json\/wp\/v2\/product_brand?post=605837"},{"taxonomy":"product_cat","embeddable":true,"href":"https:\/\/lucacastelli.com\/de\/wp-json\/wp\/v2\/product_cat?post=605837"},{"taxonomy":"product_tag","embeddable":true,"href":"https:\/\/lucacastelli.com\/de\/wp-json\/wp\/v2\/product_tag?post=605837"}],"curies":[{"name":"wp","href":"https:\/\/api.w.org\/{rel}","templated":true}]}}