{"id":605829,"date":"2025-08-10T17:24:37","date_gmt":"2025-08-10T15:24:37","guid":{"rendered":"https:\/\/lucacastelli.com\/prodotto\/milwaukee-wasserwaage-slim-serie-7\/"},"modified":"2025-08-10T17:24:37","modified_gmt":"2025-08-10T15:24:37","slug":"milwaukee-wasserwaage-slim-serie-7","status":"publish","type":"product","link":"https:\/\/lucacastelli.com\/de\/produkt\/milwaukee-wasserwaage-slim-serie-7\/","title":{"rendered":"Milwaukee Wasserwaage &#8211; SLIM Serie"},"content":{"rendered":"<p>Mag Slim Box Level 20cm<br \/>\n2 robuste, sto\u00dffeste und ultraviolette Acrylnivelliere;Pr\u00e4zisionsgefr\u00e4ste Messfl\u00e4chen (bis zu 120 cm) f\u00fcr pr\u00e4zises Richten;Gummierte Kappe zur Sto\u00dfd\u00e4mpfung;Anti-Rutsch-Anschlag zur einfachen Positionierung auf glatten Oberfl\u00e4chen;Aufh\u00e4ngem\u00f6glichkeit zur einfachen Aufbewahrung;Genauigkeit zertifiziert durch VPA<\/p>\n<p>4932478897<br \/>\n4058546361792<\/p>\n","protected":false},"excerpt":{"rendered":"<p>Mag Slim Box Level 20cm<\/p>\n","protected":false},"featured_media":542200,"template":"","meta":{"_seopress_robots_primary_cat":"","_seopress_titles_title":"","_seopress_titles_desc":"","_seopress_robots_index":""},"product_brand":[3656],"product_cat":[1454,169,1470],"product_tag":[3272],"class_list":{"0":"post-605829","1":"product","2":"type-product","3":"status-publish","4":"has-post-thumbnail","6":"product_brand-milwaukee-de","7":"product_cat-andere-gerate","8":"product_cat-maschinen","9":"product_cat-messgerate","10":"product_tag-import-milwau-de","11":"sws-conto-ricavi-merci-rivendita-macchinari-de","12":"sws-gruppo-iva-iva81-de","14":"first","15":"onbackorder","16":"sale","17":"shipping-taxable","18":"purchasable","19":"product-type-simple"},"_links":{"self":[{"href":"https:\/\/lucacastelli.com\/de\/wp-json\/wp\/v2\/product\/605829","targetHints":{"allow":["GET"]}}],"collection":[{"href":"https:\/\/lucacastelli.com\/de\/wp-json\/wp\/v2\/product"}],"about":[{"href":"https:\/\/lucacastelli.com\/de\/wp-json\/wp\/v2\/types\/product"}],"wp:featuredmedia":[{"embeddable":true,"href":"https:\/\/lucacastelli.com\/de\/wp-json\/wp\/v2\/media\/542200"}],"wp:attachment":[{"href":"https:\/\/lucacastelli.com\/de\/wp-json\/wp\/v2\/media?parent=605829"}],"wp:term":[{"taxonomy":"product_brand","embeddable":true,"href":"https:\/\/lucacastelli.com\/de\/wp-json\/wp\/v2\/product_brand?post=605829"},{"taxonomy":"product_cat","embeddable":true,"href":"https:\/\/lucacastelli.com\/de\/wp-json\/wp\/v2\/product_cat?post=605829"},{"taxonomy":"product_tag","embeddable":true,"href":"https:\/\/lucacastelli.com\/de\/wp-json\/wp\/v2\/product_tag?post=605829"}],"curies":[{"name":"wp","href":"https:\/\/api.w.org\/{rel}","templated":true}]}}