{"id":605823,"date":"2025-08-10T17:24:36","date_gmt":"2025-08-10T15:24:36","guid":{"rendered":"https:\/\/lucacastelli.com\/prodotto\/milwaukee-digitale-wasserwaage-2\/"},"modified":"2025-08-10T17:24:36","modified_gmt":"2025-08-10T15:24:36","slug":"milwaukee-digitale-wasserwaage-2","status":"publish","type":"product","link":"https:\/\/lucacastelli.com\/de\/produkt\/milwaukee-digitale-wasserwaage-2\/","title":{"rendered":"Milwaukee Digitale Wasserwaage"},"content":{"rendered":"<p>60 CM DIGITAL LEVEL<br \/>\nPINPOINT\u2122 Messtechnologie erm\u00f6glicht extrem pr\u00e4zise Messungen mit akustischer Warnung;Schnelles Einrichten und Speichern von Messungen;Wiederaufladbare digitale Wasserwaage;Bis zu 2-mal h\u00f6here Genauigkeit;Schnelle Einstellung \u00fcber das Men\u00fc: Modus, Empfindlichkeit, Toleranz, Leistung und Sprache;Toleranz kann f\u00fcr Pr\u00e4zisions- und Standardarbeiten eingestellt werden;Schutzart IP65;Genauigkeit: 0\u00b0, 90\u00b0\/0.03\u00b0 und 1\u00b0-89\u00b0\/0,10\u00b0;Hergestellt aus robustem und langlebigem Material<\/p>\n<p>4933471978<br \/>\n4058546298777<\/p>\n","protected":false},"excerpt":{"rendered":"<p>60 CM DIGITALE WASSERWAAGE<\/p>\n","protected":false},"featured_media":575226,"template":"","meta":{"_seopress_robots_primary_cat":"","_seopress_titles_title":"","_seopress_titles_desc":"","_seopress_robots_index":""},"product_brand":[3407],"product_cat":[29,514,551],"product_tag":[3270],"class_list":{"0":"post-605823","1":"product","2":"type-product","3":"status-publish","4":"has-post-thumbnail","6":"product_brand-milwaukee","7":"product_cat-macchinari","8":"product_cat-altri-dispositivi","9":"product_cat-apparecchi-di-misurazione","10":"product_tag-import-milwau","11":"sws-conto-ricavi-merci-rivendita-macchinari-de","12":"sws-gruppo-iva-iva81-de","14":"first","15":"onbackorder","16":"sale","17":"shipping-taxable","18":"purchasable","19":"product-type-simple"},"_links":{"self":[{"href":"https:\/\/lucacastelli.com\/de\/wp-json\/wp\/v2\/product\/605823","targetHints":{"allow":["GET"]}}],"collection":[{"href":"https:\/\/lucacastelli.com\/de\/wp-json\/wp\/v2\/product"}],"about":[{"href":"https:\/\/lucacastelli.com\/de\/wp-json\/wp\/v2\/types\/product"}],"wp:featuredmedia":[{"embeddable":true,"href":"https:\/\/lucacastelli.com\/de\/wp-json\/wp\/v2\/media\/575226"}],"wp:attachment":[{"href":"https:\/\/lucacastelli.com\/de\/wp-json\/wp\/v2\/media?parent=605823"}],"wp:term":[{"taxonomy":"product_brand","embeddable":true,"href":"https:\/\/lucacastelli.com\/de\/wp-json\/wp\/v2\/product_brand?post=605823"},{"taxonomy":"product_cat","embeddable":true,"href":"https:\/\/lucacastelli.com\/de\/wp-json\/wp\/v2\/product_cat?post=605823"},{"taxonomy":"product_tag","embeddable":true,"href":"https:\/\/lucacastelli.com\/de\/wp-json\/wp\/v2\/product_tag?post=605823"}],"curies":[{"name":"wp","href":"https:\/\/api.w.org\/{rel}","templated":true}]}}