{"id":605814,"date":"2025-08-10T17:24:35","date_gmt":"2025-08-10T15:24:35","guid":{"rendered":"https:\/\/lucacastelli.com\/prodotto\/milwaukee-m18-1200-m-drehbares-laser-nivellier-horizontal-und-vertikal-radius-rot-doppelte-neigung-automatisch-mit-one-key\/"},"modified":"2025-08-10T17:24:35","modified_gmt":"2025-08-10T15:24:35","slug":"milwaukee-m18-1200-m-drehbares-laser-nivellier-horizontal-und-vertikal-radius-rot-doppelte-neigung-automatisch-mit-one-key","status":"publish","type":"product","link":"https:\/\/lucacastelli.com\/de\/produkt\/milwaukee-m18-1200-m-drehbares-laser-nivellier-horizontal-und-vertikal-radius-rot-doppelte-neigung-automatisch-mit-one-key\/","title":{"rendered":"Milwaukee M18 1200 m Drehbares Laser-Nivellier Horizontal und Vertikal Radius Rot Doppelte Neigung Automatisch mit ONE-KEY\u2122"},"content":{"rendered":"<p>M18 RLOHV1200-501C \/LIVELLE LASER ROTANT<br \/>\nDer Rotationslaser eignet sich perfekt f\u00fcr alle Neigungsanwendungen; schneller und pr\u00e4ziser automatischer Doppelneigungsabgleich bis zu 12,5 % in der X- und Y-Achse, mit ferngesteuerter Neigungseinstellung \u00fcber eine Fernbedienung, die die Wasserwaagenanzeige dupliziert; einstellbare Abdeckblenden zur Vermeidung von Laserinterferenzen und Laserreflexionen an Fenstern; f\u00fcr die h\u00e4rtesten Bedingungen auf der Baustelle ausgelegt: IP66, widersteht St\u00fcrzen bis zu 1.5 Meter; \u00b15 Grad Selbstnivellierung f\u00fcr schnelles und genaues Aufstellen; Vereinfachte Men\u00fcf\u00fchrung am Laser f\u00fcr eine intuitivere Benutzeroberfl\u00e4che; Reichweite von 1.200 Meter (Durchmesser) mit dem Empf\u00e4nger (RD1200), optimiert f\u00fcr den Einsatz \u00fcber gro\u00dfe Entfernungen;Leicht ablesbarer Empf\u00e4ngerbildschirm, hintergrundbeleuchtete Anzeige in mm und Zoll auf der Vorder- und R\u00fcckseite f\u00fcr gute Sichtbarkeit;Mitgeliefert wird eine Fernbedienung, die den Bildschirm der Wasserwaage dupliziert und die Konfiguration des Lasers aus der Ferne erm\u00f6glicht;Der Empf\u00e4nger verf\u00fcgt \u00fcber einen eingebauten Blitzschutz, der St\u00f6rungen und Ausfallzeiten auf der Baustelle reduziert; Sto\u00dfalarm mit einstellbarer Empfindlichkeit, um den Benutzer zu benachrichtigen, wenn sich der Laser bewegt oder st\u00f6\u00dft; \u00fcber 72 Stunden Batterielebensdauer mit M18 5 Ah Akku; Genauigkeit \u00b11.6 mm auf 30 Meter;Funktioniert mit allen Milwaukee\u00ae M18 Akkus<\/p>\n<p>4933493204<br \/>\n4058546480752<\/p>\n","protected":false},"excerpt":{"rendered":"<p>M18 RLOHV1200-501C \/LIVELLE LASER ROTANT<\/p>\n","protected":false},"featured_media":585050,"template":"","meta":{"_seopress_robots_primary_cat":"","_seopress_titles_title":"","_seopress_titles_desc":"","_seopress_robots_index":""},"product_brand":[3407],"product_cat":[29,514,551],"product_tag":[3270],"class_list":{"0":"post-605814","1":"product","2":"type-product","3":"status-publish","4":"has-post-thumbnail","6":"product_brand-milwaukee","7":"product_cat-macchinari","8":"product_cat-altri-dispositivi","9":"product_cat-apparecchi-di-misurazione","10":"product_tag-import-milwau","11":"sws-conto-ricavi-merci-rivendita-macchinari-de","12":"sws-gruppo-iva-iva81-de","14":"first","15":"onbackorder","16":"sale","17":"shipping-taxable","18":"purchasable","19":"product-type-simple"},"_links":{"self":[{"href":"https:\/\/lucacastelli.com\/de\/wp-json\/wp\/v2\/product\/605814","targetHints":{"allow":["GET"]}}],"collection":[{"href":"https:\/\/lucacastelli.com\/de\/wp-json\/wp\/v2\/product"}],"about":[{"href":"https:\/\/lucacastelli.com\/de\/wp-json\/wp\/v2\/types\/product"}],"wp:featuredmedia":[{"embeddable":true,"href":"https:\/\/lucacastelli.com\/de\/wp-json\/wp\/v2\/media\/585050"}],"wp:attachment":[{"href":"https:\/\/lucacastelli.com\/de\/wp-json\/wp\/v2\/media?parent=605814"}],"wp:term":[{"taxonomy":"product_brand","embeddable":true,"href":"https:\/\/lucacastelli.com\/de\/wp-json\/wp\/v2\/product_brand?post=605814"},{"taxonomy":"product_cat","embeddable":true,"href":"https:\/\/lucacastelli.com\/de\/wp-json\/wp\/v2\/product_cat?post=605814"},{"taxonomy":"product_tag","embeddable":true,"href":"https:\/\/lucacastelli.com\/de\/wp-json\/wp\/v2\/product_tag?post=605814"}],"curies":[{"name":"wp","href":"https:\/\/api.w.org\/{rel}","templated":true}]}}