{"id":605812,"date":"2025-08-10T17:24:32","date_gmt":"2025-08-10T15:24:32","guid":{"rendered":"https:\/\/lucacastelli.com\/prodotto\/milwaukee-m18-rotationslaserwasserwaage-300-m-horizontaler-und-vertikaler-radius-gruen-mit-one-key\/"},"modified":"2025-08-10T17:24:32","modified_gmt":"2025-08-10T15:24:32","slug":"milwaukee-m18-rotationslaserwasserwaage-300-m-horizontaler-und-vertikaler-radius-gruen-mit-one-key","status":"publish","type":"product","link":"https:\/\/lucacastelli.com\/de\/produkt\/milwaukee-m18-rotationslaserwasserwaage-300-m-horizontaler-und-vertikaler-radius-gruen-mit-one-key\/","title":{"rendered":"Milwaukee M18 Rotationslaserwasserwaage 300 m horizontaler und vertikaler Radius Gr\u00fcn mit ONE-KEY\u2122"},"content":{"rendered":"<p>M18 RLOHVG300-501C \/ ROTATIONSLASER<br \/>\nKonzipiert f\u00fcr Arbeiten im Innen- und Au\u00dfenbereich, f\u00fcr Anwendungen \u00fcber gro\u00dfe Entfernungen;Automatische Mittenerkennung auf Knopfdruck, f\u00fcr die Ausrichtung \u00fcber gro\u00dfe Entfernungen;Hochintensiver gr\u00fcner Laser f\u00fcr maximale Sichtbarkeit: bis zu 4-mal besser sichtbar als rote Laser;Einstellbare Abdeckblenden, um Laserinterferenzen und Laserreflexionen an Fenstern zu verhindern;Entwickelt, um den h\u00e4rtesten Bedingungen auf der Baustelle standzuhalten: IP66-Klassifizierung, widersteht St\u00fcrzen bis zu 1.5 Meter;\u00b15 Grad selbstnivellierend f\u00fcr schnelle und genaue Aufstellung;300 Meter Reichweite (Durchmesser) mit Empf\u00e4nger (RD300G), optimiert f\u00fcr den Einsatz \u00fcber gro\u00dfe Entfernungen;Leicht ablesbarer Empf\u00e4ngerbildschirm, hintergrundbeleuchtete Anzeige in mm und Zoll auf der Vorder- und R\u00fcckseite f\u00fcr klare Sicht, f\u00fcr den Einsatz im Freien und in Geb\u00e4uden;Der RD300G-Empf\u00e4nger mit integrierter Fernbedienung erm\u00f6glicht die Einstellung des Lasers aus der Ferne; Sto\u00dfalarm mit einstellbarer Empfindlichkeit, um den Benutzer auf Bewegungen oder St\u00f6\u00dfe des Lasers aufmerksam zu machen; \u00dcber 32 Stunden Batterielebensdauer mit dem M18 5 Ah-Akku; Genauigkeit \u00b11.6 mm auf 30 Meter;Funktioniert mit allen Milwaukee M18-Akkus;Das ONE-KEY\u2122 Tracking &amp; Security System bietet kostenlose cloudbasierte Bestandsverfolgung und -verwaltung, einschlie\u00dflich Fernsperrung und Anwendungsberichten<\/p>\n<p>4933493194<br \/>\n4058546480653<\/p>\n","protected":false},"excerpt":{"rendered":"<p>M18 RLOHVG300-501C \/ ROTATIONSLASER<\/p>\n","protected":false},"featured_media":584985,"template":"","meta":{"_seopress_robots_primary_cat":"","_seopress_titles_title":"","_seopress_titles_desc":"","_seopress_robots_index":""},"product_brand":[3407],"product_cat":[29,514,551],"product_tag":[3270],"class_list":{"0":"post-605812","1":"product","2":"type-product","3":"status-publish","4":"has-post-thumbnail","6":"product_brand-milwaukee","7":"product_cat-macchinari","8":"product_cat-altri-dispositivi","9":"product_cat-apparecchi-di-misurazione","10":"product_tag-import-milwau","11":"sws-conto-ricavi-merci-rivendita-macchinari-de","12":"sws-gruppo-iva-iva81-de","14":"first","15":"onbackorder","16":"sale","17":"shipping-taxable","18":"purchasable","19":"product-type-simple"},"_links":{"self":[{"href":"https:\/\/lucacastelli.com\/de\/wp-json\/wp\/v2\/product\/605812","targetHints":{"allow":["GET"]}}],"collection":[{"href":"https:\/\/lucacastelli.com\/de\/wp-json\/wp\/v2\/product"}],"about":[{"href":"https:\/\/lucacastelli.com\/de\/wp-json\/wp\/v2\/types\/product"}],"wp:featuredmedia":[{"embeddable":true,"href":"https:\/\/lucacastelli.com\/de\/wp-json\/wp\/v2\/media\/584985"}],"wp:attachment":[{"href":"https:\/\/lucacastelli.com\/de\/wp-json\/wp\/v2\/media?parent=605812"}],"wp:term":[{"taxonomy":"product_brand","embeddable":true,"href":"https:\/\/lucacastelli.com\/de\/wp-json\/wp\/v2\/product_brand?post=605812"},{"taxonomy":"product_cat","embeddable":true,"href":"https:\/\/lucacastelli.com\/de\/wp-json\/wp\/v2\/product_cat?post=605812"},{"taxonomy":"product_tag","embeddable":true,"href":"https:\/\/lucacastelli.com\/de\/wp-json\/wp\/v2\/product_tag?post=605812"}],"curies":[{"name":"wp","href":"https:\/\/api.w.org\/{rel}","templated":true}]}}