{"id":605804,"date":"2025-08-10T17:21:09","date_gmt":"2025-08-10T15:21:09","guid":{"rendered":"https:\/\/lucacastelli.com\/prodotto\/milwaukee-digitalmultimeter-mit-niederohmigem-eingang\/"},"modified":"2025-08-10T17:21:09","modified_gmt":"2025-08-10T15:21:09","slug":"milwaukee-digitalmultimeter-mit-niederohmigem-eingang","status":"publish","type":"product","link":"https:\/\/lucacastelli.com\/de\/produkt\/milwaukee-digitalmultimeter-mit-niederohmigem-eingang\/","title":{"rendered":"Milwaukee Digitalmultimeter mit niederohmigem Eingang"},"content":{"rendered":"<p>2217-40\/TESTER UND MULTIMETER<br \/>\nTRMS &#8211; True Effective Value zur Messung von AC-Sinus\/Nicht-Sinus-Wellenformen; kontrastreiche Anzeige f\u00fcr maximale Sichtbarkeit; CAT III 600 V \u00dcberspannungskategorie; seitliche Bedienelemente f\u00fcr Einhandbedienung;Speziell f\u00fcr Elektriker entwickelte Funktionen; Lo-Z-Funktion, reduziert die M\u00f6glichkeit falscher Messwerte aufgrund von Phantomspannungen; Messung der Kontakttemperatur; Schieber f\u00fcr die Montage von Zubeh\u00f6r<\/p>\n<p>4933416976<br \/>\n4002395238064<\/p>\n","protected":false},"excerpt":{"rendered":"<p>2217-40 PR\u00dcFGER\u00c4TE UND MULTIMETER<\/p>\n","protected":false},"featured_media":569147,"template":"","meta":{"_seopress_robots_primary_cat":"","_seopress_titles_title":"","_seopress_titles_desc":"","_seopress_robots_index":""},"product_brand":[3407],"product_cat":[5531,29,514,551],"product_tag":[3270],"class_list":{"0":"post-605804","1":"product","2":"type-product","3":"status-publish","4":"has-post-thumbnail","6":"product_brand-milwaukee","7":"product_cat-vari-macchinari-milwaukee","8":"product_cat-macchinari","9":"product_cat-altri-dispositivi","10":"product_cat-apparecchi-di-misurazione","11":"product_tag-import-milwau","12":"sws-conto-ricavi-merci-rivendita-macchinari-de","13":"sws-gruppo-iva-iva81-de","15":"first","16":"onbackorder","17":"sale","18":"shipping-taxable","19":"purchasable","20":"product-type-simple"},"_links":{"self":[{"href":"https:\/\/lucacastelli.com\/de\/wp-json\/wp\/v2\/product\/605804","targetHints":{"allow":["GET"]}}],"collection":[{"href":"https:\/\/lucacastelli.com\/de\/wp-json\/wp\/v2\/product"}],"about":[{"href":"https:\/\/lucacastelli.com\/de\/wp-json\/wp\/v2\/types\/product"}],"wp:featuredmedia":[{"embeddable":true,"href":"https:\/\/lucacastelli.com\/de\/wp-json\/wp\/v2\/media\/569147"}],"wp:attachment":[{"href":"https:\/\/lucacastelli.com\/de\/wp-json\/wp\/v2\/media?parent=605804"}],"wp:term":[{"taxonomy":"product_brand","embeddable":true,"href":"https:\/\/lucacastelli.com\/de\/wp-json\/wp\/v2\/product_brand?post=605804"},{"taxonomy":"product_cat","embeddable":true,"href":"https:\/\/lucacastelli.com\/de\/wp-json\/wp\/v2\/product_cat?post=605804"},{"taxonomy":"product_tag","embeddable":true,"href":"https:\/\/lucacastelli.com\/de\/wp-json\/wp\/v2\/product_tag?post=605804"}],"curies":[{"name":"wp","href":"https:\/\/api.w.org\/{rel}","templated":true}]}}