{"id":605798,"date":"2025-08-10T17:21:07","date_gmt":"2025-08-10T15:21:07","guid":{"rendered":"https:\/\/lucacastelli.com\/prodotto\/milwaukee-sichtvisier-fuer-laser\/"},"modified":"2025-08-10T17:21:07","modified_gmt":"2025-08-10T15:21:07","slug":"milwaukee-sichtvisier-fuer-laser","status":"publish","type":"product","link":"https:\/\/lucacastelli.com\/de\/produkt\/milwaukee-sichtvisier-fuer-laser\/","title":{"rendered":"Milwaukee Sichtvisier f\u00fcr Laser"},"content":{"rendered":"<p>HI-VIST \/LASER LEVELS ate<br \/>\nDas Milwaukee\u00ae High-Visibility-Visier sorgt f\u00fcr Sichtbarkeit und schnelle Ausrichtung, mit einem gro\u00dfen Magnetfu\u00df f\u00fcr die Montage auf Metalloberfl\u00e4chen oder auf dem Boden ;Hochreflektierende Oberfl\u00e4che f\u00fcr maximale Sichtbarkeit mit gr\u00fcnen Lasern;X-f\u00f6rmiges Design sorgt f\u00fcr eine einfache Zentrierung des Laserstrahls und macht die Ausrichtung schnell und genau<\/p>\n<p>4932478108 4058546340414<\/p>\n","protected":false},"excerpt":{"rendered":"<p>HI-VIST \/LASER LEVELS ate<\/p>\n","protected":false},"featured_media":539999,"template":"","meta":{"_seopress_robots_primary_cat":"","_seopress_titles_title":"","_seopress_titles_desc":"","_seopress_robots_index":""},"product_brand":[3407],"product_cat":[5531,29,514,551],"product_tag":[3270],"class_list":{"0":"post-605798","1":"product","2":"type-product","3":"status-publish","4":"has-post-thumbnail","6":"product_brand-milwaukee","7":"product_cat-vari-macchinari-milwaukee","8":"product_cat-macchinari","9":"product_cat-altri-dispositivi","10":"product_cat-apparecchi-di-misurazione","11":"product_tag-import-milwau","12":"sws-conto-ricavi-merci-rivendita-macchinari-de","13":"sws-gruppo-iva-iva81-de","15":"first","16":"onbackorder","17":"sale","18":"shipping-taxable","19":"purchasable","20":"product-type-simple"},"_links":{"self":[{"href":"https:\/\/lucacastelli.com\/de\/wp-json\/wp\/v2\/product\/605798","targetHints":{"allow":["GET"]}}],"collection":[{"href":"https:\/\/lucacastelli.com\/de\/wp-json\/wp\/v2\/product"}],"about":[{"href":"https:\/\/lucacastelli.com\/de\/wp-json\/wp\/v2\/types\/product"}],"wp:featuredmedia":[{"embeddable":true,"href":"https:\/\/lucacastelli.com\/de\/wp-json\/wp\/v2\/media\/539999"}],"wp:attachment":[{"href":"https:\/\/lucacastelli.com\/de\/wp-json\/wp\/v2\/media?parent=605798"}],"wp:term":[{"taxonomy":"product_brand","embeddable":true,"href":"https:\/\/lucacastelli.com\/de\/wp-json\/wp\/v2\/product_brand?post=605798"},{"taxonomy":"product_cat","embeddable":true,"href":"https:\/\/lucacastelli.com\/de\/wp-json\/wp\/v2\/product_cat?post=605798"},{"taxonomy":"product_tag","embeddable":true,"href":"https:\/\/lucacastelli.com\/de\/wp-json\/wp\/v2\/product_tag?post=605798"}],"curies":[{"name":"wp","href":"https:\/\/api.w.org\/{rel}","templated":true}]}}