{"id":605776,"date":"2025-08-12T18:14:02","date_gmt":"2025-08-12T16:14:02","guid":{"rendered":"https:\/\/lucacastelli.com\/prodotto\/milwaukee-m12-beheizter-hoodie-grau\/"},"modified":"2025-08-12T18:14:02","modified_gmt":"2025-08-12T16:14:02","slug":"milwaukee-m12-beheizter-hoodie-grau","status":"publish","type":"product","link":"https:\/\/lucacastelli.com\/de\/produkt\/milwaukee-m12-beheizter-hoodie-grau\/","title":{"rendered":"Milwaukee M12\u2122 Beheizter Hoodie &#8211; grau"},"content":{"rendered":"<p>M12HHGREY4-0(XXL) SWEATSHIRT THERM. CAPPU. GRI<br \/>\nDer M12\u2122 Heated Hoodie wird von einem M12\u2122-Akku mit Karbonfaser-Heizelementen angetrieben, der W\u00e4rme auf Brust und R\u00fccken erzeugt und verteilt; \u00fcberragende Autonomie, bis zu 11 Stunden W\u00e4rme mit einer einzigen Akkuladung aus einem 3,0 Ah M12\u2122 REDLITHIUM\u2122-Akkupack;Robuster, beheizter Hoodie aus strapazierf\u00e4higer Baumwolle (53 %) mit verst\u00e4rkten Taschen und Polyesterfleece-Futter (47 %), um rauen Au\u00dfenbedingungen standzuhalten; versteckte Tasche, in der der M12\u2122-Akkupack f\u00fcr zus\u00e4tzlichen Komfort vorne oder hinten angebracht werden kann; im Herbst und Fr\u00fchling kann der Hoodie als robuste Au\u00dfenschicht getragen werden. Im Winter empfiehlt er sich als Basisschicht, die sperrige Unterw\u00e4sche \u00fcberfl\u00fcssig macht, indem sie W\u00e4rme in K\u00f6rpern\u00e4he erzeugt und speichert;Mehrere Heizzonen &#8211; 3 eingen\u00e4hte Heizzonen aus Karbonfasern verteilen die W\u00e4rme auf die zentralen K\u00f6rperbereiche;Einfache W\u00e4rmeregelung per Knopfdruck &#8211; 3 W\u00e4rmestufen: Hoch, Mittel, Niedrig;Integrierte Handytasche;Maschinenwaschbar und trocknergeeignet;Inklusive Batteriehalterung;Flexibles Batteriesystem: funktioniert mit allen Milwaukee\u00ae M12\u2122-Akkus <\/p>\n<p>4932480070<br \/>\n4058546403553<\/p>\n","protected":false},"excerpt":{"rendered":"<p>M12HHGREY4-0(XXL) SWEATSHIRT THERM. CAPPU. GRI Der M12\u2122 Heated Hoodie wird von einem M12\u2122-Akku mit Karbonfaser-Heizelementen angetrieben, der W\u00e4rme auf Brust<\/p>\n","protected":false},"featured_media":546286,"template":"","meta":{"_seopress_robots_primary_cat":"none","_seopress_titles_title":"","_seopress_titles_desc":"","_seopress_robots_index":""},"product_brand":[3407],"product_cat":[21,284],"product_tag":[],"class_list":{"0":"post-605776","1":"product","2":"type-product","3":"status-publish","4":"has-post-thumbnail","6":"product_brand-milwaukee","7":"product_cat-abbigliamento","8":"product_cat-abbigliamento-da-lavoro","9":"sws-gruppo-abb-libero-de","10":"sws-conto-ricavi-merci-rivendita-abbigliamento-de","11":"sws-gruppo-iva-iva81-de","13":"first","14":"instock","15":"shipping-taxable","16":"purchasable","17":"product-type-variable","18":"has-default-attributes"},"_links":{"self":[{"href":"https:\/\/lucacastelli.com\/de\/wp-json\/wp\/v2\/product\/605776","targetHints":{"allow":["GET"]}}],"collection":[{"href":"https:\/\/lucacastelli.com\/de\/wp-json\/wp\/v2\/product"}],"about":[{"href":"https:\/\/lucacastelli.com\/de\/wp-json\/wp\/v2\/types\/product"}],"wp:featuredmedia":[{"embeddable":true,"href":"https:\/\/lucacastelli.com\/de\/wp-json\/wp\/v2\/media\/546286"}],"wp:attachment":[{"href":"https:\/\/lucacastelli.com\/de\/wp-json\/wp\/v2\/media?parent=605776"}],"wp:term":[{"taxonomy":"product_brand","embeddable":true,"href":"https:\/\/lucacastelli.com\/de\/wp-json\/wp\/v2\/product_brand?post=605776"},{"taxonomy":"product_cat","embeddable":true,"href":"https:\/\/lucacastelli.com\/de\/wp-json\/wp\/v2\/product_cat?post=605776"},{"taxonomy":"product_tag","embeddable":true,"href":"https:\/\/lucacastelli.com\/de\/wp-json\/wp\/v2\/product_tag?post=605776"}],"curies":[{"name":"wp","href":"https:\/\/api.w.org\/{rel}","templated":true}]}}