{"id":605752,"date":"2025-08-12T18:11:39","date_gmt":"2025-08-12T16:11:39","guid":{"rendered":"https:\/\/lucacastelli.com\/prodotto\/milwaukee-m12-beheizter-hoodie-schwarz\/"},"modified":"2025-08-12T18:11:39","modified_gmt":"2025-08-12T16:11:39","slug":"milwaukee-m12-beheizter-hoodie-schwarz","status":"publish","type":"product","link":"https:\/\/lucacastelli.com\/de\/produkt\/milwaukee-m12-beheizter-hoodie-schwarz\/","title":{"rendered":"Milwaukee M12\u2122 Beheizter Hoodie &#8211; Schwarz"},"content":{"rendered":"<p>M12 HHBL4-0 (2XL) SWEATSHIRT TERM.CAPPUC SCHWARZ<br \/>\nDer M12\u2122 beheizte Hoodie wird von einem M12\u2122-Akku mit Kohlefaser-Heizelementen angetrieben und erzeugt und verteilt W\u00e4rme von der Brust und vom R\u00fccken aus;\u00dcberragende Aufw\u00e4rmzeit, bis zu 11 Stunden Aufw\u00e4rmzeit mit einer einzigen Ladung des M12\u2122 12V REDLITHIUM\u2122 3 Ah-Akkus;Strapazierf\u00e4higer, beheizter Hoodie aus Baumwolle (53%) mit robusten, verst\u00e4rkten Taschen und Fleece-Futter aus Polyester (47%); Versteckte Akkutasche, um den M12\u2122 f\u00fcr zus\u00e4tzlichen Komfort vorne oder hinten anzubringen; Im Herbst und Fr\u00fchling kann der Hoodie als strapazierf\u00e4hige und bequeme Au\u00dfenh\u00fclle getragen werden. Im Winter empfiehlt es sich, ihn als innere Basisschicht zu tragen, um die W\u00e4rme nah am K\u00f6rper zu halten;3 Mehrere Heizzonen: Kohlefaser. Sie verteilen die W\u00e4rme an die Kernbereiche des K\u00f6rpers;Einfacher One-Touch-W\u00e4rmeregler &#8211; 3 W\u00e4rmestufen: hoch, mittel, niedrig;Integrierte Handytasche;Maschinenwaschbar und trocknergeeignet;Inklusive Batteriehalterung;Vielseitiges Batteriesystem: funktioniert mit allen Milwaukee\u00aeM12\u2122 Batterien  <\/p>\n<p>4932480065<br \/>\n4058546403508<\/p>\n","protected":false},"excerpt":{"rendered":"<p>M12 HHBL4-0 (2XL) SWEATSHIRT TERM.CAPPUC SCHWARZ Der M12\u2122 beheizte Hoodie wird von einem M12\u2122-Akku mit Kohlefaser-Heizelementen angetrieben und erzeugt und<\/p>\n","protected":false},"featured_media":546205,"template":"","meta":{"_seopress_robots_primary_cat":"none","_seopress_titles_title":"","_seopress_titles_desc":"","_seopress_robots_index":""},"product_brand":[3407],"product_cat":[21,284],"product_tag":[],"class_list":{"0":"post-605752","1":"product","2":"type-product","3":"status-publish","4":"has-post-thumbnail","6":"product_brand-milwaukee","7":"product_cat-abbigliamento","8":"product_cat-abbigliamento-da-lavoro","9":"sws-gruppo-abb-libero-de","10":"sws-conto-ricavi-merci-rivendita-abbigliamento-de","11":"sws-gruppo-iva-iva81-de","13":"first","14":"instock","15":"shipping-taxable","16":"purchasable","17":"product-type-variable","18":"has-default-attributes"},"_links":{"self":[{"href":"https:\/\/lucacastelli.com\/de\/wp-json\/wp\/v2\/product\/605752","targetHints":{"allow":["GET"]}}],"collection":[{"href":"https:\/\/lucacastelli.com\/de\/wp-json\/wp\/v2\/product"}],"about":[{"href":"https:\/\/lucacastelli.com\/de\/wp-json\/wp\/v2\/types\/product"}],"wp:featuredmedia":[{"embeddable":true,"href":"https:\/\/lucacastelli.com\/de\/wp-json\/wp\/v2\/media\/546205"}],"wp:attachment":[{"href":"https:\/\/lucacastelli.com\/de\/wp-json\/wp\/v2\/media?parent=605752"}],"wp:term":[{"taxonomy":"product_brand","embeddable":true,"href":"https:\/\/lucacastelli.com\/de\/wp-json\/wp\/v2\/product_brand?post=605752"},{"taxonomy":"product_cat","embeddable":true,"href":"https:\/\/lucacastelli.com\/de\/wp-json\/wp\/v2\/product_cat?post=605752"},{"taxonomy":"product_tag","embeddable":true,"href":"https:\/\/lucacastelli.com\/de\/wp-json\/wp\/v2\/product_tag?post=605752"}],"curies":[{"name":"wp","href":"https:\/\/api.w.org\/{rel}","templated":true}]}}