{"id":605698,"date":"2025-08-10T17:37:54","date_gmt":"2025-08-10T15:37:54","guid":{"rendered":"https:\/\/lucacastelli.com\/prodotto\/milwaukee-ersatzklingen-fuer-selbstvorschubbohrer-switchblade-3\/"},"modified":"2025-08-10T17:37:54","modified_gmt":"2025-08-10T15:37:54","slug":"milwaukee-ersatzklingen-fuer-selbstvorschubbohrer-switchblade-3","status":"publish","type":"product","link":"https:\/\/lucacastelli.com\/de\/produkt\/milwaukee-ersatzklingen-fuer-selbstvorschubbohrer-switchblade-3\/","title":{"rendered":"Milwaukee Ersatzklingen f\u00fcr Selbstvorschubbohrer SWITCHBLADE"},"content":{"rendered":"<p>51 mm ric blade SELFEED BITS SWITCHBLADE<br \/>\nSWITCHBLADE Ersatzklingen. Das SWITCHBLADE Ersatzklingensystem sorgt daf\u00fcr, dass deine Klinge immer scharf ist. Das erh\u00f6ht die Produktivit\u00e4t, weil es keine Ausfallzeiten durch das Nachsch\u00e4rfen gibt, und verl\u00e4ngert die Lebensdauer des Mei\u00dfels.  <\/p>\n<p>4932479548<br \/>\n4058546373429<\/p>\n","protected":false},"excerpt":{"rendered":"<p>51 mm ric blade SELFEED BITS SWITCHBLADE<\/p>\n","protected":false},"featured_media":544097,"template":"","meta":{"_seopress_robots_primary_cat":"","_seopress_titles_title":"","_seopress_titles_desc":"","_seopress_robots_index":""},"product_brand":[3407],"product_cat":[5531,29],"product_tag":[3270],"class_list":{"0":"post-605698","1":"product","2":"type-product","3":"status-publish","4":"has-post-thumbnail","6":"product_brand-milwaukee","7":"product_cat-vari-macchinari-milwaukee","8":"product_cat-macchinari","9":"product_tag-import-milwau","10":"sws-conto-ricavi-merci-rivendita-macchinari-de","11":"sws-gruppo-iva-iva81-de","13":"first","14":"onbackorder","15":"shipping-taxable","16":"purchasable","17":"product-type-simple"},"_links":{"self":[{"href":"https:\/\/lucacastelli.com\/de\/wp-json\/wp\/v2\/product\/605698","targetHints":{"allow":["GET"]}}],"collection":[{"href":"https:\/\/lucacastelli.com\/de\/wp-json\/wp\/v2\/product"}],"about":[{"href":"https:\/\/lucacastelli.com\/de\/wp-json\/wp\/v2\/types\/product"}],"wp:featuredmedia":[{"embeddable":true,"href":"https:\/\/lucacastelli.com\/de\/wp-json\/wp\/v2\/media\/544097"}],"wp:attachment":[{"href":"https:\/\/lucacastelli.com\/de\/wp-json\/wp\/v2\/media?parent=605698"}],"wp:term":[{"taxonomy":"product_brand","embeddable":true,"href":"https:\/\/lucacastelli.com\/de\/wp-json\/wp\/v2\/product_brand?post=605698"},{"taxonomy":"product_cat","embeddable":true,"href":"https:\/\/lucacastelli.com\/de\/wp-json\/wp\/v2\/product_cat?post=605698"},{"taxonomy":"product_tag","embeddable":true,"href":"https:\/\/lucacastelli.com\/de\/wp-json\/wp\/v2\/product_tag?post=605698"}],"curies":[{"name":"wp","href":"https:\/\/api.w.org\/{rel}","templated":true}]}}