{"id":605668,"date":"2025-08-12T17:52:59","date_gmt":"2025-08-12T15:52:59","guid":{"rendered":"https:\/\/lucacastelli.com\/prodotto\/milwaukee-warnweste-orange\/"},"modified":"2025-08-12T17:52:59","modified_gmt":"2025-08-12T15:52:59","slug":"milwaukee-warnweste-orange","status":"publish","type":"product","link":"https:\/\/lucacastelli.com\/de\/produkt\/milwaukee-warnweste-orange\/","title":{"rendered":"Milwaukee Warnweste orange"},"content":{"rendered":"<p>HIGH VISIBILITY VEST ORANGE 2XL\/3XL 1pcs<br \/>\n10 F\u00e4cher, um all deine Sachen bequem zu verstauen; Platz f\u00fcr dein Namensschild; M\u00f6glichkeit, die Gr\u00f6\u00dfe nach deinen Bed\u00fcrfnissen einzustellen; Ideal f\u00fcr die Verwendung mit Sicherheitsgurten; Europ\u00e4ische Zertifizierung als Warnschutzkleidung Klasse 2: EN ISO 20471: 2013\/A1: 2016; Max. 25 Waschg\u00e4nge; Beste Atmungsaktivit\u00e4t am R\u00fccken dank Netzmaterial<\/p>\n<p>4932471894<br \/>\n4058546297930<\/p>\n","protected":false},"excerpt":{"rendered":"<p>HIGH VISIBILITY VEST ORANGE 2XL\/3XL 1pcs 10 F\u00e4cher, um all deine Sachen bequem zu verstauen; Platz f\u00fcr dein Namensschild; M\u00f6glichkeit,<\/p>\n","protected":false},"featured_media":604484,"template":"","meta":{"_seopress_robots_primary_cat":"","_seopress_titles_title":"","_seopress_titles_desc":"","_seopress_robots_index":""},"product_brand":[3407],"product_cat":[21,284],"product_tag":[],"class_list":{"0":"post-605668","1":"product","2":"type-product","3":"status-publish","4":"has-post-thumbnail","6":"product_brand-milwaukee","7":"product_cat-abbigliamento","8":"product_cat-abbigliamento-da-lavoro","9":"sws-gruppo-abb-libero-de","10":"sws-conto-ricavi-merci-rivendita-abbigliamento-de","11":"sws-gruppo-iva-iva81-de","13":"first","14":"instock","15":"shipping-taxable","16":"purchasable","17":"product-type-variable","18":"has-default-attributes"},"_links":{"self":[{"href":"https:\/\/lucacastelli.com\/de\/wp-json\/wp\/v2\/product\/605668","targetHints":{"allow":["GET"]}}],"collection":[{"href":"https:\/\/lucacastelli.com\/de\/wp-json\/wp\/v2\/product"}],"about":[{"href":"https:\/\/lucacastelli.com\/de\/wp-json\/wp\/v2\/types\/product"}],"wp:featuredmedia":[{"embeddable":true,"href":"https:\/\/lucacastelli.com\/de\/wp-json\/wp\/v2\/media\/604484"}],"wp:attachment":[{"href":"https:\/\/lucacastelli.com\/de\/wp-json\/wp\/v2\/media?parent=605668"}],"wp:term":[{"taxonomy":"product_brand","embeddable":true,"href":"https:\/\/lucacastelli.com\/de\/wp-json\/wp\/v2\/product_brand?post=605668"},{"taxonomy":"product_cat","embeddable":true,"href":"https:\/\/lucacastelli.com\/de\/wp-json\/wp\/v2\/product_cat?post=605668"},{"taxonomy":"product_tag","embeddable":true,"href":"https:\/\/lucacastelli.com\/de\/wp-json\/wp\/v2\/product_tag?post=605668"}],"curies":[{"name":"wp","href":"https:\/\/api.w.org\/{rel}","templated":true}]}}