{"id":605651,"date":"2025-08-12T17:45:04","date_gmt":"2025-08-12T15:45:04","guid":{"rendered":"https:\/\/lucacastelli.com\/prodotto\/milwaukee-warnweste-gelb\/"},"modified":"2025-08-12T17:45:04","modified_gmt":"2025-08-12T15:45:04","slug":"milwaukee-warnweste-gelb","status":"publish","type":"product","link":"https:\/\/lucacastelli.com\/de\/produkt\/milwaukee-warnweste-gelb\/","title":{"rendered":"Milwaukee Warnweste gelb"},"content":{"rendered":"<p>HIGH VISIBILITY JACKET YELLOW S\/M -1pcs<br \/>\n10 F\u00e4cher f\u00fcr die bequeme Aufbewahrung all deiner Habseligkeiten; Platz f\u00fcr dein Namensschild; M\u00f6glichkeit, die Gr\u00f6\u00dfe an deine Bed\u00fcrfnisse anzupassen; Ideal f\u00fcr die Verwendung mit Sicherheitsgurten; Europ\u00e4ische Zertifizierung als Warnschutzkleidung Klasse 2: EN ISO 20471: 2013\/A1: 2016; Max. 25 Waschg\u00e4nge; Verbesserte Atmungsaktivit\u00e4t am R\u00fccken dank Netzmaterial<\/p>\n<p>4932471889<br \/>\n4058546297886<\/p>\n","protected":false},"excerpt":{"rendered":"<p>HIGH VISIBILITY JACKET YELLOW S\/M -1pcs 10 F\u00e4cher f\u00fcr die bequeme Aufbewahrung all deiner Habseligkeiten; Platz f\u00fcr dein Namensschild; M\u00f6glichkeit,<\/p>\n","protected":false},"featured_media":604475,"template":"","meta":{"_seopress_robots_primary_cat":"","_seopress_titles_title":"","_seopress_titles_desc":"","_seopress_robots_index":""},"product_brand":[3656],"product_cat":[1382,82],"product_tag":[],"class_list":{"0":"post-605651","1":"product","2":"type-product","3":"status-publish","4":"has-post-thumbnail","6":"product_brand-milwaukee-de","7":"product_cat-arbeitskleidung","8":"product_cat-kleidung","9":"sws-gruppo-abb-libero-de","10":"sws-conto-ricavi-merci-rivendita-abbigliamento-de","11":"sws-gruppo-iva-iva81-de","13":"first","14":"instock","15":"shipping-taxable","16":"purchasable","17":"product-type-variable","18":"has-default-attributes"},"_links":{"self":[{"href":"https:\/\/lucacastelli.com\/de\/wp-json\/wp\/v2\/product\/605651","targetHints":{"allow":["GET"]}}],"collection":[{"href":"https:\/\/lucacastelli.com\/de\/wp-json\/wp\/v2\/product"}],"about":[{"href":"https:\/\/lucacastelli.com\/de\/wp-json\/wp\/v2\/types\/product"}],"wp:featuredmedia":[{"embeddable":true,"href":"https:\/\/lucacastelli.com\/de\/wp-json\/wp\/v2\/media\/604475"}],"wp:attachment":[{"href":"https:\/\/lucacastelli.com\/de\/wp-json\/wp\/v2\/media?parent=605651"}],"wp:term":[{"taxonomy":"product_brand","embeddable":true,"href":"https:\/\/lucacastelli.com\/de\/wp-json\/wp\/v2\/product_brand?post=605651"},{"taxonomy":"product_cat","embeddable":true,"href":"https:\/\/lucacastelli.com\/de\/wp-json\/wp\/v2\/product_cat?post=605651"},{"taxonomy":"product_tag","embeddable":true,"href":"https:\/\/lucacastelli.com\/de\/wp-json\/wp\/v2\/product_tag?post=605651"}],"curies":[{"name":"wp","href":"https:\/\/api.w.org\/{rel}","templated":true}]}}