{"id":605640,"date":"2025-08-12T17:36:18","date_gmt":"2025-08-12T15:36:18","guid":{"rendered":"https:\/\/lucacastelli.com\/prodotto\/milwaukee-m12-thermojacke-mit-kapuze-schwarz\/"},"modified":"2025-08-12T17:36:18","modified_gmt":"2025-08-12T15:36:18","slug":"milwaukee-m12-thermojacke-mit-kapuze-schwarz","status":"publish","type":"product","link":"https:\/\/lucacastelli.com\/de\/produkt\/milwaukee-m12-thermojacke-mit-kapuze-schwarz\/","title":{"rendered":"Milwaukee M12\u2122 Thermojacke mit Kapuze &#8211; Schwarz"},"content":{"rendered":"<p>M12 HPJBL2-0 (S) TERM.CAPPUC JACKE SCHWARZ<br \/>\nDie M12\u2122-W\u00e4rmejacke wird von einem M12\u2122-Akku mit Kohlefaser-Heizelementen angetrieben, die W\u00e4rme auf Brust, R\u00fccken und Schultern erzeugen und verteilen; \u00fcberragende Aufw\u00e4rmzeit, bis zu 11 Stunden Aufw\u00e4rmzeit mit einer einzigen Ladung des M12\u2122 12V REDLITHIUM\u2122 3 Ah-Akkus;Leichtes, \u00e4u\u00dferst strapazierf\u00e4higes Ripstop-Polyester; Verst\u00e4rkte Zonen an den wichtigsten Verschlei\u00dfpunkten, die vor Abrieb und Rissen gesch\u00fctzt sind; Bietet Komfort und Haltbarkeit in rauen Umgebungen; Versteckte Akkutasche, um den M12\u2122 f\u00fcr zus\u00e4tzlichen Komfort vorne oder hinten zu platzieren; 5 Mehrere Heizzonen &#8211; Kohlefaser. Verteilen die W\u00e4rme auf die Kernbereiche des K\u00f6rpers;Einfacher One-Touch-W\u00e4rmeregler &#8211; 3 W\u00e4rmestufen: hoch, mittel, niedrig;Maschinenwaschbar und trocknergeeignet;Inklusive Batteriehalterung;Neues Haubendesign;Vielseitiges Batteriesystem: funktioniert mit allen Milwaukee\u00aeM12\u2122 Batterien <\/p>\n<p>4932480071<br \/>\n4058546403560<\/p>\n","protected":false},"excerpt":{"rendered":"<p>M12 HPJBL2-0 (S) TERM.CAPPUC JACKE SCHWARZ Die M12\u2122-W\u00e4rmejacke wird von einem M12\u2122-Akku mit Kohlefaser-Heizelementen angetrieben, die W\u00e4rme auf Brust, R\u00fccken<\/p>\n","protected":false},"featured_media":546303,"template":"","meta":{"_seopress_robots_primary_cat":"none","_seopress_titles_title":"","_seopress_titles_desc":"","_seopress_robots_index":""},"product_brand":[3656],"product_cat":[1382,82],"product_tag":[],"class_list":{"0":"post-605640","1":"product","2":"type-product","3":"status-publish","4":"has-post-thumbnail","6":"product_brand-milwaukee-de","7":"product_cat-arbeitskleidung","8":"product_cat-kleidung","9":"sws-gruppo-abb-libero-de","10":"sws-conto-ricavi-merci-rivendita-abbigliamento-de","11":"sws-gruppo-iva-iva81-de","13":"first","14":"instock","15":"shipping-taxable","16":"purchasable","17":"product-type-variable","18":"has-default-attributes"},"_links":{"self":[{"href":"https:\/\/lucacastelli.com\/de\/wp-json\/wp\/v2\/product\/605640","targetHints":{"allow":["GET"]}}],"collection":[{"href":"https:\/\/lucacastelli.com\/de\/wp-json\/wp\/v2\/product"}],"about":[{"href":"https:\/\/lucacastelli.com\/de\/wp-json\/wp\/v2\/types\/product"}],"wp:featuredmedia":[{"embeddable":true,"href":"https:\/\/lucacastelli.com\/de\/wp-json\/wp\/v2\/media\/546303"}],"wp:attachment":[{"href":"https:\/\/lucacastelli.com\/de\/wp-json\/wp\/v2\/media?parent=605640"}],"wp:term":[{"taxonomy":"product_brand","embeddable":true,"href":"https:\/\/lucacastelli.com\/de\/wp-json\/wp\/v2\/product_brand?post=605640"},{"taxonomy":"product_cat","embeddable":true,"href":"https:\/\/lucacastelli.com\/de\/wp-json\/wp\/v2\/product_cat?post=605640"},{"taxonomy":"product_tag","embeddable":true,"href":"https:\/\/lucacastelli.com\/de\/wp-json\/wp\/v2\/product_tag?post=605640"}],"curies":[{"name":"wp","href":"https:\/\/api.w.org\/{rel}","templated":true}]}}