{"id":605628,"date":"2025-08-12T18:44:20","date_gmt":"2025-08-12T16:44:20","guid":{"rendered":"https:\/\/lucacastelli.com\/prodotto\/milwaukee-nitrilbeschichtete-handschuhe-kat-schnitt-b\/"},"modified":"2025-08-12T18:44:20","modified_gmt":"2025-08-12T16:44:20","slug":"milwaukee-nitrilbeschichtete-handschuhe-kat-schnitt-b","status":"publish","type":"product","link":"https:\/\/lucacastelli.com\/de\/produkt\/milwaukee-nitrilbeschichtete-handschuhe-kat-schnitt-b\/","title":{"rendered":"Milwaukee Nitrilbeschichtete Handschuhe Kat. Schnitt B"},"content":{"rendered":"<p>CUT LEVEL 2\/B GLOVES &#8211; S\/7 GLOVES 1PC<br \/>\nHervorragende Griffigkeit, das Nitrilmaterial schneidet bei \u00f6ligen Oberfl\u00e4chen oder nassen Materialien besser ab als andere Materialien;Entwickelt, um Komfort und erh\u00f6hte Fingerfertigkeit zu bieten;Erh\u00f6hte Widerstandsf\u00e4higkeit gegen scharfe Materialien;SMARTSWIPE\u2122 Handfl\u00e4che und Fingerspitzen erm\u00f6glichen die Nutzung von Touchscreen-Ger\u00e4ten, ohne die Handschuhe ausziehen zu m\u00fcssen;Europ\u00e4ische Zertifizierung f\u00fcr mechanischen Schutz: EN ISO 21420, EN388:2016 (4242B)<\/p>\n<p>4932479906<br \/>\n4058546377007<\/p>\n","protected":false},"excerpt":{"rendered":"<p>CUT LEVEL 2\/B GLOVES &#8211; S\/7 GLOVES 1PC Hervorragende Griffigkeit, das Nitrilmaterial schneidet bei \u00f6ligen Oberfl\u00e4chen oder nassen Materialien besser<\/p>\n","protected":false},"featured_media":604530,"template":"","meta":{"_seopress_robots_primary_cat":"","_seopress_titles_title":"","_seopress_titles_desc":"","_seopress_robots_index":""},"product_brand":[3407],"product_cat":[21,284],"product_tag":[],"class_list":{"0":"post-605628","1":"product","2":"type-product","3":"status-publish","4":"has-post-thumbnail","6":"product_brand-milwaukee","7":"product_cat-abbigliamento","8":"product_cat-abbigliamento-da-lavoro","9":"sws-gruppo-abb-libero-de","10":"sws-conto-ricavi-merci-rivendita-abbigliamento-de","11":"sws-gruppo-iva-iva81-de","13":"first","14":"instock","15":"shipping-taxable","16":"purchasable","17":"product-type-variable"},"_links":{"self":[{"href":"https:\/\/lucacastelli.com\/de\/wp-json\/wp\/v2\/product\/605628","targetHints":{"allow":["GET"]}}],"collection":[{"href":"https:\/\/lucacastelli.com\/de\/wp-json\/wp\/v2\/product"}],"about":[{"href":"https:\/\/lucacastelli.com\/de\/wp-json\/wp\/v2\/types\/product"}],"wp:featuredmedia":[{"embeddable":true,"href":"https:\/\/lucacastelli.com\/de\/wp-json\/wp\/v2\/media\/604530"}],"wp:attachment":[{"href":"https:\/\/lucacastelli.com\/de\/wp-json\/wp\/v2\/media?parent=605628"}],"wp:term":[{"taxonomy":"product_brand","embeddable":true,"href":"https:\/\/lucacastelli.com\/de\/wp-json\/wp\/v2\/product_brand?post=605628"},{"taxonomy":"product_cat","embeddable":true,"href":"https:\/\/lucacastelli.com\/de\/wp-json\/wp\/v2\/product_cat?post=605628"},{"taxonomy":"product_tag","embeddable":true,"href":"https:\/\/lucacastelli.com\/de\/wp-json\/wp\/v2\/product_tag?post=605628"}],"curies":[{"name":"wp","href":"https:\/\/api.w.org\/{rel}","templated":true}]}}