{"id":605607,"date":"2025-08-12T17:32:23","date_gmt":"2025-08-12T15:32:23","guid":{"rendered":"https:\/\/lucacastelli.com\/prodotto\/milwaukee-womens-heated-m12-hoodie-schwarz\/"},"modified":"2025-08-12T17:32:23","modified_gmt":"2025-08-12T15:32:23","slug":"milwaukee-womens-heated-m12-hoodie-schwarz","status":"publish","type":"product","link":"https:\/\/lucacastelli.com\/de\/produkt\/milwaukee-womens-heated-m12-hoodie-schwarz\/","title":{"rendered":"Milwaukee Women&#8217;s Heated M12\u2122 Hoodie &#8211; Schwarz"},"content":{"rendered":"<p>M12 HHLBL1-0XL FELPATERM.CAPPUC DON BLACK<br \/>\nBeheizter M12\u2122-Kapuzenpullover f\u00fcr Frauen, angetrieben von einem M12\u2122-Akku mit Kohlefaser-Heizelementen. Er erzeugt und verteilt W\u00e4rme auf Brust und R\u00fccken;\u00dcberragende Autonomie, bis zu 11 Stunden W\u00e4rme mit einer einzigen Ladung des M12\u2122 12V REDLITHIUM\u2122 3 Ah-Akkus (Mindeststufe);Versteckte Akkutasche, optimiert f\u00fcr die Positionierung des M12\u2122-Akkus auf der Vorder- oder R\u00fcckseite f\u00fcr mehr Komfort;Robuster beheizter Hoodie, aus strapazierf\u00e4higer Baumwolle (53%) au\u00dfen mit robusten, verst\u00e4rkten Taschen und Polyester-Fleece-Futter (47%);Im Herbst und Fr\u00fchling kann der Hoodie \u00fcber einem T-Shirt getragen werden. Im Winter empfiehlt sich der Hoodie als Basisschicht direkt auf der Haut, um sperrige Unterw\u00e4sche zu reduzieren und die W\u00e4rme nah am K\u00f6rper zu halten;3 Heizzonen aus Karbonfasern verteilen die W\u00e4rme auf die zentralen K\u00f6rperbereiche;Einfache W\u00e4rmeregulierung per Knopfdruck, 3 W\u00e4rmestufen: hoch, mittel, niedrig;Integrierte Handytasche;Maschinenwaschbar und trocknergeeignet;Inklusive Batteriehalterung;Flexibles Batteriesystem: funktioniert mit allen Milwaukee\u00aeM12\u2122 Batterien  <\/p>\n<p>4932480093<br \/>\n4058546403782<\/p>\n","protected":false},"excerpt":{"rendered":"<p>M12 HHLBL1-0XL FELPATERM.CAPPUC DON BLACK Beheizter M12\u2122-Kapuzenpullover f\u00fcr Frauen, angetrieben von einem M12\u2122-Akku mit Kohlefaser-Heizelementen. Er erzeugt und verteilt W\u00e4rme<\/p>\n","protected":false},"featured_media":546713,"template":"","meta":{"_seopress_robots_primary_cat":"none","_seopress_titles_title":"","_seopress_titles_desc":"","_seopress_robots_index":""},"product_brand":[3656],"product_cat":[1382,1388,82],"product_tag":[],"class_list":{"0":"post-605607","1":"product","2":"type-product","3":"status-publish","4":"has-post-thumbnail","6":"product_brand-milwaukee-de","7":"product_cat-arbeitskleidung","8":"product_cat-damenbekleidung","9":"product_cat-kleidung","10":"sws-gruppo-abb-libero-de","11":"sws-conto-ricavi-merci-rivendita-abbigliamento-de","12":"sws-gruppo-iva-iva81-de","14":"first","15":"instock","16":"shipping-taxable","17":"purchasable","18":"product-type-variable","19":"has-default-attributes"},"_links":{"self":[{"href":"https:\/\/lucacastelli.com\/de\/wp-json\/wp\/v2\/product\/605607","targetHints":{"allow":["GET"]}}],"collection":[{"href":"https:\/\/lucacastelli.com\/de\/wp-json\/wp\/v2\/product"}],"about":[{"href":"https:\/\/lucacastelli.com\/de\/wp-json\/wp\/v2\/types\/product"}],"wp:featuredmedia":[{"embeddable":true,"href":"https:\/\/lucacastelli.com\/de\/wp-json\/wp\/v2\/media\/546713"}],"wp:attachment":[{"href":"https:\/\/lucacastelli.com\/de\/wp-json\/wp\/v2\/media?parent=605607"}],"wp:term":[{"taxonomy":"product_brand","embeddable":true,"href":"https:\/\/lucacastelli.com\/de\/wp-json\/wp\/v2\/product_brand?post=605607"},{"taxonomy":"product_cat","embeddable":true,"href":"https:\/\/lucacastelli.com\/de\/wp-json\/wp\/v2\/product_cat?post=605607"},{"taxonomy":"product_tag","embeddable":true,"href":"https:\/\/lucacastelli.com\/de\/wp-json\/wp\/v2\/product_tag?post=605607"}],"curies":[{"name":"wp","href":"https:\/\/api.w.org\/{rel}","templated":true}]}}