{"id":605594,"date":"2025-08-12T18:32:57","date_gmt":"2025-08-12T16:32:57","guid":{"rendered":"https:\/\/lucacastelli.com\/prodotto\/milwaukee-workskin-kurzarm-arbeitshemd\/"},"modified":"2025-08-12T18:32:57","modified_gmt":"2025-08-12T16:32:57","slug":"milwaukee-workskin-kurzarm-arbeitshemd","status":"publish","type":"product","link":"https:\/\/lucacastelli.com\/de\/produkt\/milwaukee-workskin-kurzarm-arbeitshemd\/","title":{"rendered":"MILWAUKEE WORKSKIN KURZARM-ARBEITSHEMD"},"content":{"rendered":"<p>WWSSG-XXL_Bekleidung<br \/>\nCOOLCORE\u00ae-Gewebe verwenden eine Dreifaden-Konstruktion, die Feuchtigkeit entweichen l\u00e4sst und das Kleidungsst\u00fcck bis zu 30 % k\u00fchler h\u00e4lt;Atmungsaktive Bereiche entlang des R\u00fcckens und unter den Armen f\u00fcr schnelles Trocknen von Schwei\u00df;Atmungsaktives Gewebe ohne den Einsatz von Chemikalien; Filtert ultraviolette Strahlung; Strapazierf\u00e4higes Material; Unterer Saum f\u00fcr maximale Abdeckung; Nahtlose Schultern f\u00fcr maximale Bewegungsfreiheit und Komfort; 100% Polyester<\/p>\n<p>4933478198<br \/>\n4058546341312<\/p>\n","protected":false},"excerpt":{"rendered":"<p>WWSSG-XXL_Bekleidung COOLCORE\u00ae-Gewebe verwenden eine Dreifaden-Konstruktion, die Feuchtigkeit entweichen l\u00e4sst und das Kleidungsst\u00fcck bis zu 30 % k\u00fchler h\u00e4lt;Atmungsaktive Bereiche entlang<\/p>\n","protected":false},"featured_media":577064,"template":"","meta":{"_seopress_robots_primary_cat":"","_seopress_titles_title":"","_seopress_titles_desc":"","_seopress_robots_index":""},"product_brand":[3407],"product_cat":[21,284],"product_tag":[],"class_list":{"0":"post-605594","1":"product","2":"type-product","3":"status-publish","4":"has-post-thumbnail","6":"product_brand-milwaukee","7":"product_cat-abbigliamento","8":"product_cat-abbigliamento-da-lavoro","9":"sws-gruppo-abb-libero-de","10":"sws-conto-ricavi-merci-rivendita-abbigliamento-de","11":"sws-gruppo-iva-iva81-de","13":"first","14":"instock","15":"shipping-taxable","16":"purchasable","17":"product-type-variable"},"_links":{"self":[{"href":"https:\/\/lucacastelli.com\/de\/wp-json\/wp\/v2\/product\/605594","targetHints":{"allow":["GET"]}}],"collection":[{"href":"https:\/\/lucacastelli.com\/de\/wp-json\/wp\/v2\/product"}],"about":[{"href":"https:\/\/lucacastelli.com\/de\/wp-json\/wp\/v2\/types\/product"}],"wp:featuredmedia":[{"embeddable":true,"href":"https:\/\/lucacastelli.com\/de\/wp-json\/wp\/v2\/media\/577064"}],"wp:attachment":[{"href":"https:\/\/lucacastelli.com\/de\/wp-json\/wp\/v2\/media?parent=605594"}],"wp:term":[{"taxonomy":"product_brand","embeddable":true,"href":"https:\/\/lucacastelli.com\/de\/wp-json\/wp\/v2\/product_brand?post=605594"},{"taxonomy":"product_cat","embeddable":true,"href":"https:\/\/lucacastelli.com\/de\/wp-json\/wp\/v2\/product_cat?post=605594"},{"taxonomy":"product_tag","embeddable":true,"href":"https:\/\/lucacastelli.com\/de\/wp-json\/wp\/v2\/product_tag?post=605594"}],"curies":[{"name":"wp","href":"https:\/\/api.w.org\/{rel}","templated":true}]}}