{"id":605577,"date":"2025-08-12T18:23:11","date_gmt":"2025-08-12T16:23:11","guid":{"rendered":"https:\/\/lucacastelli.com\/prodotto\/milwaukee-workskin-langarm-arbeitshemd-gelb\/"},"modified":"2025-08-12T18:23:11","modified_gmt":"2025-08-12T16:23:11","slug":"milwaukee-workskin-langarm-arbeitshemd-gelb","status":"publish","type":"product","link":"https:\/\/lucacastelli.com\/de\/produkt\/milwaukee-workskin-langarm-arbeitshemd-gelb\/","title":{"rendered":"MILWAUKEE WORKSKIN LANGARM-ARBEITSHEMD &#8211; GELB"},"content":{"rendered":"<p>WWLSG-XXL_Bekleidung<br \/>\nCOOLCORE\u00ae-Gewebe verwenden eine Dreifaden-Konstruktion, die Feuchtigkeit entweichen l\u00e4sst und das Kleidungsst\u00fcck so bis zu 30 % k\u00fchler h\u00e4lt;Atmungsaktive Bereiche am R\u00fccken und unter den Armen f\u00fcr schnelles Trocknen;Atmungsaktives, chemiefreies Gewebe; filtert ultraviolette Strahlung; strapazierf\u00e4higes Material; unterer Saum f\u00fcr maximale Abdeckung; nahtlose Schultern f\u00fcr maximale Bewegungsfreiheit und Komfort; 100% Polyester<\/p>\n<p>4933478192<br \/>\n4058546341251<\/p>\n","protected":false},"excerpt":{"rendered":"<p>WWLSG-XXL_Bekleidung COOLCORE\u00ae-Gewebe verwenden eine Dreifaden-Konstruktion, die Feuchtigkeit entweichen l\u00e4sst und das Kleidungsst\u00fcck so bis zu 30 % k\u00fchler h\u00e4lt;Atmungsaktive Bereiche<\/p>\n","protected":false},"featured_media":604493,"template":"","meta":{"_seopress_robots_primary_cat":"","_seopress_titles_title":"","_seopress_titles_desc":"","_seopress_robots_index":""},"product_brand":[3407],"product_cat":[21,284],"product_tag":[],"class_list":{"0":"post-605577","1":"product","2":"type-product","3":"status-publish","4":"has-post-thumbnail","6":"product_brand-milwaukee","7":"product_cat-abbigliamento","8":"product_cat-abbigliamento-da-lavoro","9":"sws-gruppo-abb-libero-de","10":"sws-conto-ricavi-merci-rivendita-abbigliamento-de","11":"sws-gruppo-iva-iva81-de","13":"first","14":"instock","15":"shipping-taxable","16":"purchasable","17":"product-type-variable","18":"has-default-attributes"},"_links":{"self":[{"href":"https:\/\/lucacastelli.com\/de\/wp-json\/wp\/v2\/product\/605577","targetHints":{"allow":["GET"]}}],"collection":[{"href":"https:\/\/lucacastelli.com\/de\/wp-json\/wp\/v2\/product"}],"about":[{"href":"https:\/\/lucacastelli.com\/de\/wp-json\/wp\/v2\/types\/product"}],"wp:featuredmedia":[{"embeddable":true,"href":"https:\/\/lucacastelli.com\/de\/wp-json\/wp\/v2\/media\/604493"}],"wp:attachment":[{"href":"https:\/\/lucacastelli.com\/de\/wp-json\/wp\/v2\/media?parent=605577"}],"wp:term":[{"taxonomy":"product_brand","embeddable":true,"href":"https:\/\/lucacastelli.com\/de\/wp-json\/wp\/v2\/product_brand?post=605577"},{"taxonomy":"product_cat","embeddable":true,"href":"https:\/\/lucacastelli.com\/de\/wp-json\/wp\/v2\/product_cat?post=605577"},{"taxonomy":"product_tag","embeddable":true,"href":"https:\/\/lucacastelli.com\/de\/wp-json\/wp\/v2\/product_tag?post=605577"}],"curies":[{"name":"wp","href":"https:\/\/api.w.org\/{rel}","templated":true}]}}