{"id":605556,"date":"2025-08-12T18:18:45","date_gmt":"2025-08-12T16:18:45","guid":{"rendered":"https:\/\/lucacastelli.com\/prodotto\/milwaukee-softshell-mit-freeflex-kapuze-schwarz\/"},"modified":"2025-08-12T18:18:45","modified_gmt":"2025-08-12T16:18:45","slug":"milwaukee-softshell-mit-freeflex-kapuze-schwarz","status":"publish","type":"product","link":"https:\/\/lucacastelli.com\/de\/produkt\/milwaukee-softshell-mit-freeflex-kapuze-schwarz\/","title":{"rendered":"Milwaukee Softshell mit FREEFLEX\u2122 Kapuze Schwarz"},"content":{"rendered":"<p>Freeflex Softshell Kapuzenjacke Blk XXL<br \/>\nFREEFLEX\u2122 Mobilit\u00e4t Entwickelt, um sich bei der Arbeit frei zu bewegen, mit einem Zwei-Wege-Stretchgewebe f\u00fcr vollst\u00e4ndige Bewegungsfreiheit bei Arbeiten \u00fcber Kopfh\u00f6he;Wind- und wasserabweisende Materialien: Entwickelt zum Schutz vor Wetterumschw\u00fcngen auf der Baustelle;Geb\u00fcrstetes Fleece-Futter: Bietet die n\u00f6tige W\u00e4rme f\u00fcr die Arbeit am fr\u00fchen Morgen, ohne dich zu beschweren;Versteckte Kordelz\u00fcge: St\u00f6ren nicht beim Schneiden;Verst\u00e4rktes 3-Taschen-Design mit Doppeln\u00e4hten: Erm\u00f6glicht das Verstauen von zus\u00e4tzlichem Werkzeug und erh\u00f6ht die Funktionalit\u00e4t;Strapazierf\u00e4hige Rippstrickb\u00e4nder: Bequeme elastische B\u00e4nder sch\u00fctzen vor Wind und k\u00f6nnen auch ohne Handschuhe getragen werden.<\/p>\n<p>4932498275<br \/>\n4058546521448<\/p>\n","protected":false},"excerpt":{"rendered":"<p>Freeflex Softshell Kapuzenjacke Blk XXL FREEFLEX\u2122 Mobilit\u00e4t Entwickelt, um sich bei der Arbeit frei zu bewegen, mit einem Zwei-Wege-Stretchgewebe f\u00fcr<\/p>\n","protected":false},"featured_media":604489,"template":"","meta":{"_seopress_robots_primary_cat":"none","_seopress_titles_title":"","_seopress_titles_desc":"","_seopress_robots_index":""},"product_brand":[3407],"product_cat":[21,284],"product_tag":[],"class_list":{"0":"post-605556","1":"product","2":"type-product","3":"status-publish","4":"has-post-thumbnail","6":"product_brand-milwaukee","7":"product_cat-abbigliamento","8":"product_cat-abbigliamento-da-lavoro","9":"sws-gruppo-abb-libero-de","10":"sws-conto-ricavi-merci-rivendita-abbigliamento-de","11":"sws-gruppo-iva-iva81-de","13":"first","14":"instock","15":"shipping-taxable","16":"purchasable","17":"product-type-variable","18":"has-default-attributes"},"_links":{"self":[{"href":"https:\/\/lucacastelli.com\/de\/wp-json\/wp\/v2\/product\/605556","targetHints":{"allow":["GET"]}}],"collection":[{"href":"https:\/\/lucacastelli.com\/de\/wp-json\/wp\/v2\/product"}],"about":[{"href":"https:\/\/lucacastelli.com\/de\/wp-json\/wp\/v2\/types\/product"}],"wp:featuredmedia":[{"embeddable":true,"href":"https:\/\/lucacastelli.com\/de\/wp-json\/wp\/v2\/media\/604489"}],"wp:attachment":[{"href":"https:\/\/lucacastelli.com\/de\/wp-json\/wp\/v2\/media?parent=605556"}],"wp:term":[{"taxonomy":"product_brand","embeddable":true,"href":"https:\/\/lucacastelli.com\/de\/wp-json\/wp\/v2\/product_brand?post=605556"},{"taxonomy":"product_cat","embeddable":true,"href":"https:\/\/lucacastelli.com\/de\/wp-json\/wp\/v2\/product_cat?post=605556"},{"taxonomy":"product_tag","embeddable":true,"href":"https:\/\/lucacastelli.com\/de\/wp-json\/wp\/v2\/product_tag?post=605556"}],"curies":[{"name":"wp","href":"https:\/\/api.w.org\/{rel}","templated":true}]}}