{"id":605545,"date":"2025-08-12T18:30:52","date_gmt":"2025-08-12T16:30:52","guid":{"rendered":"https:\/\/lucacastelli.com\/prodotto\/milwaukee-schnittfeste-handschuhe\/"},"modified":"2025-08-12T18:30:52","modified_gmt":"2025-08-12T16:30:52","slug":"milwaukee-schnittfeste-handschuhe","status":"publish","type":"product","link":"https:\/\/lucacastelli.com\/de\/produkt\/milwaukee-schnittfeste-handschuhe\/","title":{"rendered":"Milwaukee Schnittfeste Handschuhe"},"content":{"rendered":"<p>HANDSCHUHE PRO CAT. GR\u00d6SSE D &#8211; 10\/XL &#8211; 1 Paar<br \/>\nSchaumstoffpolsterung auf der Handfl\u00e4che sorgt f\u00fcr zus\u00e4tzlichen Komfort;18 Nadelgarnfeinheit f\u00fcr verbesserte Handgeschicklichkeit;Kn\u00f6chelschutz: TPR-Polsterung bietet Kn\u00f6chelschutz;Verst\u00e4rkte Nitrilbeschichtung zwischen Daumen und Fingern und erh\u00f6hte Durchstichfestigkeit f\u00fcr Langlebigkeit;SMARTSWIPE\u2122 auf Handfl\u00e4che und Fingerspitzen: erm\u00f6glicht die Bedienung von Touchscreen-Ger\u00e4ten, ohne die Handschuhe ausziehen zu m\u00fcssen;Europ\u00e4ische Zertifizierung f\u00fcr Schnittschutz: EN ISO 21420. EN388:2016 (4X42D), EN 407 (X1XXXX)  <\/p>\n<p>4932498504<br \/>\n4058546523732<\/p>\n","protected":false},"excerpt":{"rendered":"<p>HANDSCHUHE PRO CAT. GR\u00d6SSE D &#8211; 10\/XL &#8211; 1 Paar Schaumstoffpolsterung auf der Handfl\u00e4che sorgt f\u00fcr zus\u00e4tzlichen Komfort;18 Nadelgarnfeinheit f\u00fcr<\/p>\n","protected":false},"featured_media":589521,"template":"","meta":{"_seopress_robots_primary_cat":"","_seopress_titles_title":"","_seopress_titles_desc":"","_seopress_robots_index":""},"product_brand":[3407],"product_cat":[21,284],"product_tag":[],"class_list":{"0":"post-605545","1":"product","2":"type-product","3":"status-publish","4":"has-post-thumbnail","6":"product_brand-milwaukee","7":"product_cat-abbigliamento","8":"product_cat-abbigliamento-da-lavoro","9":"sws-gruppo-abb-libero-de","10":"sws-conto-ricavi-merci-rivendita-abbigliamento-de","11":"sws-gruppo-iva-iva81-de","13":"first","14":"instock","15":"shipping-taxable","16":"purchasable","17":"product-type-variable"},"_links":{"self":[{"href":"https:\/\/lucacastelli.com\/de\/wp-json\/wp\/v2\/product\/605545","targetHints":{"allow":["GET"]}}],"collection":[{"href":"https:\/\/lucacastelli.com\/de\/wp-json\/wp\/v2\/product"}],"about":[{"href":"https:\/\/lucacastelli.com\/de\/wp-json\/wp\/v2\/types\/product"}],"wp:featuredmedia":[{"embeddable":true,"href":"https:\/\/lucacastelli.com\/de\/wp-json\/wp\/v2\/media\/589521"}],"wp:attachment":[{"href":"https:\/\/lucacastelli.com\/de\/wp-json\/wp\/v2\/media?parent=605545"}],"wp:term":[{"taxonomy":"product_brand","embeddable":true,"href":"https:\/\/lucacastelli.com\/de\/wp-json\/wp\/v2\/product_brand?post=605545"},{"taxonomy":"product_cat","embeddable":true,"href":"https:\/\/lucacastelli.com\/de\/wp-json\/wp\/v2\/product_cat?post=605545"},{"taxonomy":"product_tag","embeddable":true,"href":"https:\/\/lucacastelli.com\/de\/wp-json\/wp\/v2\/product_tag?post=605545"}],"curies":[{"name":"wp","href":"https:\/\/api.w.org\/{rel}","templated":true}]}}