{"id":605532,"date":"2025-08-12T18:37:08","date_gmt":"2025-08-12T16:37:08","guid":{"rendered":"https:\/\/lucacastelli.com\/prodotto\/milwaukee-nitrilbeschichtete-handschuhe-kat-schnitt-d\/"},"modified":"2025-08-12T18:37:08","modified_gmt":"2025-08-12T16:37:08","slug":"milwaukee-nitrilbeschichtete-handschuhe-kat-schnitt-d","status":"publish","type":"product","link":"https:\/\/lucacastelli.com\/de\/produkt\/milwaukee-nitrilbeschichtete-handschuhe-kat-schnitt-d\/","title":{"rendered":"Milwaukee Nitrilbeschichtete Handschuhe Kat. Schnitt D"},"content":{"rendered":"<p>CUT LEVEL 4\/D GLOVES XXL\/11 GLOVES 1PC<br \/>\nHervorragende Griffigkeit, das Nitrilmaterial schneidet bei \u00f6ligen Oberfl\u00e4chen oder nassen Materialien besser ab als andere Materialien;Nitrilverst\u00e4rkung zwischen Daumen und Zeigefinger an der Stelle des gr\u00f6\u00dften Verschlei\u00dfes und \u00fcberlegene Durchstichfestigkeit f\u00fcr erh\u00f6hte Haltbarkeit;Entwickelt f\u00fcr maximalen Komfort dank des hoch atmungsaktiven Futters;SMARTSWIPE\u2122 Handfl\u00e4che und Fingerspitzen erm\u00f6glichen die Nutzung von Touchscreen-Ger\u00e4ten, ohne die Handschuhe ausziehen zu m\u00fcssen;Europ\u00e4ische Zertifizierung f\u00fcr mechanischen Schutz: EN ISO 21420, EN388:2016 (4X43D)<\/p>\n<p>4932479915<br \/>\n4058546377090<\/p>\n","protected":false},"excerpt":{"rendered":"<p>CUT LEVEL 4\/D GLOVES XXL\/11 GLOVES 1PC Hervorragende Griffigkeit, das Nitrilmaterial schneidet bei \u00f6ligen Oberfl\u00e4chen oder nassen Materialien besser ab<\/p>\n","protected":false},"featured_media":604512,"template":"","meta":{"_seopress_robots_primary_cat":"","_seopress_titles_title":"","_seopress_titles_desc":"","_seopress_robots_index":""},"product_brand":[3656],"product_cat":[1382,82],"product_tag":[],"class_list":{"0":"post-605532","1":"product","2":"type-product","3":"status-publish","4":"has-post-thumbnail","6":"product_brand-milwaukee-de","7":"product_cat-arbeitskleidung","8":"product_cat-kleidung","9":"sws-gruppo-abb-libero-de","10":"sws-conto-ricavi-merci-rivendita-abbigliamento-de","11":"sws-gruppo-iva-iva81-de","13":"first","14":"instock","15":"shipping-taxable","16":"purchasable","17":"product-type-variable"},"_links":{"self":[{"href":"https:\/\/lucacastelli.com\/de\/wp-json\/wp\/v2\/product\/605532","targetHints":{"allow":["GET"]}}],"collection":[{"href":"https:\/\/lucacastelli.com\/de\/wp-json\/wp\/v2\/product"}],"about":[{"href":"https:\/\/lucacastelli.com\/de\/wp-json\/wp\/v2\/types\/product"}],"wp:featuredmedia":[{"embeddable":true,"href":"https:\/\/lucacastelli.com\/de\/wp-json\/wp\/v2\/media\/604512"}],"wp:attachment":[{"href":"https:\/\/lucacastelli.com\/de\/wp-json\/wp\/v2\/media?parent=605532"}],"wp:term":[{"taxonomy":"product_brand","embeddable":true,"href":"https:\/\/lucacastelli.com\/de\/wp-json\/wp\/v2\/product_brand?post=605532"},{"taxonomy":"product_cat","embeddable":true,"href":"https:\/\/lucacastelli.com\/de\/wp-json\/wp\/v2\/product_cat?post=605532"},{"taxonomy":"product_tag","embeddable":true,"href":"https:\/\/lucacastelli.com\/de\/wp-json\/wp\/v2\/product_tag?post=605532"}],"curies":[{"name":"wp","href":"https:\/\/api.w.org\/{rel}","templated":true}]}}