{"id":605473,"date":"2025-07-17T19:43:14","date_gmt":"2025-07-17T17:43:14","guid":{"rendered":"https:\/\/lucacastelli.com\/prodotto\/milwaukee-wasserwaage-compact-serie-3\/"},"modified":"2025-07-17T19:43:14","modified_gmt":"2025-07-17T17:43:14","slug":"milwaukee-wasserwaage-compact-serie-3","status":"publish","type":"product","link":"https:\/\/lucacastelli.com\/de\/produkt\/milwaukee-wasserwaage-compact-serie-3\/","title":{"rendered":"Milwaukee Wasserwaage &#8211; COMPACT Serie"},"content":{"rendered":"<p>SHARPSITE\u2122-Libellentechnologie verbessert die Ablesbarkeit; kompaktes und robustes Geh\u00e4use; gefr\u00e4ste Oberfl\u00e4che f\u00fcr maximale Messgenauigkeit; kontrastreicher, leicht zu reinigender Libellenbereich f\u00fcr bessere Sichtbarkeit; Genauigkeit von 0,029\u00b0 (0,0005 Zoll\/in, 0,5 mm\/m) in Standardposition; Endkappen aus Gummi zur Sto\u00dfd\u00e4mpfung<\/p>\n","protected":false},"excerpt":{"rendered":"<p>SHARPSITE\u2122-Libellentechnologie verbessert die Ablesbarkeit; kompaktes und robustes Geh\u00e4use; gefr\u00e4ste Oberfl\u00e4che f\u00fcr maximale Messgenauigkeit; kontrastreicher, leicht zu reinigender Libellenbereich f\u00fcr bessere<\/p>\n","protected":false},"featured_media":498728,"template":"","meta":{"_seopress_robots_primary_cat":"","_seopress_titles_title":"","_seopress_titles_desc":"","_seopress_robots_index":""},"product_brand":[3656],"product_cat":[169,1470],"product_tag":[3272],"class_list":{"0":"post-605473","1":"product","2":"type-product","3":"status-publish","4":"has-post-thumbnail","6":"product_brand-milwaukee-de","7":"product_cat-maschinen","8":"product_cat-messgerate","9":"product_tag-import-milwau-de","10":"sws-gruppo-macchinari-de","11":"sws-conto-ricavi-merci-rivendita-macchinari-de","12":"sws-gruppo-iva-iva81-de","14":"first","15":"onbackorder","16":"sale","17":"shipping-taxable","18":"purchasable","19":"product-type-simple"},"_links":{"self":[{"href":"https:\/\/lucacastelli.com\/de\/wp-json\/wp\/v2\/product\/605473","targetHints":{"allow":["GET"]}}],"collection":[{"href":"https:\/\/lucacastelli.com\/de\/wp-json\/wp\/v2\/product"}],"about":[{"href":"https:\/\/lucacastelli.com\/de\/wp-json\/wp\/v2\/types\/product"}],"wp:featuredmedia":[{"embeddable":true,"href":"https:\/\/lucacastelli.com\/de\/wp-json\/wp\/v2\/media\/498728"}],"wp:attachment":[{"href":"https:\/\/lucacastelli.com\/de\/wp-json\/wp\/v2\/media?parent=605473"}],"wp:term":[{"taxonomy":"product_brand","embeddable":true,"href":"https:\/\/lucacastelli.com\/de\/wp-json\/wp\/v2\/product_brand?post=605473"},{"taxonomy":"product_cat","embeddable":true,"href":"https:\/\/lucacastelli.com\/de\/wp-json\/wp\/v2\/product_cat?post=605473"},{"taxonomy":"product_tag","embeddable":true,"href":"https:\/\/lucacastelli.com\/de\/wp-json\/wp\/v2\/product_tag?post=605473"}],"curies":[{"name":"wp","href":"https:\/\/api.w.org\/{rel}","templated":true}]}}