{"id":605454,"date":"2025-07-17T19:43:05","date_gmt":"2025-07-17T17:43:05","guid":{"rendered":"https:\/\/lucacastelli.com\/prodotto\/milwaukee-wasserwaage-slim-serie-2\/"},"modified":"2025-07-17T19:43:05","modified_gmt":"2025-07-17T17:43:05","slug":"milwaukee-wasserwaage-slim-serie-2","status":"publish","type":"product","link":"https:\/\/lucacastelli.com\/de\/produkt\/milwaukee-wasserwaage-slim-serie-2\/","title":{"rendered":"Milwaukee Wasserwaage &#8211; SLIM Serie"},"content":{"rendered":"<p>2 Acryl-Libellen, f\u00fcr maximale Sto\u00df- und UV-Best\u00e4ndigkeit;Gefr\u00e4ste Oberfl\u00e4che bis zu 120cm garantiert maximale Genauigkeit;Sto\u00dffeste Gummistopper;Rutschfester Griff verhindert das Abrutschen der Wasserwaage w\u00e4hrend der Messung;Robustes Loch zur einfachen Aufbewahrung;Unabh\u00e4ngig zertifizierter Genauigkeitsgrad (VPA);Genauigkeit 0,029\u00b0( 0,0005Zoll\/in, 0,5mm\/M) in Standardposition<\/p>\n","protected":false},"excerpt":{"rendered":"<p>2 Acryl-Libellen, f\u00fcr maximale Sto\u00df- und UV-Best\u00e4ndigkeit;Gefr\u00e4ste Oberfl\u00e4che bis zu 120cm garantiert maximale Genauigkeit;Sto\u00dffeste Gummistopper;Rutschfester Griff verhindert das Abrutschen der<\/p>\n","protected":false},"featured_media":498759,"template":"","meta":{"_seopress_robots_primary_cat":"","_seopress_titles_title":"","_seopress_titles_desc":"","_seopress_robots_index":""},"product_brand":[3407],"product_cat":[29,551],"product_tag":[3270],"class_list":{"0":"post-605454","1":"product","2":"type-product","3":"status-publish","4":"has-post-thumbnail","6":"product_brand-milwaukee","7":"product_cat-macchinari","8":"product_cat-apparecchi-di-misurazione","9":"product_tag-import-milwau","10":"sws-gruppo-macchinari-de","11":"sws-conto-ricavi-merci-rivendita-macchinari-de","12":"sws-gruppo-iva-iva81-de","14":"first","15":"onbackorder","16":"sale","17":"shipping-taxable","18":"purchasable","19":"product-type-simple"},"_links":{"self":[{"href":"https:\/\/lucacastelli.com\/de\/wp-json\/wp\/v2\/product\/605454","targetHints":{"allow":["GET"]}}],"collection":[{"href":"https:\/\/lucacastelli.com\/de\/wp-json\/wp\/v2\/product"}],"about":[{"href":"https:\/\/lucacastelli.com\/de\/wp-json\/wp\/v2\/types\/product"}],"wp:featuredmedia":[{"embeddable":true,"href":"https:\/\/lucacastelli.com\/de\/wp-json\/wp\/v2\/media\/498759"}],"wp:attachment":[{"href":"https:\/\/lucacastelli.com\/de\/wp-json\/wp\/v2\/media?parent=605454"}],"wp:term":[{"taxonomy":"product_brand","embeddable":true,"href":"https:\/\/lucacastelli.com\/de\/wp-json\/wp\/v2\/product_brand?post=605454"},{"taxonomy":"product_cat","embeddable":true,"href":"https:\/\/lucacastelli.com\/de\/wp-json\/wp\/v2\/product_cat?post=605454"},{"taxonomy":"product_tag","embeddable":true,"href":"https:\/\/lucacastelli.com\/de\/wp-json\/wp\/v2\/product_tag?post=605454"}],"curies":[{"name":"wp","href":"https:\/\/api.w.org\/{rel}","templated":true}]}}